{"id":730963,"date":"2025-03-03T16:09:49","date_gmt":"2025-03-03T15:09:49","guid":{"rendered":"https:\/\/stoic-curie.212-227-153-4.plesk.page\/producto\/pompe-de-cale-manuelle-universelle-johnson-viking\/"},"modified":"2026-02-24T23:08:43","modified_gmt":"2026-02-24T23:08:43","slug":"pompe-de-cale-manuelle-universelle-johnson-viking","status":"publish","type":"product","link":"https:\/\/stoic-curie.212-227-153-4.plesk.page\/fr\/product\/pompe-de-cale-manuelle-universelle-johnson-viking\/","title":{"rendered":"Pompe de cale manuelle universelle Johnson Viking"},"content":{"rendered":"<p>Pompe de cale manuelle universelle Johnson Viking &#8211; <\/p>\n<p>Pompe de cale robuste, auto-amor\u00e7ante et manuelle, adapt\u00e9e \u00e0 presque tous les types d&#8217;installation. Le support de montage permet un montage vertical ou horizontal. Avec le kit optionnel de passage de pont, la pompe peut \u00eatre install\u00e9e derri\u00e8re des cloisons ou sous le pont.<\/p>\n","protected":false},"excerpt":{"rendered":"<p>Pompe de cale manuelle universelle Johnson Viking &#8211; Pompe de cale robuste, auto-amor\u00e7ante et manuelle, adapt\u00e9e \u00e0 presque tous les<\/p>\n","protected":false},"featured_media":5946357,"comment_status":"open","ping_status":"closed","template":"","meta":[],"product_brand":[3044],"product_cat":[1080],"product_tag":[],"class_list":{"0":"post-730963","1":"product","2":"type-product","3":"status-publish","4":"has-post-thumbnail","6":"product_brand-johnson-marine-fr","7":"product_cat-pompes-de-cale-manuelle","9":"first","10":"instock","11":"shipping-taxable","12":"purchasable","13":"product-type-simple"},"_links":{"self":[{"href":"https:\/\/stoic-curie.212-227-153-4.plesk.page\/fr\/wp-json\/wp\/v2\/product\/730963","targetHints":{"allow":["GET"]}}],"collection":[{"href":"https:\/\/stoic-curie.212-227-153-4.plesk.page\/fr\/wp-json\/wp\/v2\/product"}],"about":[{"href":"https:\/\/stoic-curie.212-227-153-4.plesk.page\/fr\/wp-json\/wp\/v2\/types\/product"}],"replies":[{"embeddable":true,"href":"https:\/\/stoic-curie.212-227-153-4.plesk.page\/fr\/wp-json\/wp\/v2\/comments?post=730963"}],"version-history":[{"count":0,"href":"https:\/\/stoic-curie.212-227-153-4.plesk.page\/fr\/wp-json\/wp\/v2\/product\/730963\/revisions"}],"wp:featuredmedia":[{"embeddable":true,"href":"https:\/\/stoic-curie.212-227-153-4.plesk.page\/fr\/wp-json\/wp\/v2\/media\/5946357"}],"wp:attachment":[{"href":"https:\/\/stoic-curie.212-227-153-4.plesk.page\/fr\/wp-json\/wp\/v2\/media?parent=730963"}],"wp:term":[{"taxonomy":"product_brand","embeddable":true,"href":"https:\/\/stoic-curie.212-227-153-4.plesk.page\/fr\/wp-json\/wp\/v2\/product_brand?post=730963"},{"taxonomy":"product_cat","embeddable":true,"href":"https:\/\/stoic-curie.212-227-153-4.plesk.page\/fr\/wp-json\/wp\/v2\/product_cat?post=730963"},{"taxonomy":"product_tag","embeddable":true,"href":"https:\/\/stoic-curie.212-227-153-4.plesk.page\/fr\/wp-json\/wp\/v2\/product_tag?post=730963"}],"curies":[{"name":"wp","href":"https:\/\/api.w.org\/{rel}","templated":true}]}}