{"id":730977,"date":"2025-03-03T16:09:51","date_gmt":"2025-03-03T15:09:51","guid":{"rendered":"https:\/\/stoic-curie.212-227-153-4.plesk.page\/producto\/pompe-johnson-aquajet-2-4-24-v\/"},"modified":"2026-02-24T23:08:43","modified_gmt":"2026-02-24T23:08:43","slug":"pompe-johnson-aquajet-2-4-24-v","status":"publish","type":"product","link":"https:\/\/stoic-curie.212-227-153-4.plesk.page\/fr\/product\/pompe-johnson-aquajet-2-4-24-v\/","title":{"rendered":"Pompe Johnson AquaJet 2.4, 24\u00a0V"},"content":{"rendered":"<p>Pompe Johnson AquaJet 2.4, 24\u00a0V &#8211; <\/p>\n<p>Pompes \u00e0 pression d&#8217;eau douce Johnson Aqua Jet pour \u00e9viers et douches, de 1 \u00e0 3 utilisations. Silencieuses et fiables, elles assurent des ann\u00e9es de service.<\/p>\n","protected":false},"excerpt":{"rendered":"<p>Pompe Johnson AquaJet 2.4, 24\u00a0V &#8211; Pompes \u00e0 pression d&#8217;eau douce Johnson Aqua Jet pour \u00e9viers et douches, de 1<\/p>\n","protected":false},"featured_media":5939053,"comment_status":"open","ping_status":"closed","template":"","meta":[],"product_brand":[3044],"product_cat":[1086],"product_tag":[],"class_list":{"0":"post-730977","1":"product","2":"type-product","3":"status-publish","4":"has-post-thumbnail","6":"product_brand-johnson-marine-fr","7":"product_cat-pompes-a-pression-deau","9":"first","10":"instock","11":"shipping-taxable","12":"purchasable","13":"product-type-simple"},"_links":{"self":[{"href":"https:\/\/stoic-curie.212-227-153-4.plesk.page\/fr\/wp-json\/wp\/v2\/product\/730977","targetHints":{"allow":["GET"]}}],"collection":[{"href":"https:\/\/stoic-curie.212-227-153-4.plesk.page\/fr\/wp-json\/wp\/v2\/product"}],"about":[{"href":"https:\/\/stoic-curie.212-227-153-4.plesk.page\/fr\/wp-json\/wp\/v2\/types\/product"}],"replies":[{"embeddable":true,"href":"https:\/\/stoic-curie.212-227-153-4.plesk.page\/fr\/wp-json\/wp\/v2\/comments?post=730977"}],"version-history":[{"count":0,"href":"https:\/\/stoic-curie.212-227-153-4.plesk.page\/fr\/wp-json\/wp\/v2\/product\/730977\/revisions"}],"wp:featuredmedia":[{"embeddable":true,"href":"https:\/\/stoic-curie.212-227-153-4.plesk.page\/fr\/wp-json\/wp\/v2\/media\/5939053"}],"wp:attachment":[{"href":"https:\/\/stoic-curie.212-227-153-4.plesk.page\/fr\/wp-json\/wp\/v2\/media?parent=730977"}],"wp:term":[{"taxonomy":"product_brand","embeddable":true,"href":"https:\/\/stoic-curie.212-227-153-4.plesk.page\/fr\/wp-json\/wp\/v2\/product_brand?post=730977"},{"taxonomy":"product_cat","embeddable":true,"href":"https:\/\/stoic-curie.212-227-153-4.plesk.page\/fr\/wp-json\/wp\/v2\/product_cat?post=730977"},{"taxonomy":"product_tag","embeddable":true,"href":"https:\/\/stoic-curie.212-227-153-4.plesk.page\/fr\/wp-json\/wp\/v2\/product_tag?post=730977"}],"curies":[{"name":"wp","href":"https:\/\/api.w.org\/{rel}","templated":true}]}}