{"id":730981,"date":"2025-03-03T16:09:52","date_gmt":"2025-03-03T15:09:52","guid":{"rendered":"https:\/\/stoic-curie.212-227-153-4.plesk.page\/producto\/combine-en-inox-rechaud-a-gaz-et-evier-445-x-600-x-h-1385-mm\/"},"modified":"2026-02-24T23:08:43","modified_gmt":"2026-02-24T23:08:43","slug":"combine-en-inox-rechaud-a-gaz-et-evier-445-x-600-x-h-1385-mm","status":"publish","type":"product","link":"https:\/\/stoic-curie.212-227-153-4.plesk.page\/fr\/product\/combine-en-inox-rechaud-a-gaz-et-evier-445-x-600-x-h-1385-mm\/","title":{"rendered":"Combin\u00e9 en inox r\u00e9chaud \u00e0 gaz et \u00e9vier, 445\u00a0x\u00a0600\u00a0x\u00a0H\u00a0138,5\u00a0mm"},"content":{"rendered":"<p>Combin\u00e9 en inox r\u00e9chaud \u00e0 gaz et \u00e9vier, 445\u00a0x\u00a0600\u00a0x\u00a0H\u00a0138,5\u00a0mm &#8211; <\/p>\n<p>\u00c9vier compact en acier inoxydable satin\u00e9 avec couvercle en verre, thermocouples de s\u00e9curit\u00e9 et raccords de drainage.<\/p>\n","protected":false},"excerpt":{"rendered":"<p>Combin\u00e9 en inox r\u00e9chaud \u00e0 gaz et \u00e9vier, 445\u00a0x\u00a0600\u00a0x\u00a0H\u00a0138,5\u00a0mm &#8211; \u00c9vier compact en acier inoxydable satin\u00e9 avec couvercle en verre,<\/p>\n","protected":false},"featured_media":5946406,"comment_status":"open","ping_status":"closed","template":"","meta":[],"product_brand":[3489],"product_cat":[1067,1089],"product_tag":[],"class_list":{"0":"post-730981","1":"product","2":"type-product","3":"status-publish","4":"has-post-thumbnail","6":"product_brand-trem-fr","7":"product_cat-cuissons","8":"product_cat-eviers","10":"first","11":"instock","12":"shipping-taxable","13":"purchasable","14":"product-type-simple"},"_links":{"self":[{"href":"https:\/\/stoic-curie.212-227-153-4.plesk.page\/fr\/wp-json\/wp\/v2\/product\/730981","targetHints":{"allow":["GET"]}}],"collection":[{"href":"https:\/\/stoic-curie.212-227-153-4.plesk.page\/fr\/wp-json\/wp\/v2\/product"}],"about":[{"href":"https:\/\/stoic-curie.212-227-153-4.plesk.page\/fr\/wp-json\/wp\/v2\/types\/product"}],"replies":[{"embeddable":true,"href":"https:\/\/stoic-curie.212-227-153-4.plesk.page\/fr\/wp-json\/wp\/v2\/comments?post=730981"}],"version-history":[{"count":0,"href":"https:\/\/stoic-curie.212-227-153-4.plesk.page\/fr\/wp-json\/wp\/v2\/product\/730981\/revisions"}],"wp:featuredmedia":[{"embeddable":true,"href":"https:\/\/stoic-curie.212-227-153-4.plesk.page\/fr\/wp-json\/wp\/v2\/media\/5946406"}],"wp:attachment":[{"href":"https:\/\/stoic-curie.212-227-153-4.plesk.page\/fr\/wp-json\/wp\/v2\/media?parent=730981"}],"wp:term":[{"taxonomy":"product_brand","embeddable":true,"href":"https:\/\/stoic-curie.212-227-153-4.plesk.page\/fr\/wp-json\/wp\/v2\/product_brand?post=730981"},{"taxonomy":"product_cat","embeddable":true,"href":"https:\/\/stoic-curie.212-227-153-4.plesk.page\/fr\/wp-json\/wp\/v2\/product_cat?post=730981"},{"taxonomy":"product_tag","embeddable":true,"href":"https:\/\/stoic-curie.212-227-153-4.plesk.page\/fr\/wp-json\/wp\/v2\/product_tag?post=730981"}],"curies":[{"name":"wp","href":"https:\/\/api.w.org\/{rel}","templated":true}]}}