{"id":730993,"date":"2025-03-03T16:09:54","date_gmt":"2025-03-03T15:09:54","guid":{"rendered":"https:\/\/stoic-curie.212-227-153-4.plesk.page\/producto\/rouet-de-pompe-jabsco-18653-01\/"},"modified":"2026-02-24T23:08:44","modified_gmt":"2026-02-24T23:08:44","slug":"rouet-de-pompe-jabsco-18653-01","status":"publish","type":"product","link":"https:\/\/stoic-curie.212-227-153-4.plesk.page\/fr\/product\/rouet-de-pompe-jabsco-18653-01\/","title":{"rendered":"Rouet de pompe Jabsco 18653-01"},"content":{"rendered":"<p>Rouet de pompe Jabsco 18653-01 &#8211; <\/p>\n<p>Impeller authentique Jabsco pour pompes de refroidissement moteur et syst\u00e8mes d&#8217;eau. N\u00e9opr\u00e8ne : pour eau douce et sal\u00e9e Nitrile : pour cales, huiles et d\u00e9riv\u00e9s <\/p>\n","protected":false},"excerpt":{"rendered":"<p>Rouet de pompe Jabsco 18653-01 &#8211; Impeller authentique Jabsco pour pompes de refroidissement moteur et syst\u00e8mes d&#8217;eau. N\u00e9opr\u00e8ne : pour<\/p>\n","protected":false},"featured_media":5946410,"comment_status":"open","ping_status":"closed","template":"","meta":[],"product_brand":[3029],"product_cat":[1235],"product_tag":[],"class_list":{"0":"post-730993","1":"product","2":"type-product","3":"status-publish","4":"has-post-thumbnail","6":"product_brand-jabsco-marine-fr","7":"product_cat-pompes-de-refroidissement-du-moteur","9":"first","10":"instock","11":"shipping-taxable","12":"purchasable","13":"product-type-simple"},"_links":{"self":[{"href":"https:\/\/stoic-curie.212-227-153-4.plesk.page\/fr\/wp-json\/wp\/v2\/product\/730993","targetHints":{"allow":["GET"]}}],"collection":[{"href":"https:\/\/stoic-curie.212-227-153-4.plesk.page\/fr\/wp-json\/wp\/v2\/product"}],"about":[{"href":"https:\/\/stoic-curie.212-227-153-4.plesk.page\/fr\/wp-json\/wp\/v2\/types\/product"}],"replies":[{"embeddable":true,"href":"https:\/\/stoic-curie.212-227-153-4.plesk.page\/fr\/wp-json\/wp\/v2\/comments?post=730993"}],"version-history":[{"count":0,"href":"https:\/\/stoic-curie.212-227-153-4.plesk.page\/fr\/wp-json\/wp\/v2\/product\/730993\/revisions"}],"wp:featuredmedia":[{"embeddable":true,"href":"https:\/\/stoic-curie.212-227-153-4.plesk.page\/fr\/wp-json\/wp\/v2\/media\/5946410"}],"wp:attachment":[{"href":"https:\/\/stoic-curie.212-227-153-4.plesk.page\/fr\/wp-json\/wp\/v2\/media?parent=730993"}],"wp:term":[{"taxonomy":"product_brand","embeddable":true,"href":"https:\/\/stoic-curie.212-227-153-4.plesk.page\/fr\/wp-json\/wp\/v2\/product_brand?post=730993"},{"taxonomy":"product_cat","embeddable":true,"href":"https:\/\/stoic-curie.212-227-153-4.plesk.page\/fr\/wp-json\/wp\/v2\/product_cat?post=730993"},{"taxonomy":"product_tag","embeddable":true,"href":"https:\/\/stoic-curie.212-227-153-4.plesk.page\/fr\/wp-json\/wp\/v2\/product_tag?post=730993"}],"curies":[{"name":"wp","href":"https:\/\/api.w.org\/{rel}","templated":true}]}}