{"id":730995,"date":"2025-03-03T16:09:54","date_gmt":"2025-03-03T15:09:54","guid":{"rendered":"https:\/\/stoic-curie.212-227-153-4.plesk.page\/producto\/refrigerateur-en-inox-dometic-coolmatic-cd20\/"},"modified":"2026-02-24T23:08:44","modified_gmt":"2026-02-24T23:08:44","slug":"refrigerateur-en-inox-dometic-coolmatic-cd20","status":"publish","type":"product","link":"https:\/\/stoic-curie.212-227-153-4.plesk.page\/fr\/product\/refrigerateur-en-inox-dometic-coolmatic-cd20\/","title":{"rendered":"R\u00e9frig\u00e9rateur Dometic Coolmatic CD20S"},"content":{"rendered":"<p>R\u00e9frig\u00e9rateur Dometic Coolmatic CD20S &#8211; <\/p>\n<p>D\u00e9couvrez le r\u00e9frig\u00e9rateur tiroir Dometic CoolMatic CD 20S avec une \u00e9l\u00e9gante porte en argent. Si l&#8217;espace vous fait d\u00e9faut, ce r\u00e9frig\u00e9rateur compact de 20 litres vous permet de b\u00e9n\u00e9ficier d&#8217;un refroidissement efficace sans compromis. Il est \u00e9quip\u00e9 d&#8217;une unit\u00e9 de refroidissement externe 12\/24V pouvant \u00eatre plac\u00e9e jusqu&#8217;\u00e0 1,5 m\u00e8tre de distance et comprend un contr\u00f4le de temp\u00e9rature r\u00e9glable pour votre commodit\u00e9. Son design compact maximise efficacement les petits espaces.<\/p>\n<p>Caract\u00e9ristiques cl\u00e9s :<\/p>\n<ul>\n<li>Id\u00e9al pour les espaces r\u00e9duits gr\u00e2ce \u00e0 son design compact.<\/li>\n<li>Contr\u00f4le de temp\u00e9rature r\u00e9glable avec un thermostat \u00e0 variation continue pour une efficacit\u00e9 am\u00e9lior\u00e9e.<\/li>\n<li>Acc\u00e8s facile avec des tiroirs extensibles qui glissent en douceur sur des rails \u00e0 billes.<\/li>\n<li>M\u00e9canisme de d\u00e9verrouillage et d&#8217;ouverture simple pour une utilisation conviviale.<\/li>\n<li>Plage de temp\u00e9rature de +15 \u00b0C \u00e0 0 \u00b0C.<\/li>\n<li>L&#8217;unit\u00e9 de refroidissement peut \u00eatre install\u00e9e s\u00e9par\u00e9ment, offrant flexibilit\u00e9 d&#8217;emplacement.<\/li>\n<li>La porte en acier inoxydable allie \u00e9l\u00e9gance et durabilit\u00e9.<\/li>\n<\/ul>\n<p>Dimensions du produit :<\/p>\n<ul>\n<li>Profondeur : 564 mm<\/li>\n<li>Hauteur : 250 mm<\/li>\n<li>Largeur : 440 mm<\/li>\n<li>Poids net : 16,80 kg<\/li>\n<\/ul>\n<p>Ce r\u00e9frig\u00e9rateur est une solution parfaite pour ceux qui ont besoin d&#8217;une option de refroidissement fiable dans des espaces restreints.<\/p>\n","protected":false},"excerpt":{"rendered":"<p>R\u00e9frig\u00e9rateur Dometic Coolmatic CD20S &#8211; D\u00e9couvrez le r\u00e9frig\u00e9rateur tiroir Dometic CoolMatic CD 20S avec une \u00e9l\u00e9gante porte en argent. Si<\/p>\n","protected":false},"featured_media":5946411,"comment_status":"open","ping_status":"closed","template":"","meta":[],"product_brand":[2894],"product_cat":[1177],"product_tag":[],"class_list":{"0":"post-730995","1":"product","2":"type-product","3":"status-publish","4":"has-post-thumbnail","6":"product_brand-dometic-fr","7":"product_cat-refrigerateurs-et-congelateurs","9":"first","10":"instock","11":"shipping-taxable","12":"purchasable","13":"product-type-simple"},"_links":{"self":[{"href":"https:\/\/stoic-curie.212-227-153-4.plesk.page\/fr\/wp-json\/wp\/v2\/product\/730995","targetHints":{"allow":["GET"]}}],"collection":[{"href":"https:\/\/stoic-curie.212-227-153-4.plesk.page\/fr\/wp-json\/wp\/v2\/product"}],"about":[{"href":"https:\/\/stoic-curie.212-227-153-4.plesk.page\/fr\/wp-json\/wp\/v2\/types\/product"}],"replies":[{"embeddable":true,"href":"https:\/\/stoic-curie.212-227-153-4.plesk.page\/fr\/wp-json\/wp\/v2\/comments?post=730995"}],"version-history":[{"count":0,"href":"https:\/\/stoic-curie.212-227-153-4.plesk.page\/fr\/wp-json\/wp\/v2\/product\/730995\/revisions"}],"wp:featuredmedia":[{"embeddable":true,"href":"https:\/\/stoic-curie.212-227-153-4.plesk.page\/fr\/wp-json\/wp\/v2\/media\/5946411"}],"wp:attachment":[{"href":"https:\/\/stoic-curie.212-227-153-4.plesk.page\/fr\/wp-json\/wp\/v2\/media?parent=730995"}],"wp:term":[{"taxonomy":"product_brand","embeddable":true,"href":"https:\/\/stoic-curie.212-227-153-4.plesk.page\/fr\/wp-json\/wp\/v2\/product_brand?post=730995"},{"taxonomy":"product_cat","embeddable":true,"href":"https:\/\/stoic-curie.212-227-153-4.plesk.page\/fr\/wp-json\/wp\/v2\/product_cat?post=730995"},{"taxonomy":"product_tag","embeddable":true,"href":"https:\/\/stoic-curie.212-227-153-4.plesk.page\/fr\/wp-json\/wp\/v2\/product_tag?post=730995"}],"curies":[{"name":"wp","href":"https:\/\/api.w.org\/{rel}","templated":true}]}}