{"id":730997,"date":"2025-03-03T16:09:55","date_gmt":"2025-03-03T15:09:55","guid":{"rendered":"https:\/\/stoic-curie.212-227-153-4.plesk.page\/producto\/refrigerateur-en-inox-dometic-coolmatic-cd30\/"},"modified":"2026-02-24T23:08:44","modified_gmt":"2026-02-24T23:08:44","slug":"refrigerateur-en-inox-dometic-coolmatic-cd30","status":"publish","type":"product","link":"https:\/\/stoic-curie.212-227-153-4.plesk.page\/fr\/product\/refrigerateur-en-inox-dometic-coolmatic-cd30\/","title":{"rendered":"R\u00e9frig\u00e9rateur en inox Dometic Coolmatic CD30S"},"content":{"rendered":"<p>R\u00e9frig\u00e9rateur en inox Dometic Coolmatic CD30S &#8211; <\/p>\n<p style=\"color: rgb(34, 34, 34); font-family: Arial, Helvetica, sans-serif; font-size: small;\"><strong>R\u00e9frig\u00e9rateur \u00e0 Tiroir, 30 L, Fa\u00e7ade en Acier Inoxydable<\/strong><\/p>\n<p style=\"color: rgb(34, 34, 34); font-family: Arial, Helvetica, sans-serif; font-size: small;\">Le Dometic CoolMatic CD30S est un r\u00e9frig\u00e9rateur \u00e0 tiroir con\u00e7u pour offrir confort et efficacit\u00e9. Il dispose d&#8217;une unit\u00e9 de refroidissement externe 12\/24V pouvant \u00eatre plac\u00e9e jusqu&#8217;\u00e0 1,5 m\u00e8tre de distance, ainsi qu&#8217;un contr\u00f4le de temp\u00e9rature r\u00e9glable. Son design compact le rend parfait pour maximiser les petits espaces.<\/p>\n<p style=\"color: rgb(34, 34, 34); font-family: Arial, Helvetica, sans-serif; font-size: small;\">Ce r\u00e9frig\u00e9rateur offre une flexibilit\u00e9 avec ses r\u00e9glages de temp\u00e9rature ajustables et son unit\u00e9 de refroidissement d\u00e9tachable, vous permettant de l&#8217;adapter \u00e0 vos besoins. La conception astucieuse permet de positionner l&#8217;unit\u00e9 de refroidissement de chaque c\u00f4t\u00e9 du r\u00e9frig\u00e9rateur, assurant un ajustement harmonieux dans votre espace.<\/p>\n<p style=\"color: rgb(34, 34, 34); font-family: Arial, Helvetica, sans-serif; font-size: small;\"><strong>Caract\u00e9ristiques Cl\u00e9s :<\/strong><\/p>\n<ul style=\"color: rgb(34, 34, 34); font-family: Arial, Helvetica, sans-serif; font-size: small;\">\n<li>Design compact, plat et gain de place, id\u00e9al pour les zones \u00e9troites<\/li>\n<li>Facile \u00e0 d\u00e9verrouiller et \u00e0 ouvrir d&#8217;un seul mouvement<\/li>\n<li>Protection contre la basse tension pour prot\u00e9ger votre batterie de d\u00e9marrage<\/li>\n<li>R\u00e9gulation continue de la temp\u00e9rature avec un thermostat variable<\/li>\n<\/ul>\n<p style=\"color: rgb(34, 34, 34); font-family: Arial, Helvetica, sans-serif; font-size: small;\"><strong>Un R\u00e9frig\u00e9rateur pour Chaque Espace<\/strong><br \/>Le Dometic CoolMatic CD30S est le choix parfait pour les espaces limit\u00e9s. Avec sa capacit\u00e9 solaire et son unit\u00e9 de refroidissement d\u00e9tachable, ce petit r\u00e9frig\u00e9rateur regorge de fonctionnalit\u00e9s. Le c\u00e2ble de 1,5 m\u00e8tre inclus offre flexibilit\u00e9 d\u2019installation, ce qui en fait un excellent choix pour les voyageurs. Peu importe o\u00f9 vous \u00eates dans le monde, le CD30S fonctionnera de mani\u00e8re fiable.<\/p>\n<p style=\"color: rgb(34, 34, 34); font-family: Arial, Helvetica, sans-serif; font-size: small;\"><strong>R\u00e9glez Votre Propre Temp\u00e9rature<\/strong><br \/>Ajustez la temp\u00e9rature \u00e0 votre go\u00fbt tout en utilisant efficacement l&#8217;\u00e9nergie.<\/p>\n<p style=\"color: rgb(34, 34, 34); font-family: Arial, Helvetica, sans-serif; font-size: small;\"><strong>Sp\u00e9cifications :<\/strong><\/p>\n<ul style=\"color: rgb(34, 34, 34); font-family: Arial, Helvetica, sans-serif; font-size: small;\">\n<li>Mod\u00e8le : CD30S (Fa\u00e7ade en Acier Inoxydable)<\/li>\n<li>Capacit\u00e9 : 30 L<\/li>\n<li>Type de R\u00e9frig\u00e9rant : R134a<\/li>\n<li>Plage de Temp\u00e9rature : \u20132 \u00b0C \u00e0 +12 \u00b0C<\/li>\n<li>Tension d&#8217;Entr\u00e9e (DC) : 12\/24 V<\/li>\n<li>Courant d&#8217;Entr\u00e9e Nominal (DC) : 3.0A\/1.5A<\/li>\n<li>Puissance d&#8217;Entr\u00e9e Nominale (DC) : 40 W<\/li>\n<li>Dimensions (L x H x P) : 440 x 250 x 730 mm<\/li>\n<li>Poids : 18 kg<\/li>\n<\/ul>\n","protected":false},"excerpt":{"rendered":"<p>R\u00e9frig\u00e9rateur en inox Dometic Coolmatic CD30S &#8211; R\u00e9frig\u00e9rateur \u00e0 Tiroir, 30 L, Fa\u00e7ade en Acier Inoxydable Le Dometic CoolMatic CD30S<\/p>\n","protected":false},"featured_media":5946418,"comment_status":"open","ping_status":"closed","template":"","meta":[],"product_brand":[2894],"product_cat":[1177],"product_tag":[],"class_list":{"0":"post-730997","1":"product","2":"type-product","3":"status-publish","4":"has-post-thumbnail","6":"product_brand-dometic-fr","7":"product_cat-refrigerateurs-et-congelateurs","9":"first","10":"instock","11":"shipping-taxable","12":"purchasable","13":"product-type-simple"},"_links":{"self":[{"href":"https:\/\/stoic-curie.212-227-153-4.plesk.page\/fr\/wp-json\/wp\/v2\/product\/730997","targetHints":{"allow":["GET"]}}],"collection":[{"href":"https:\/\/stoic-curie.212-227-153-4.plesk.page\/fr\/wp-json\/wp\/v2\/product"}],"about":[{"href":"https:\/\/stoic-curie.212-227-153-4.plesk.page\/fr\/wp-json\/wp\/v2\/types\/product"}],"replies":[{"embeddable":true,"href":"https:\/\/stoic-curie.212-227-153-4.plesk.page\/fr\/wp-json\/wp\/v2\/comments?post=730997"}],"version-history":[{"count":0,"href":"https:\/\/stoic-curie.212-227-153-4.plesk.page\/fr\/wp-json\/wp\/v2\/product\/730997\/revisions"}],"wp:featuredmedia":[{"embeddable":true,"href":"https:\/\/stoic-curie.212-227-153-4.plesk.page\/fr\/wp-json\/wp\/v2\/media\/5946418"}],"wp:attachment":[{"href":"https:\/\/stoic-curie.212-227-153-4.plesk.page\/fr\/wp-json\/wp\/v2\/media?parent=730997"}],"wp:term":[{"taxonomy":"product_brand","embeddable":true,"href":"https:\/\/stoic-curie.212-227-153-4.plesk.page\/fr\/wp-json\/wp\/v2\/product_brand?post=730997"},{"taxonomy":"product_cat","embeddable":true,"href":"https:\/\/stoic-curie.212-227-153-4.plesk.page\/fr\/wp-json\/wp\/v2\/product_cat?post=730997"},{"taxonomy":"product_tag","embeddable":true,"href":"https:\/\/stoic-curie.212-227-153-4.plesk.page\/fr\/wp-json\/wp\/v2\/product_tag?post=730997"}],"curies":[{"name":"wp","href":"https:\/\/api.w.org\/{rel}","templated":true}]}}