{"id":730998,"date":"2025-03-03T16:09:55","date_gmt":"2025-03-03T15:09:55","guid":{"rendered":"https:\/\/stoic-curie.212-227-153-4.plesk.page\/producto\/refrigerateur-dometic-coolmatic-cd30-blanc\/"},"modified":"2026-02-24T23:08:44","modified_gmt":"2026-02-24T23:08:44","slug":"refrigerateur-dometic-coolmatic-cd30-blanc","status":"publish","type":"product","link":"https:\/\/stoic-curie.212-227-153-4.plesk.page\/fr\/product\/refrigerateur-dometic-coolmatic-cd30-blanc\/","title":{"rendered":"R\u00e9frig\u00e9rateur Dometic Coolmatic CD30 blanc"},"content":{"rendered":"<p>R\u00e9frig\u00e9rateur Dometic Coolmatic CD30 blanc &#8211; <\/p>\n<p style=\"color: rgb(34, 34, 34); font-family: Arial, Helvetica, sans-serif; font-size: small;\">Ce r\u00e9frig\u00e9rateur est \u00e9quip\u00e9 de r\u00e9glages de temp\u00e9rature ajustables et d&#8217;une unit\u00e9 de refroidissement amovible, offrant la flexibilit\u00e9 n\u00e9cessaire pour r\u00e9pondre \u00e0 vos exigences sp\u00e9cifiques. Son design compact est id\u00e9al pour optimiser les espaces r\u00e9duits. L&#8217;unit\u00e9 de refroidissement peut \u00eatre fix\u00e9e de chaque c\u00f4t\u00e9 du r\u00e9frig\u00e9rateur (gauche ou droite) ou peut \u00eatre plac\u00e9e jusqu&#8217;\u00e0 1,5 m\u00e8tre de distance.<\/p>\n<p style=\"color: rgb(34, 34, 34); font-family: Arial, Helvetica, sans-serif; font-size: small;\">La structure plate et compacte est parfaite pour les zones confin\u00e9es, permettant une utilisation efficace de l&#8217;espace. Vous pouvez facilement le d\u00e9verrouiller et l&#8217;ouvrir d&#8217;un seul mouvement. De plus, il est dot\u00e9 d&#8217;une protection basse tension pour prot\u00e9ger votre batterie de d\u00e9marrage.<\/p>\n<p style=\"color: rgb(34, 34, 34); font-family: Arial, Helvetica, sans-serif; font-size: small;\">Ce r\u00e9frig\u00e9rateur \u00e0 tiroir fonctionne \u00e0 la fois sur 12V et 24V et comprend une unit\u00e9 de refroidissement \u00e0 distance qui permet des r\u00e9glages de temp\u00e9rature. Son design compact garantit que m\u00eame les petits espaces de stockage peuvent b\u00e9n\u00e9ficier d&#8217;un refroidissement puissant par compresseur. Le tiroir de refroidissement int\u00e9gr\u00e9 WAECO CoolMatic CD 30 est con\u00e7u pour une utilisation simple \u00e0 une main, gr\u00e2ce \u00e0 son syst\u00e8me mont\u00e9 sur roulements \u00e0 billes. Dans des espaces particuli\u00e8rement \u00e9troits, l&#8217;unit\u00e9 de refroidissement peut \u00eatre mont\u00e9e sur le c\u00f4t\u00e9 du tiroir ou s\u00e9par\u00e9ment, jusqu&#8217;\u00e0 1,5 m\u00e8tre de distance.<\/p>\n<p style=\"color: rgb(34, 34, 34); font-family: Arial, Helvetica, sans-serif; font-size: small;\">Le tiroir de refroidissement int\u00e9gr\u00e9 CD 30 est \u00e9galement adapt\u00e9 aux compartiments de rangement ext\u00e9rieurs et peut fonctionner comme une r\u00e9serve de refroidissement sur le flybridge.<\/p>\n<p style=\"color: rgb(34, 34, 34); font-family: Arial, Helvetica, sans-serif; font-size: small;\"><strong>Sp\u00e9cifications :<\/strong><\/p>\n<ul style=\"color: rgb(34, 34, 34); font-family: Arial, Helvetica, sans-serif; font-size: small;\">\n<li>Capacit\u00e9 : 30 litres<\/li>\n<li>Alimentation : 12 V \/ 24 V<\/li>\n<li>Connexion 230 volts disponible via un redresseur optionnel<\/li>\n<li>Plage de temp\u00e9rature : +12\u00b0C \u00e0 -2\u00b0C<\/li>\n<li>Puissance moyenne : 40 W<\/li>\n<li>Consommation : 0,67 A\/h pour une temp\u00e9rature int\u00e9rieure de +5\u00b0C \u00e0 une temp\u00e9rature ambiante de +20\u00b0C<\/li>\n<li>Thermostat r\u00e9glable<\/li>\n<li>Dimensions :\n<ul>\n<li>Profondeur : 730 mm (avec unit\u00e9) \/ 560 mm (sans unit\u00e9) \/ 490 mm (interne)<\/li>\n<li>Dimensions avant : 440 x 250 mm (ext\u00e9rieur) \/ 370 x 245 mm (tiroir) \/ 200 mm (interne)<\/li>\n<\/ul>\n<\/li>\n<li>Poids : 18 kg<\/li>\n<\/ul>\n<p style=\"color: rgb(34, 34, 34); font-family: Arial, Helvetica, sans-serif; font-size: small;\"><strong>Dimensions suppl\u00e9mentaires :<\/strong><\/p>\n<ul style=\"color: rgb(34, 34, 34); font-family: Arial, Helvetica, sans-serif; font-size: small;\">\n<li>Profondeur : 730 mm<\/li>\n<li>Hauteur : 250 mm<\/li>\n<li>Largeur : 440 mm<\/li>\n<li>Poid net : 19,3 kg<\/li>\n<\/ul>\n<p style=\"color: rgb(34, 34, 34); font-family: Arial, Helvetica, sans-serif; font-size: small;\">Ce r\u00e9frig\u00e9rateur est une option exceptionnelle pour les passionn\u00e9s de bateaux \u00e0 la recherche d&#8217;une solution de refroidissement fiable et efficace.<\/p>\n","protected":false},"excerpt":{"rendered":"<p>R\u00e9frig\u00e9rateur Dometic Coolmatic CD30 blanc &#8211; Ce r\u00e9frig\u00e9rateur est \u00e9quip\u00e9 de r\u00e9glages de temp\u00e9rature ajustables et d&#8217;une unit\u00e9 de refroidissement<\/p>\n","protected":false},"featured_media":5946422,"comment_status":"open","ping_status":"closed","template":"","meta":[],"product_brand":[2894],"product_cat":[1177],"product_tag":[],"class_list":{"0":"post-730998","1":"product","2":"type-product","3":"status-publish","4":"has-post-thumbnail","6":"product_brand-dometic-fr","7":"product_cat-refrigerateurs-et-congelateurs","9":"first","10":"instock","11":"shipping-taxable","12":"purchasable","13":"product-type-simple"},"_links":{"self":[{"href":"https:\/\/stoic-curie.212-227-153-4.plesk.page\/fr\/wp-json\/wp\/v2\/product\/730998","targetHints":{"allow":["GET"]}}],"collection":[{"href":"https:\/\/stoic-curie.212-227-153-4.plesk.page\/fr\/wp-json\/wp\/v2\/product"}],"about":[{"href":"https:\/\/stoic-curie.212-227-153-4.plesk.page\/fr\/wp-json\/wp\/v2\/types\/product"}],"replies":[{"embeddable":true,"href":"https:\/\/stoic-curie.212-227-153-4.plesk.page\/fr\/wp-json\/wp\/v2\/comments?post=730998"}],"version-history":[{"count":0,"href":"https:\/\/stoic-curie.212-227-153-4.plesk.page\/fr\/wp-json\/wp\/v2\/product\/730998\/revisions"}],"wp:featuredmedia":[{"embeddable":true,"href":"https:\/\/stoic-curie.212-227-153-4.plesk.page\/fr\/wp-json\/wp\/v2\/media\/5946422"}],"wp:attachment":[{"href":"https:\/\/stoic-curie.212-227-153-4.plesk.page\/fr\/wp-json\/wp\/v2\/media?parent=730998"}],"wp:term":[{"taxonomy":"product_brand","embeddable":true,"href":"https:\/\/stoic-curie.212-227-153-4.plesk.page\/fr\/wp-json\/wp\/v2\/product_brand?post=730998"},{"taxonomy":"product_cat","embeddable":true,"href":"https:\/\/stoic-curie.212-227-153-4.plesk.page\/fr\/wp-json\/wp\/v2\/product_cat?post=730998"},{"taxonomy":"product_tag","embeddable":true,"href":"https:\/\/stoic-curie.212-227-153-4.plesk.page\/fr\/wp-json\/wp\/v2\/product_tag?post=730998"}],"curies":[{"name":"wp","href":"https:\/\/api.w.org\/{rel}","templated":true}]}}