{"id":731002,"date":"2025-03-03T16:09:55","date_gmt":"2025-03-03T15:09:55","guid":{"rendered":"https:\/\/stoic-curie.212-227-153-4.plesk.page\/producto\/compresseur-vertical-dometic-cu85-pour-refrigerateur-jusqua-250-l\/"},"modified":"2026-02-24T23:08:44","modified_gmt":"2026-02-24T23:08:44","slug":"compresseur-vertical-dometic-cu85-pour-refrigerateur-jusqua-250-l","status":"publish","type":"product","link":"https:\/\/stoic-curie.212-227-153-4.plesk.page\/fr\/product\/compresseur-vertical-dometic-cu85-pour-refrigerateur-jusqua-250-l\/","title":{"rendered":"Compresseur Dometic CU85 jusqu\u2019\u00e0 250\u00a0l"},"content":{"rendered":"<p>Compresseur Dometic CU85 jusqu\u2019\u00e0 250\u00a0l &#8211; <\/p>\n<p style=\"color: rgb(34, 34, 34); font-family: Arial, Helvetica, sans-serif; font-size: small;\">Dometic ColdMachine CU 85 Vertical<\/p>\n<p style=\"color: rgb(34, 34, 34); font-family: Arial, Helvetica, sans-serif; font-size: small;\">Le Dometic ColdMachine CU 85 Vertical est une unit\u00e9 de refroidissement silencieuse con\u00e7ue pour l&#8217;efficacit\u00e9. Elle dispose d&#8217;une r\u00e9gulation de puissance, d&#8217;un r\u00e9frig\u00e9rant pr\u00e9charg\u00e9 et de raccords de valve auto-obturants pour une installation facile. La plaque de montage en acier inoxydable r\u00e9sistant \u00e0 la corrosion garantit la durabilit\u00e9.<\/p>\n<p style=\"color: rgb(34, 34, 34); font-family: Arial, Helvetica, sans-serif; font-size: small;\">Cette unit\u00e9 de refroidissement est adapt\u00e9e aux syst\u00e8mes de r\u00e9frig\u00e9ration qui comprennent :<\/p>\n<ul style=\"color: rgb(34, 34, 34); font-family: Arial, Helvetica, sans-serif; font-size: small;\">\n<li>1 x unit\u00e9 de refroidissement \u00e0 double tension 12\/24V<\/li>\n<li>1 x \u00e9vaporateur avec raccords de type Dometic<\/li>\n<\/ul>\n<p style=\"color: rgb(34, 34, 34); font-family: Arial, Helvetica, sans-serif; font-size: small;\">Elle est id\u00e9ale pour les besoins de r\u00e9frig\u00e9ration petits \u00e0 moyens, en particulier dans des eaux plus chaudes comme la M\u00e9diterran\u00e9e. Divers types d&#8217;\u00e9vaporateurs sont disponibles pour correspondre \u00e0 la sortie du compresseur. Le syst\u00e8me comprend un compresseur thermique Danfoss BD35F complet avec \u00e9lectronique de contr\u00f4le, protection contre sous-tension int\u00e9gr\u00e9e, arr\u00eat en cas de sous-tension, protection \u00e9lectronique contre l&#8217;inversion de polarit\u00e9 et un ventilateur \u00e0 courant continu sans balais.<\/p>\n<p style=\"color: rgb(34, 34, 34); font-family: Arial, Helvetica, sans-serif; font-size: small;\"><strong>Sp\u00e9cifications techniques :<\/strong><\/p>\n<ul style=\"color: rgb(34, 34, 34); font-family: Arial, Helvetica, sans-serif; font-size: small;\">\n<li>Tension : 12 V \/ 24 V<\/li>\n<li>Capacit\u00e9s de refroidissement :\n<ul>\n<li>Maximum 250 litres pour la r\u00e9frig\u00e9ration normale avec \u00e9vaporateurs directs<\/li>\n<li>Maximum 70 litres pour la cong\u00e9lation<\/li>\n<\/ul>\n<\/li>\n<li>Consommation d&#8217;\u00e9nergie : 45 &#8211; 60 watts, selon le type d&#8217;\u00e9vaporateur<\/li>\n<\/ul>\n<p style=\"color: rgb(34, 34, 34); font-family: Arial, Helvetica, sans-serif; font-size: small;\">L&#8217;unit\u00e9 est disponible dans diverses formes et tailles, avec sept types d&#8217;\u00e9vaporateurs et un accumulateur de froid disponibles pour s\u00e9lection.<\/p>\n<p style=\"color: rgb(34, 34, 34); font-family: Arial, Helvetica, sans-serif; font-size: small;\"><strong>Caract\u00e9ristiques suppl\u00e9mentaires :<\/strong><\/p>\n<ul style=\"color: rgb(34, 34, 34); font-family: Arial, Helvetica, sans-serif; font-size: small;\">\n<li>Compatibilit\u00e9 avec l&#8217;\u00e9nergie solaire : fonctionne partout o\u00f9 il y a de la lumi\u00e8re du soleil<\/li>\n<li>Plaque de montage en acier inoxydable r\u00e9sistant \u00e0 la corrosion<\/li>\n<li>Fonctionnement 12 ou 24 V DC<\/li>\n<li>Connexion 230 V disponible avec un adaptateur \u00e0 faible co\u00fbt<\/li>\n<li>Capacit\u00e9 de r\u00e9frig\u00e9ration jusqu&#8217;\u00e0 250 litres ou capacit\u00e9 de cong\u00e9lation de 70 litres<\/li>\n<\/ul>\n<p style=\"color: rgb(34, 34, 34); font-family: Arial, Helvetica, sans-serif; font-size: small;\"><strong>Dimensions :<\/strong><\/p>\n<ul style=\"color: rgb(34, 34, 34); font-family: Arial, Helvetica, sans-serif; font-size: small;\">\n<li>Profondeur : 220 mm<\/li>\n<li>Hauteur : 160 mm<\/li>\n<li>Largeur : 220 mm<\/li>\n<\/ul>\n","protected":false},"excerpt":{"rendered":"<p>Compresseur Dometic CU85 jusqu\u2019\u00e0 250\u00a0l &#8211; Dometic ColdMachine CU 85 Vertical Le Dometic ColdMachine CU 85 Vertical est une unit\u00e9<\/p>\n","protected":false},"featured_media":5946427,"comment_status":"open","ping_status":"closed","template":"","meta":[],"product_brand":[2894],"product_cat":[1177],"product_tag":[],"class_list":{"0":"post-731002","1":"product","2":"type-product","3":"status-publish","4":"has-post-thumbnail","6":"product_brand-dometic-fr","7":"product_cat-refrigerateurs-et-congelateurs","9":"first","10":"instock","11":"shipping-taxable","12":"purchasable","13":"product-type-simple"},"_links":{"self":[{"href":"https:\/\/stoic-curie.212-227-153-4.plesk.page\/fr\/wp-json\/wp\/v2\/product\/731002","targetHints":{"allow":["GET"]}}],"collection":[{"href":"https:\/\/stoic-curie.212-227-153-4.plesk.page\/fr\/wp-json\/wp\/v2\/product"}],"about":[{"href":"https:\/\/stoic-curie.212-227-153-4.plesk.page\/fr\/wp-json\/wp\/v2\/types\/product"}],"replies":[{"embeddable":true,"href":"https:\/\/stoic-curie.212-227-153-4.plesk.page\/fr\/wp-json\/wp\/v2\/comments?post=731002"}],"version-history":[{"count":0,"href":"https:\/\/stoic-curie.212-227-153-4.plesk.page\/fr\/wp-json\/wp\/v2\/product\/731002\/revisions"}],"wp:featuredmedia":[{"embeddable":true,"href":"https:\/\/stoic-curie.212-227-153-4.plesk.page\/fr\/wp-json\/wp\/v2\/media\/5946427"}],"wp:attachment":[{"href":"https:\/\/stoic-curie.212-227-153-4.plesk.page\/fr\/wp-json\/wp\/v2\/media?parent=731002"}],"wp:term":[{"taxonomy":"product_brand","embeddable":true,"href":"https:\/\/stoic-curie.212-227-153-4.plesk.page\/fr\/wp-json\/wp\/v2\/product_brand?post=731002"},{"taxonomy":"product_cat","embeddable":true,"href":"https:\/\/stoic-curie.212-227-153-4.plesk.page\/fr\/wp-json\/wp\/v2\/product_cat?post=731002"},{"taxonomy":"product_tag","embeddable":true,"href":"https:\/\/stoic-curie.212-227-153-4.plesk.page\/fr\/wp-json\/wp\/v2\/product_tag?post=731002"}],"curies":[{"name":"wp","href":"https:\/\/api.w.org\/{rel}","templated":true}]}}