{"id":731004,"date":"2025-03-03T16:09:56","date_gmt":"2025-03-03T15:09:56","guid":{"rendered":"https:\/\/stoic-curie.212-227-153-4.plesk.page\/producto\/evaporateur-dometic-vd-07\/"},"modified":"2026-02-24T23:08:44","modified_gmt":"2026-02-24T23:08:44","slug":"evaporateur-dometic-vd-07","status":"publish","type":"product","link":"https:\/\/stoic-curie.212-227-153-4.plesk.page\/fr\/product\/evaporateur-dometic-vd-07\/","title":{"rendered":"\u00c9vaporateur Dometic VD-07"},"content":{"rendered":"<p>\u00c9vaporateur Dometic VD-07 &#8211; <\/p>\n<p>\u00c9vaporateur en forme de O pour unit\u00e9s de r\u00e9frig\u00e9ration de la S\u00e9rie 50. Capacit\u00e9 de refroidissement : 100 Lt max (avec isolation PU de 50 mm). Inclus un thermostat \u00e0 lumi\u00e8re LED et des raccords de valve auto-\u00e9tanch\u00e9ants de type Dometic pour un assemblage facile.<\/p>\n","protected":false},"excerpt":{"rendered":"<p>\u00c9vaporateur Dometic VD-07 &#8211; \u00c9vaporateur en forme de O pour unit\u00e9s de r\u00e9frig\u00e9ration de la S\u00e9rie 50. Capacit\u00e9 de refroidissement<\/p>\n","protected":false},"featured_media":5946429,"comment_status":"open","ping_status":"closed","template":"","meta":[],"product_brand":[2894],"product_cat":[1177],"product_tag":[],"class_list":{"0":"post-731004","1":"product","2":"type-product","3":"status-publish","4":"has-post-thumbnail","6":"product_brand-dometic-fr","7":"product_cat-refrigerateurs-et-congelateurs","9":"first","10":"instock","11":"shipping-taxable","12":"purchasable","13":"product-type-simple"},"_links":{"self":[{"href":"https:\/\/stoic-curie.212-227-153-4.plesk.page\/fr\/wp-json\/wp\/v2\/product\/731004","targetHints":{"allow":["GET"]}}],"collection":[{"href":"https:\/\/stoic-curie.212-227-153-4.plesk.page\/fr\/wp-json\/wp\/v2\/product"}],"about":[{"href":"https:\/\/stoic-curie.212-227-153-4.plesk.page\/fr\/wp-json\/wp\/v2\/types\/product"}],"replies":[{"embeddable":true,"href":"https:\/\/stoic-curie.212-227-153-4.plesk.page\/fr\/wp-json\/wp\/v2\/comments?post=731004"}],"version-history":[{"count":0,"href":"https:\/\/stoic-curie.212-227-153-4.plesk.page\/fr\/wp-json\/wp\/v2\/product\/731004\/revisions"}],"wp:featuredmedia":[{"embeddable":true,"href":"https:\/\/stoic-curie.212-227-153-4.plesk.page\/fr\/wp-json\/wp\/v2\/media\/5946429"}],"wp:attachment":[{"href":"https:\/\/stoic-curie.212-227-153-4.plesk.page\/fr\/wp-json\/wp\/v2\/media?parent=731004"}],"wp:term":[{"taxonomy":"product_brand","embeddable":true,"href":"https:\/\/stoic-curie.212-227-153-4.plesk.page\/fr\/wp-json\/wp\/v2\/product_brand?post=731004"},{"taxonomy":"product_cat","embeddable":true,"href":"https:\/\/stoic-curie.212-227-153-4.plesk.page\/fr\/wp-json\/wp\/v2\/product_cat?post=731004"},{"taxonomy":"product_tag","embeddable":true,"href":"https:\/\/stoic-curie.212-227-153-4.plesk.page\/fr\/wp-json\/wp\/v2\/product_tag?post=731004"}],"curies":[{"name":"wp","href":"https:\/\/api.w.org\/{rel}","templated":true}]}}