{"id":731010,"date":"2025-03-03T16:09:57","date_gmt":"2025-03-03T15:09:57","guid":{"rendered":"https:\/\/stoic-curie.212-227-153-4.plesk.page\/producto\/bague-hydrolube-en-resine-di-90-x-de-11430-x-360-mm\/"},"modified":"2026-02-24T23:08:44","modified_gmt":"2026-02-24T23:08:44","slug":"bague-hydrolube-en-resine-di-90-x-de-11430-x-360-mm","status":"publish","type":"product","link":"https:\/\/stoic-curie.212-227-153-4.plesk.page\/fr\/product\/bague-hydrolube-en-resine-di-90-x-de-11430-x-360-mm\/","title":{"rendered":"Bague hydrolube en r\u00e9sine, DI\u00a090\u00a0x\u00a0DE\u00a0114,30\u00a0x\u00a0360\u00a0mm"},"content":{"rendered":"<p>Bague hydrolube en r\u00e9sine, DI\u00a090\u00a0x\u00a0DE\u00a0114,30\u00a0x\u00a0360\u00a0mm &#8211; <\/p>\n<p>Palier d&#8217;arbre lubrifi\u00e9 \u00e0 l&#8217;eau avec diam\u00e8tre int\u00e9rieur m\u00e9trique et diam\u00e8tre ext\u00e9rieur en pouces. Coque en r\u00e9sine, partie int\u00e9rieure en caoutchouc avec canaux axiaux.<\/p>\n","protected":false},"excerpt":{"rendered":"<p>Bague hydrolube en r\u00e9sine, DI\u00a090\u00a0x\u00a0DE\u00a0114,30\u00a0x\u00a0360\u00a0mm &#8211; Palier d&#8217;arbre lubrifi\u00e9 \u00e0 l&#8217;eau avec diam\u00e8tre int\u00e9rieur m\u00e9trique et diam\u00e8tre ext\u00e9rieur en pouces.<\/p>\n","protected":false},"featured_media":5936301,"comment_status":"open","ping_status":"closed","template":"","meta":[],"product_brand":[2929],"product_cat":[1238],"product_tag":[],"class_list":{"0":"post-731010","1":"product","2":"type-product","3":"status-publish","4":"has-post-thumbnail","6":"product_brand-exalto-marine-fr","7":"product_cat-paliers-darbre-dhelice","9":"first","10":"instock","11":"shipping-taxable","12":"purchasable","13":"product-type-simple"},"_links":{"self":[{"href":"https:\/\/stoic-curie.212-227-153-4.plesk.page\/fr\/wp-json\/wp\/v2\/product\/731010","targetHints":{"allow":["GET"]}}],"collection":[{"href":"https:\/\/stoic-curie.212-227-153-4.plesk.page\/fr\/wp-json\/wp\/v2\/product"}],"about":[{"href":"https:\/\/stoic-curie.212-227-153-4.plesk.page\/fr\/wp-json\/wp\/v2\/types\/product"}],"replies":[{"embeddable":true,"href":"https:\/\/stoic-curie.212-227-153-4.plesk.page\/fr\/wp-json\/wp\/v2\/comments?post=731010"}],"version-history":[{"count":0,"href":"https:\/\/stoic-curie.212-227-153-4.plesk.page\/fr\/wp-json\/wp\/v2\/product\/731010\/revisions"}],"wp:featuredmedia":[{"embeddable":true,"href":"https:\/\/stoic-curie.212-227-153-4.plesk.page\/fr\/wp-json\/wp\/v2\/media\/5936301"}],"wp:attachment":[{"href":"https:\/\/stoic-curie.212-227-153-4.plesk.page\/fr\/wp-json\/wp\/v2\/media?parent=731010"}],"wp:term":[{"taxonomy":"product_brand","embeddable":true,"href":"https:\/\/stoic-curie.212-227-153-4.plesk.page\/fr\/wp-json\/wp\/v2\/product_brand?post=731010"},{"taxonomy":"product_cat","embeddable":true,"href":"https:\/\/stoic-curie.212-227-153-4.plesk.page\/fr\/wp-json\/wp\/v2\/product_cat?post=731010"},{"taxonomy":"product_tag","embeddable":true,"href":"https:\/\/stoic-curie.212-227-153-4.plesk.page\/fr\/wp-json\/wp\/v2\/product_tag?post=731010"}],"curies":[{"name":"wp","href":"https:\/\/api.w.org\/{rel}","templated":true}]}}