{"id":731020,"date":"2025-03-03T16:09:58","date_gmt":"2025-03-03T15:09:58","guid":{"rendered":"https:\/\/stoic-curie.212-227-153-4.plesk.page\/producto\/spot-a-led-quick-todd-d-72-mm-lumiere-blanche-3000-k-rouge\/"},"modified":"2026-02-24T23:08:44","modified_gmt":"2026-02-24T23:08:44","slug":"spot-a-led-quick-todd-d-72-mm-lumiere-blanche-3000-k-rouge","status":"publish","type":"product","link":"https:\/\/stoic-curie.212-227-153-4.plesk.page\/fr\/product\/spot-a-led-quick-todd-d-72-mm-lumiere-blanche-3000-k-rouge\/","title":{"rendered":"Spot \u00e0 LED Quick Todd, D\u00a072\u00a0mm, lumi\u00e8re blanche 3000\u00a0K\u00a0\/ rouge"},"content":{"rendered":"<p>Spot \u00e0 LED Quick Todd, D\u00a072\u00a0mm, lumi\u00e8re blanche 3000\u00a0K\u00a0\/ rouge &#8211; <\/p>\n<p>Projecteur LED double de 2W IP65 s\u00e9lectionnable en blanc ou rouge pour les int\u00e9rieurs et ext\u00e9rieurs avec un cadre plat en acier inoxydable 316. Montage encastr\u00e9 avec ressorts. Tension universelle de 9-32V avec LED dimmables prot\u00e9g\u00e9es contre les pics et l&#8217;inversion.<\/p>\n","protected":false},"excerpt":{"rendered":"<p>Spot \u00e0 LED Quick Todd, D\u00a072\u00a0mm, lumi\u00e8re blanche 3000\u00a0K\u00a0\/ rouge &#8211; Projecteur LED double de 2W IP65 s\u00e9lectionnable en blanc<\/p>\n","protected":false},"featured_media":5946441,"comment_status":"open","ping_status":"closed","template":"","meta":[],"product_brand":[3279],"product_cat":[1165],"product_tag":[],"class_list":{"0":"post-731020","1":"product","2":"type-product","3":"status-publish","4":"has-post-thumbnail","6":"product_brand-quick-fr","7":"product_cat-eclairage","9":"first","10":"instock","11":"shipping-taxable","12":"purchasable","13":"product-type-simple"},"_links":{"self":[{"href":"https:\/\/stoic-curie.212-227-153-4.plesk.page\/fr\/wp-json\/wp\/v2\/product\/731020","targetHints":{"allow":["GET"]}}],"collection":[{"href":"https:\/\/stoic-curie.212-227-153-4.plesk.page\/fr\/wp-json\/wp\/v2\/product"}],"about":[{"href":"https:\/\/stoic-curie.212-227-153-4.plesk.page\/fr\/wp-json\/wp\/v2\/types\/product"}],"replies":[{"embeddable":true,"href":"https:\/\/stoic-curie.212-227-153-4.plesk.page\/fr\/wp-json\/wp\/v2\/comments?post=731020"}],"version-history":[{"count":0,"href":"https:\/\/stoic-curie.212-227-153-4.plesk.page\/fr\/wp-json\/wp\/v2\/product\/731020\/revisions"}],"wp:featuredmedia":[{"embeddable":true,"href":"https:\/\/stoic-curie.212-227-153-4.plesk.page\/fr\/wp-json\/wp\/v2\/media\/5946441"}],"wp:attachment":[{"href":"https:\/\/stoic-curie.212-227-153-4.plesk.page\/fr\/wp-json\/wp\/v2\/media?parent=731020"}],"wp:term":[{"taxonomy":"product_brand","embeddable":true,"href":"https:\/\/stoic-curie.212-227-153-4.plesk.page\/fr\/wp-json\/wp\/v2\/product_brand?post=731020"},{"taxonomy":"product_cat","embeddable":true,"href":"https:\/\/stoic-curie.212-227-153-4.plesk.page\/fr\/wp-json\/wp\/v2\/product_cat?post=731020"},{"taxonomy":"product_tag","embeddable":true,"href":"https:\/\/stoic-curie.212-227-153-4.plesk.page\/fr\/wp-json\/wp\/v2\/product_tag?post=731020"}],"curies":[{"name":"wp","href":"https:\/\/api.w.org\/{rel}","templated":true}]}}