{"id":731025,"date":"2025-03-03T16:09:59","date_gmt":"2025-03-03T15:09:59","guid":{"rendered":"https:\/\/stoic-curie.212-227-153-4.plesk.page\/producto\/plafonnier-encastre-a-led-quick-kai-d-82-x-h-4-mm-blanc-chaud-3000-k-2\/"},"modified":"2026-02-24T23:08:44","modified_gmt":"2026-02-24T23:08:44","slug":"plafonnier-encastre-a-led-quick-kai-d-82-x-h-4-mm-blanc-chaud-3000-k-2","status":"publish","type":"product","link":"https:\/\/stoic-curie.212-227-153-4.plesk.page\/fr\/product\/plafonnier-encastre-a-led-quick-kai-d-82-x-h-4-mm-blanc-chaud-3000-k-2\/","title":{"rendered":"Plafonnier encastr\u00e9 \u00e0 LED Quick KAI, D\u00a082\u00a0x\u00a0H\u00a04\u00a0mm, blanc chaud 3000\u00a0K"},"content":{"rendered":"<p>Plafonnier encastr\u00e9 \u00e0 LED Quick KAI, D\u00a082\u00a0x\u00a0H\u00a04\u00a0mm, blanc chaud 3000\u00a0K &#8211; <\/p>\n<p>Spot LED 4W IP65 pour int\u00e9rieurs et ext\u00e9rieurs avec un cadre en acier inoxydable 316. Montage encastr\u00e9 avec ressorts et cadre de profil plat de 1,5 mm ou avec des vis et cadre de profil normal de 4 mm. Tension universelle de 9-32V avec LED dimmables prot\u00e9g\u00e9es contre les pics de tension et l&#8217;inversion.<\/p>\n","protected":false},"excerpt":{"rendered":"<p>Plafonnier encastr\u00e9 \u00e0 LED Quick KAI, D\u00a082\u00a0x\u00a0H\u00a04\u00a0mm, blanc chaud 3000\u00a0K &#8211; Spot LED 4W IP65 pour int\u00e9rieurs et ext\u00e9rieurs avec<\/p>\n","protected":false},"featured_media":5942188,"comment_status":"open","ping_status":"closed","template":"","meta":[],"product_brand":[3279],"product_cat":[1165],"product_tag":[],"class_list":{"0":"post-731025","1":"product","2":"type-product","3":"status-publish","4":"has-post-thumbnail","6":"product_brand-quick-fr","7":"product_cat-eclairage","9":"first","10":"instock","11":"shipping-taxable","12":"purchasable","13":"product-type-simple"},"_links":{"self":[{"href":"https:\/\/stoic-curie.212-227-153-4.plesk.page\/fr\/wp-json\/wp\/v2\/product\/731025","targetHints":{"allow":["GET"]}}],"collection":[{"href":"https:\/\/stoic-curie.212-227-153-4.plesk.page\/fr\/wp-json\/wp\/v2\/product"}],"about":[{"href":"https:\/\/stoic-curie.212-227-153-4.plesk.page\/fr\/wp-json\/wp\/v2\/types\/product"}],"replies":[{"embeddable":true,"href":"https:\/\/stoic-curie.212-227-153-4.plesk.page\/fr\/wp-json\/wp\/v2\/comments?post=731025"}],"version-history":[{"count":0,"href":"https:\/\/stoic-curie.212-227-153-4.plesk.page\/fr\/wp-json\/wp\/v2\/product\/731025\/revisions"}],"wp:featuredmedia":[{"embeddable":true,"href":"https:\/\/stoic-curie.212-227-153-4.plesk.page\/fr\/wp-json\/wp\/v2\/media\/5942188"}],"wp:attachment":[{"href":"https:\/\/stoic-curie.212-227-153-4.plesk.page\/fr\/wp-json\/wp\/v2\/media?parent=731025"}],"wp:term":[{"taxonomy":"product_brand","embeddable":true,"href":"https:\/\/stoic-curie.212-227-153-4.plesk.page\/fr\/wp-json\/wp\/v2\/product_brand?post=731025"},{"taxonomy":"product_cat","embeddable":true,"href":"https:\/\/stoic-curie.212-227-153-4.plesk.page\/fr\/wp-json\/wp\/v2\/product_cat?post=731025"},{"taxonomy":"product_tag","embeddable":true,"href":"https:\/\/stoic-curie.212-227-153-4.plesk.page\/fr\/wp-json\/wp\/v2\/product_tag?post=731025"}],"curies":[{"name":"wp","href":"https:\/\/api.w.org\/{rel}","templated":true}]}}