{"id":731027,"date":"2025-03-03T16:09:59","date_gmt":"2025-03-03T15:09:59","guid":{"rendered":"https:\/\/stoic-curie.212-227-153-4.plesk.page\/producto\/luminaire-encastre-a-led-quick-marina-79-x-79-x-h-15-mm-temperature-de-couleur-3-000-k\/"},"modified":"2026-02-24T23:08:44","modified_gmt":"2026-02-24T23:08:44","slug":"luminaire-encastre-a-led-quick-marina-79-x-79-x-h-15-mm-temperature-de-couleur-3-000-k","status":"publish","type":"product","link":"https:\/\/stoic-curie.212-227-153-4.plesk.page\/fr\/product\/luminaire-encastre-a-led-quick-marina-79-x-79-x-h-15-mm-temperature-de-couleur-3-000-k\/","title":{"rendered":"Luminaire encastr\u00e9 \u00e0 LED Quick Marina, 79\u00a0x\u00a079\u00a0x\u00a0H\u00a01,5\u00a0mm, temp\u00e9rature de couleur 3\u00a0000\u00a0K"},"content":{"rendered":"<p>Luminaire encastr\u00e9 \u00e0 LED Quick Marina, 79\u00a0x\u00a079\u00a0x\u00a0H\u00a01,5\u00a0mm, temp\u00e9rature de couleur 3\u00a0000\u00a0K &#8211; <\/p>\n<p>Spot LED de 4W IP65 pour int\u00e9rieurs et ext\u00e9rieurs avec un cadre en acier inoxydable 316. Montage encastr\u00e9 avec ressorts et cadre plat de 1,5 mm ou avec vis et cadre normal de 4 mm. Tension universelle de 9-32V avec LED dimmables prot\u00e9g\u00e9es contre les surtensions et l&#8217;inversion de polarit\u00e9.<\/p>\n","protected":false},"excerpt":{"rendered":"<p>Luminaire encastr\u00e9 \u00e0 LED Quick Marina, 79\u00a0x\u00a079\u00a0x\u00a0H\u00a01,5\u00a0mm, temp\u00e9rature de couleur 3\u00a0000\u00a0K &#8211; Spot LED de 4W IP65 pour int\u00e9rieurs et<\/p>\n","protected":false},"featured_media":5937510,"comment_status":"open","ping_status":"closed","template":"","meta":[],"product_brand":[3279],"product_cat":[1165],"product_tag":[],"class_list":{"0":"post-731027","1":"product","2":"type-product","3":"status-publish","4":"has-post-thumbnail","6":"product_brand-quick-fr","7":"product_cat-eclairage","9":"first","10":"instock","11":"shipping-taxable","12":"purchasable","13":"product-type-simple"},"_links":{"self":[{"href":"https:\/\/stoic-curie.212-227-153-4.plesk.page\/fr\/wp-json\/wp\/v2\/product\/731027","targetHints":{"allow":["GET"]}}],"collection":[{"href":"https:\/\/stoic-curie.212-227-153-4.plesk.page\/fr\/wp-json\/wp\/v2\/product"}],"about":[{"href":"https:\/\/stoic-curie.212-227-153-4.plesk.page\/fr\/wp-json\/wp\/v2\/types\/product"}],"replies":[{"embeddable":true,"href":"https:\/\/stoic-curie.212-227-153-4.plesk.page\/fr\/wp-json\/wp\/v2\/comments?post=731027"}],"version-history":[{"count":0,"href":"https:\/\/stoic-curie.212-227-153-4.plesk.page\/fr\/wp-json\/wp\/v2\/product\/731027\/revisions"}],"wp:featuredmedia":[{"embeddable":true,"href":"https:\/\/stoic-curie.212-227-153-4.plesk.page\/fr\/wp-json\/wp\/v2\/media\/5937510"}],"wp:attachment":[{"href":"https:\/\/stoic-curie.212-227-153-4.plesk.page\/fr\/wp-json\/wp\/v2\/media?parent=731027"}],"wp:term":[{"taxonomy":"product_brand","embeddable":true,"href":"https:\/\/stoic-curie.212-227-153-4.plesk.page\/fr\/wp-json\/wp\/v2\/product_brand?post=731027"},{"taxonomy":"product_cat","embeddable":true,"href":"https:\/\/stoic-curie.212-227-153-4.plesk.page\/fr\/wp-json\/wp\/v2\/product_cat?post=731027"},{"taxonomy":"product_tag","embeddable":true,"href":"https:\/\/stoic-curie.212-227-153-4.plesk.page\/fr\/wp-json\/wp\/v2\/product_tag?post=731027"}],"curies":[{"name":"wp","href":"https:\/\/api.w.org\/{rel}","templated":true}]}}