{"id":731032,"date":"2025-03-03T16:10:00","date_gmt":"2025-03-03T15:10:00","guid":{"rendered":"https:\/\/stoic-curie.212-227-153-4.plesk.page\/producto\/loquet-a-compression-roca-sans-serrure-d-76-mm\/"},"modified":"2026-02-24T23:08:44","modified_gmt":"2026-02-24T23:08:44","slug":"loquet-a-compression-roca-sans-serrure-d-76-mm","status":"publish","type":"product","link":"https:\/\/stoic-curie.212-227-153-4.plesk.page\/fr\/product\/loquet-a-compression-roca-sans-serrure-d-76-mm\/","title":{"rendered":"Loquet \u00e0 compression Roca sans serrure, D\u00a076\u00a0mm"},"content":{"rendered":"<p>Loquet \u00e0 compression Roca sans serrure, D\u00a076\u00a0mm &#8211; <\/p>\n<p>Serrure \u00e0 compression \u00e9tanche en acier inoxydable 316 poli miroir avec barre de came ajustable. Utilis\u00e9e pour ouvrir et fermer les cloisons et les trappes. Les barres de came inclin\u00e9es peuvent \u00eatre mont\u00e9es en position normale ou retourn\u00e9es (Rev) pour couvrir toutes les \u00e9paisseurs requises (A). \u00c9paisseur de la porte 222 mm (T).<\/p>\n","protected":false},"excerpt":{"rendered":"<p>Loquet \u00e0 compression Roca sans serrure, D\u00a076\u00a0mm &#8211; Serrure \u00e0 compression \u00e9tanche en acier inoxydable 316 poli miroir avec barre<\/p>\n","protected":false},"featured_media":5946448,"comment_status":"open","ping_status":"closed","template":"","meta":[],"product_brand":[3314],"product_cat":[1113,1134],"product_tag":[],"class_list":{"0":"post-731032","1":"product","2":"type-product","3":"status-publish","4":"has-post-thumbnail","6":"product_brand-roca-marine-fr","7":"product_cat-loquets-et-poignees","8":"product_cat-serrures","10":"first","11":"instock","12":"shipping-taxable","13":"purchasable","14":"product-type-simple"},"_links":{"self":[{"href":"https:\/\/stoic-curie.212-227-153-4.plesk.page\/fr\/wp-json\/wp\/v2\/product\/731032","targetHints":{"allow":["GET"]}}],"collection":[{"href":"https:\/\/stoic-curie.212-227-153-4.plesk.page\/fr\/wp-json\/wp\/v2\/product"}],"about":[{"href":"https:\/\/stoic-curie.212-227-153-4.plesk.page\/fr\/wp-json\/wp\/v2\/types\/product"}],"replies":[{"embeddable":true,"href":"https:\/\/stoic-curie.212-227-153-4.plesk.page\/fr\/wp-json\/wp\/v2\/comments?post=731032"}],"version-history":[{"count":0,"href":"https:\/\/stoic-curie.212-227-153-4.plesk.page\/fr\/wp-json\/wp\/v2\/product\/731032\/revisions"}],"wp:featuredmedia":[{"embeddable":true,"href":"https:\/\/stoic-curie.212-227-153-4.plesk.page\/fr\/wp-json\/wp\/v2\/media\/5946448"}],"wp:attachment":[{"href":"https:\/\/stoic-curie.212-227-153-4.plesk.page\/fr\/wp-json\/wp\/v2\/media?parent=731032"}],"wp:term":[{"taxonomy":"product_brand","embeddable":true,"href":"https:\/\/stoic-curie.212-227-153-4.plesk.page\/fr\/wp-json\/wp\/v2\/product_brand?post=731032"},{"taxonomy":"product_cat","embeddable":true,"href":"https:\/\/stoic-curie.212-227-153-4.plesk.page\/fr\/wp-json\/wp\/v2\/product_cat?post=731032"},{"taxonomy":"product_tag","embeddable":true,"href":"https:\/\/stoic-curie.212-227-153-4.plesk.page\/fr\/wp-json\/wp\/v2\/product_tag?post=731032"}],"curies":[{"name":"wp","href":"https:\/\/api.w.org\/{rel}","templated":true}]}}