{"id":731033,"date":"2025-03-03T16:10:00","date_gmt":"2025-03-03T15:10:00","guid":{"rendered":"https:\/\/stoic-curie.212-227-153-4.plesk.page\/producto\/tableau-electrique-redtech-8-interrupteurs-de-20-a-234-x-70-mm\/"},"modified":"2026-02-24T23:08:44","modified_gmt":"2026-02-24T23:08:44","slug":"tableau-electrique-redtech-8-interrupteurs-de-20-a-234-x-70-mm","status":"publish","type":"product","link":"https:\/\/stoic-curie.212-227-153-4.plesk.page\/fr\/product\/tableau-electrique-redtech-8-interrupteurs-de-20-a-234-x-70-mm\/","title":{"rendered":"Tableau \u00e9lectrique Redtech, 8\u00a0interrupteurs de 20\u00a0A, 234\u00a0x\u00a070\u00a0mm"},"content":{"rendered":"<p>Tableau \u00e9lectrique Redtech, 8\u00a0interrupteurs de 20\u00a0A, 234\u00a0x\u00a070\u00a0mm &#8211; <\/p>\n<p>Panneau en aluminium anodis\u00e9 avec des interrupteurs \u00e0 bascule \u00e9tanches et des LED rouges. Le premier interrupteur est (ON)-OFF pour signal acoustique. Pr\u00e9-c\u00e2bl\u00e9, complet avec vis et \u00e9tiquettes pr\u00e9imprim\u00e9es.<\/p>\n","protected":false},"excerpt":{"rendered":"<p>Tableau \u00e9lectrique Redtech, 8\u00a0interrupteurs de 20\u00a0A, 234\u00a0x\u00a070\u00a0mm &#8211; Panneau en aluminium anodis\u00e9 avec des interrupteurs \u00e0 bascule \u00e9tanches et des<\/p>\n","protected":false},"featured_media":5946464,"comment_status":"open","ping_status":"closed","template":"","meta":[],"product_brand":[2829],"product_cat":[1172],"product_tag":[],"class_list":{"0":"post-731033","1":"product","2":"type-product","3":"status-publish","4":"has-post-thumbnail","6":"product_brand-blue-sea-systems-fr","7":"product_cat-panneaux-dinterrupteur","9":"first","10":"instock","11":"shipping-taxable","12":"purchasable","13":"product-type-simple"},"_links":{"self":[{"href":"https:\/\/stoic-curie.212-227-153-4.plesk.page\/fr\/wp-json\/wp\/v2\/product\/731033","targetHints":{"allow":["GET"]}}],"collection":[{"href":"https:\/\/stoic-curie.212-227-153-4.plesk.page\/fr\/wp-json\/wp\/v2\/product"}],"about":[{"href":"https:\/\/stoic-curie.212-227-153-4.plesk.page\/fr\/wp-json\/wp\/v2\/types\/product"}],"replies":[{"embeddable":true,"href":"https:\/\/stoic-curie.212-227-153-4.plesk.page\/fr\/wp-json\/wp\/v2\/comments?post=731033"}],"version-history":[{"count":0,"href":"https:\/\/stoic-curie.212-227-153-4.plesk.page\/fr\/wp-json\/wp\/v2\/product\/731033\/revisions"}],"wp:featuredmedia":[{"embeddable":true,"href":"https:\/\/stoic-curie.212-227-153-4.plesk.page\/fr\/wp-json\/wp\/v2\/media\/5946464"}],"wp:attachment":[{"href":"https:\/\/stoic-curie.212-227-153-4.plesk.page\/fr\/wp-json\/wp\/v2\/media?parent=731033"}],"wp:term":[{"taxonomy":"product_brand","embeddable":true,"href":"https:\/\/stoic-curie.212-227-153-4.plesk.page\/fr\/wp-json\/wp\/v2\/product_brand?post=731033"},{"taxonomy":"product_cat","embeddable":true,"href":"https:\/\/stoic-curie.212-227-153-4.plesk.page\/fr\/wp-json\/wp\/v2\/product_cat?post=731033"},{"taxonomy":"product_tag","embeddable":true,"href":"https:\/\/stoic-curie.212-227-153-4.plesk.page\/fr\/wp-json\/wp\/v2\/product_tag?post=731033"}],"curies":[{"name":"wp","href":"https:\/\/api.w.org\/{rel}","templated":true}]}}