{"id":731035,"date":"2025-03-03T16:10:01","date_gmt":"2025-03-03T15:10:01","guid":{"rendered":"https:\/\/stoic-curie.212-227-153-4.plesk.page\/producto\/tableau-electrique-redtech-a-4-interrupteurs-130-x-120-mm\/"},"modified":"2026-02-24T23:08:44","modified_gmt":"2026-02-24T23:08:44","slug":"tableau-electrique-redtech-a-4-interrupteurs-130-x-120-mm","status":"publish","type":"product","link":"https:\/\/stoic-curie.212-227-153-4.plesk.page\/fr\/product\/tableau-electrique-redtech-a-4-interrupteurs-130-x-120-mm\/","title":{"rendered":"Tableau \u00e9lectrique Redtech \u00e0 4\u00a0interrupteurs, 130\u00a0x\u00a0120\u00a0mm"},"content":{"rendered":"<p>Tableau \u00e9lectrique Redtech \u00e0 4\u00a0interrupteurs, 130\u00a0x\u00a0120\u00a0mm &#8211; <\/p>\n<p>Panneau en polym\u00e8re \u00e9tanche avec interrupteurs \u00e0 bascule \u00e9clair\u00e9s par LED rouges. Le premier interrupteur est (ON)-OFF pour signal acoustique. Avec voltm\u00e8tre 6-30V, prise de courant 12V et prise USB double 1+2.1A, tous deux complets avec fusible. Pr\u00e9-c\u00e2bl\u00e9, complet avec vis et \u00e9tiquettes pr\u00e9-imprim\u00e9es.<\/p>\n","protected":false},"excerpt":{"rendered":"<p>Tableau \u00e9lectrique Redtech \u00e0 4\u00a0interrupteurs, 130\u00a0x\u00a0120\u00a0mm &#8211; Panneau en polym\u00e8re \u00e9tanche avec interrupteurs \u00e0 bascule \u00e9clair\u00e9s par LED rouges. Le<\/p>\n","protected":false},"featured_media":5946467,"comment_status":"open","ping_status":"closed","template":"","meta":[],"product_brand":[2167,2829],"product_cat":[1172],"product_tag":[],"class_list":{"0":"post-731035","1":"product","2":"type-product","3":"status-publish","4":"has-post-thumbnail","6":"product_brand-blue-sea-systems","7":"product_brand-blue-sea-systems-fr","8":"product_cat-panneaux-dinterrupteur","10":"first","11":"instock","12":"shipping-taxable","13":"purchasable","14":"product-type-simple"},"_links":{"self":[{"href":"https:\/\/stoic-curie.212-227-153-4.plesk.page\/fr\/wp-json\/wp\/v2\/product\/731035","targetHints":{"allow":["GET"]}}],"collection":[{"href":"https:\/\/stoic-curie.212-227-153-4.plesk.page\/fr\/wp-json\/wp\/v2\/product"}],"about":[{"href":"https:\/\/stoic-curie.212-227-153-4.plesk.page\/fr\/wp-json\/wp\/v2\/types\/product"}],"replies":[{"embeddable":true,"href":"https:\/\/stoic-curie.212-227-153-4.plesk.page\/fr\/wp-json\/wp\/v2\/comments?post=731035"}],"version-history":[{"count":0,"href":"https:\/\/stoic-curie.212-227-153-4.plesk.page\/fr\/wp-json\/wp\/v2\/product\/731035\/revisions"}],"wp:featuredmedia":[{"embeddable":true,"href":"https:\/\/stoic-curie.212-227-153-4.plesk.page\/fr\/wp-json\/wp\/v2\/media\/5946467"}],"wp:attachment":[{"href":"https:\/\/stoic-curie.212-227-153-4.plesk.page\/fr\/wp-json\/wp\/v2\/media?parent=731035"}],"wp:term":[{"taxonomy":"product_brand","embeddable":true,"href":"https:\/\/stoic-curie.212-227-153-4.plesk.page\/fr\/wp-json\/wp\/v2\/product_brand?post=731035"},{"taxonomy":"product_cat","embeddable":true,"href":"https:\/\/stoic-curie.212-227-153-4.plesk.page\/fr\/wp-json\/wp\/v2\/product_cat?post=731035"},{"taxonomy":"product_tag","embeddable":true,"href":"https:\/\/stoic-curie.212-227-153-4.plesk.page\/fr\/wp-json\/wp\/v2\/product_tag?post=731035"}],"curies":[{"name":"wp","href":"https:\/\/api.w.org\/{rel}","templated":true}]}}