{"id":731037,"date":"2025-03-03T16:10:02","date_gmt":"2025-03-03T15:10:02","guid":{"rendered":"https:\/\/stoic-curie.212-227-153-4.plesk.page\/producto\/panneau-solaire-souple-150-w-12-24-v-1190-x-670-mm\/"},"modified":"2026-02-24T23:08:44","modified_gmt":"2026-02-24T23:08:44","slug":"panneau-solaire-souple-150-w-12-24-v-1190-x-670-mm","status":"publish","type":"product","link":"https:\/\/stoic-curie.212-227-153-4.plesk.page\/fr\/product\/panneau-solaire-souple-150-w-12-24-v-1190-x-670-mm\/","title":{"rendered":"Panneau solaire souple, 150\u00a0W, 12\/24\u00a0V, 1190\u00a0x\u00a0670\u00a0mm"},"content":{"rendered":"<p>Panneau solaire souple, 150\u00a0W, 12\/24\u00a0V, 1190\u00a0x\u00a0670\u00a0mm &#8211; <\/p>\n<p>Panneaux solaires semi-flexibles et l\u00e9gers avec des cellules en silicium monocristallin de haute efficacit\u00e9. Couverture en polym\u00e8re ETFE et base en composite de TPT avec une \u00e9paisseur totale de 2,5 mm pour une flexibilit\u00e9 et une r\u00e9sistance sup\u00e9rieures. Fourni avec des \u0153illets en acier inoxydable pour la fixation, deux c\u00e2bles de 90 cm et des connecteurs MC4. Diode et bo\u00eete de connexion immerg\u00e9es dans une p\u00e2te de silicone IP68. \u00c0 compl\u00e9ter avec un r\u00e9gulateur de charge, bas\u00e9 sur le nombre de sorties requises et la somme des amplitudes (Imp) de chaque panneau individuel. Wp = Puissance nominale (W) Imp = Courant de puissance maximale (A) Voc = Tension de circuit ouvert (V)<\/p>\n","protected":false},"excerpt":{"rendered":"<p>Panneau solaire souple, 150\u00a0W, 12\/24\u00a0V, 1190\u00a0x\u00a0670\u00a0mm &#8211; Panneaux solaires semi-flexibles et l\u00e9gers avec des cellules en silicium monocristallin de haute<\/p>\n","protected":false},"featured_media":5943387,"comment_status":"open","ping_status":"closed","template":"","meta":[],"product_brand":[2829],"product_cat":[1175],"product_tag":[],"class_list":{"0":"post-731037","1":"product","2":"type-product","3":"status-publish","4":"has-post-thumbnail","6":"product_brand-blue-sea-systems-fr","7":"product_cat-panneaux-solaires","9":"first","10":"instock","11":"shipping-taxable","12":"purchasable","13":"product-type-simple"},"_links":{"self":[{"href":"https:\/\/stoic-curie.212-227-153-4.plesk.page\/fr\/wp-json\/wp\/v2\/product\/731037","targetHints":{"allow":["GET"]}}],"collection":[{"href":"https:\/\/stoic-curie.212-227-153-4.plesk.page\/fr\/wp-json\/wp\/v2\/product"}],"about":[{"href":"https:\/\/stoic-curie.212-227-153-4.plesk.page\/fr\/wp-json\/wp\/v2\/types\/product"}],"replies":[{"embeddable":true,"href":"https:\/\/stoic-curie.212-227-153-4.plesk.page\/fr\/wp-json\/wp\/v2\/comments?post=731037"}],"version-history":[{"count":0,"href":"https:\/\/stoic-curie.212-227-153-4.plesk.page\/fr\/wp-json\/wp\/v2\/product\/731037\/revisions"}],"wp:featuredmedia":[{"embeddable":true,"href":"https:\/\/stoic-curie.212-227-153-4.plesk.page\/fr\/wp-json\/wp\/v2\/media\/5943387"}],"wp:attachment":[{"href":"https:\/\/stoic-curie.212-227-153-4.plesk.page\/fr\/wp-json\/wp\/v2\/media?parent=731037"}],"wp:term":[{"taxonomy":"product_brand","embeddable":true,"href":"https:\/\/stoic-curie.212-227-153-4.plesk.page\/fr\/wp-json\/wp\/v2\/product_brand?post=731037"},{"taxonomy":"product_cat","embeddable":true,"href":"https:\/\/stoic-curie.212-227-153-4.plesk.page\/fr\/wp-json\/wp\/v2\/product_cat?post=731037"},{"taxonomy":"product_tag","embeddable":true,"href":"https:\/\/stoic-curie.212-227-153-4.plesk.page\/fr\/wp-json\/wp\/v2\/product_tag?post=731037"}],"curies":[{"name":"wp","href":"https:\/\/api.w.org\/{rel}","templated":true}]}}