{"id":731040,"date":"2025-03-03T16:10:02","date_gmt":"2025-03-03T15:10:02","guid":{"rendered":"https:\/\/stoic-curie.212-227-153-4.plesk.page\/producto\/panneau-solaire-pliable-100-w-12-24-v-565-x-1210-mm\/"},"modified":"2026-02-24T23:08:44","modified_gmt":"2026-02-24T23:08:44","slug":"panneau-solaire-pliable-100-w-12-24-v-565-x-1210-mm","status":"publish","type":"product","link":"https:\/\/stoic-curie.212-227-153-4.plesk.page\/fr\/product\/panneau-solaire-pliable-100-w-12-24-v-565-x-1210-mm\/","title":{"rendered":"Panneau solaire pliable, 100\u00a0W, 12\/24\u00a0V, 565\u00a0x\u00a01210\u00a0mm"},"content":{"rendered":"<p>Panneau solaire pliable, 100\u00a0W, 12\/24\u00a0V, 565\u00a0x\u00a01210\u00a0mm &#8211; <\/p>\n<p>Panneaux solaires semi-flexibles l\u00e9gers et r\u00e9sistants de qualit\u00e9 sup\u00e9rieure avec des cellules en silicium monocrystalin \u00e0 haute efficacit\u00e9, pour un meilleur rendement pouvant atteindre 22%. Pliables et portables comme une mallette avec poign\u00e9es, gr\u00e2ce au tr\u00e9pied fourni, ils peuvent \u00eatre positionn\u00e9s et orient\u00e9s vers le soleil, ou fix\u00e9s en place avec du ruban adh\u00e9sif double face ou des vis. \u00c9galement utilis\u00e9s pour recharger des t\u00e9l\u00e9phones portables, des ordinateurs portables ou d&#8217;autres appareils de charge USB. Complet avec sortie de c\u00e2ble USB-A, 5V2A, chargeur de t\u00e9l\u00e9phone portable et ordinateur-B, 5V3A. Avec 2 x c\u00e2bles de 90 cm et connecteurs MC4. Doit \u00eatre compl\u00e9t\u00e9 par un contr\u00f4leur de charge qui doit \u00eatre choisi en fonction de la tension (12 ou 24V) de la batterie \u00e0 charger et de la somme du courant (Imp) de chaque panneau individuel. \u00c9paisseur totale du panneau 3 mm. Wp = Puissance nominale (W) Imp = Courant maximal (A) Voc = Tension \u00e0 circuit ouvert (V)<\/p>\n","protected":false},"excerpt":{"rendered":"<p>Panneau solaire pliable, 100\u00a0W, 12\/24\u00a0V, 565\u00a0x\u00a01210\u00a0mm &#8211; Panneaux solaires semi-flexibles l\u00e9gers et r\u00e9sistants de qualit\u00e9 sup\u00e9rieure avec des cellules en<\/p>\n","protected":false},"featured_media":5946472,"comment_status":"open","ping_status":"closed","template":"","meta":[],"product_brand":[2829],"product_cat":[1175],"product_tag":[],"class_list":{"0":"post-731040","1":"product","2":"type-product","3":"status-publish","4":"has-post-thumbnail","6":"product_brand-blue-sea-systems-fr","7":"product_cat-panneaux-solaires","9":"first","10":"instock","11":"shipping-taxable","12":"purchasable","13":"product-type-simple"},"_links":{"self":[{"href":"https:\/\/stoic-curie.212-227-153-4.plesk.page\/fr\/wp-json\/wp\/v2\/product\/731040","targetHints":{"allow":["GET"]}}],"collection":[{"href":"https:\/\/stoic-curie.212-227-153-4.plesk.page\/fr\/wp-json\/wp\/v2\/product"}],"about":[{"href":"https:\/\/stoic-curie.212-227-153-4.plesk.page\/fr\/wp-json\/wp\/v2\/types\/product"}],"replies":[{"embeddable":true,"href":"https:\/\/stoic-curie.212-227-153-4.plesk.page\/fr\/wp-json\/wp\/v2\/comments?post=731040"}],"version-history":[{"count":0,"href":"https:\/\/stoic-curie.212-227-153-4.plesk.page\/fr\/wp-json\/wp\/v2\/product\/731040\/revisions"}],"wp:featuredmedia":[{"embeddable":true,"href":"https:\/\/stoic-curie.212-227-153-4.plesk.page\/fr\/wp-json\/wp\/v2\/media\/5946472"}],"wp:attachment":[{"href":"https:\/\/stoic-curie.212-227-153-4.plesk.page\/fr\/wp-json\/wp\/v2\/media?parent=731040"}],"wp:term":[{"taxonomy":"product_brand","embeddable":true,"href":"https:\/\/stoic-curie.212-227-153-4.plesk.page\/fr\/wp-json\/wp\/v2\/product_brand?post=731040"},{"taxonomy":"product_cat","embeddable":true,"href":"https:\/\/stoic-curie.212-227-153-4.plesk.page\/fr\/wp-json\/wp\/v2\/product_cat?post=731040"},{"taxonomy":"product_tag","embeddable":true,"href":"https:\/\/stoic-curie.212-227-153-4.plesk.page\/fr\/wp-json\/wp\/v2\/product_tag?post=731040"}],"curies":[{"name":"wp","href":"https:\/\/api.w.org\/{rel}","templated":true}]}}