{"id":731042,"date":"2025-03-03T16:10:03","date_gmt":"2025-03-03T15:10:03","guid":{"rendered":"https:\/\/stoic-curie.212-227-153-4.plesk.page\/producto\/vaisselle-en-melamine-bluebay-16-unites\/"},"modified":"2026-02-24T23:08:44","modified_gmt":"2026-02-24T23:08:44","slug":"vaisselle-en-melamine-bluebay-16-unites","status":"publish","type":"product","link":"https:\/\/stoic-curie.212-227-153-4.plesk.page\/fr\/product\/vaisselle-en-melamine-bluebay-16-unites\/","title":{"rendered":"Vaisselle en m\u00e9lamine Bluebay, 16\u00a0unit\u00e9s"},"content":{"rendered":"<p>Vaisselle en m\u00e9lamine Bluebay, 16\u00a0unit\u00e9s &#8211; <\/p>\n<p>Set Bluebay de 16 pi\u00e8ces en m\u00e9lamine l\u00e9g\u00e8re et incassable, s\u00fbre pour les aliments. Compos\u00e9 de : 4 x assiettes \u00e0 d\u00eener de 25 cm de diam\u00e8tre 4 x assiettes \u00e0 soupe de 22 cm de diam\u00e8tre 4 x assiettes \u00e0 dessert de 20 cm de diam\u00e8tre 4 x mugs de 35 cl.<\/p>\n","protected":false},"excerpt":{"rendered":"<p>Vaisselle en m\u00e9lamine Bluebay, 16\u00a0unit\u00e9s &#8211; Set Bluebay de 16 pi\u00e8ces en m\u00e9lamine l\u00e9g\u00e8re et incassable, s\u00fbre pour les aliments.<\/p>\n","protected":false},"featured_media":3105199,"comment_status":"open","ping_status":"closed","template":"","meta":[],"product_brand":[3234,2166],"product_cat":[1071],"product_tag":[],"class_list":{"0":"post-731042","1":"product","2":"type-product","3":"status-publish","4":"has-post-thumbnail","6":"product_brand-osculati-fr","7":"product_brand-osculati","8":"product_cat-vaisselle-de-melamine","10":"first","11":"instock","12":"shipping-taxable","13":"purchasable","14":"product-type-simple"},"_links":{"self":[{"href":"https:\/\/stoic-curie.212-227-153-4.plesk.page\/fr\/wp-json\/wp\/v2\/product\/731042","targetHints":{"allow":["GET"]}}],"collection":[{"href":"https:\/\/stoic-curie.212-227-153-4.plesk.page\/fr\/wp-json\/wp\/v2\/product"}],"about":[{"href":"https:\/\/stoic-curie.212-227-153-4.plesk.page\/fr\/wp-json\/wp\/v2\/types\/product"}],"replies":[{"embeddable":true,"href":"https:\/\/stoic-curie.212-227-153-4.plesk.page\/fr\/wp-json\/wp\/v2\/comments?post=731042"}],"version-history":[{"count":0,"href":"https:\/\/stoic-curie.212-227-153-4.plesk.page\/fr\/wp-json\/wp\/v2\/product\/731042\/revisions"}],"wp:featuredmedia":[{"embeddable":true,"href":"https:\/\/stoic-curie.212-227-153-4.plesk.page\/fr\/wp-json\/"}],"wp:attachment":[{"href":"https:\/\/stoic-curie.212-227-153-4.plesk.page\/fr\/wp-json\/wp\/v2\/media?parent=731042"}],"wp:term":[{"taxonomy":"product_brand","embeddable":true,"href":"https:\/\/stoic-curie.212-227-153-4.plesk.page\/fr\/wp-json\/wp\/v2\/product_brand?post=731042"},{"taxonomy":"product_cat","embeddable":true,"href":"https:\/\/stoic-curie.212-227-153-4.plesk.page\/fr\/wp-json\/wp\/v2\/product_cat?post=731042"},{"taxonomy":"product_tag","embeddable":true,"href":"https:\/\/stoic-curie.212-227-153-4.plesk.page\/fr\/wp-json\/wp\/v2\/product_tag?post=731042"}],"curies":[{"name":"wp","href":"https:\/\/api.w.org\/{rel}","templated":true}]}}