{"id":731047,"date":"2025-03-03T16:10:04","date_gmt":"2025-03-03T15:10:04","guid":{"rendered":"https:\/\/stoic-curie.212-227-153-4.plesk.page\/producto\/veste-musto-br1-rouge-taille-l\/"},"modified":"2026-02-24T23:08:44","modified_gmt":"2026-02-24T23:08:44","slug":"veste-musto-br1-rouge-taille-l","status":"publish","type":"product","link":"https:\/\/stoic-curie.212-227-153-4.plesk.page\/fr\/product\/veste-musto-br1-rouge-taille-l\/","title":{"rendered":"Veste Musto BR1 rouge, taille L"},"content":{"rendered":"<p>Veste Musto BR1 rouge, taille L &#8211; <\/p>\n<p>La veste Musto BR1 Channel Offshore offre un niveau sup\u00e9rieur de protection imperm\u00e9able et coupe-vent en 3 couches. Avec des coutures int\u00e9gralement scell\u00e9es, des poignets ajustables, une doublure en maille \u00e0 s\u00e9chage rapide, un rabat temp\u00eate, un col en polaire hautement protecteur, une poche ext\u00e9rieure zipp\u00e9e, un cordon ajustable \u00e0 l&#8217;ourlet, un anneau en D pour le cordon de s\u00e9curit\u00e9, une capuche technique ajustable tr\u00e8s visible et des \u00e9l\u00e9ments r\u00e9fl\u00e9chissants.<\/p>\n","protected":false},"excerpt":{"rendered":"<p>Veste Musto BR1 rouge, taille L &#8211; La veste Musto BR1 Channel Offshore offre un niveau sup\u00e9rieur de protection imperm\u00e9able<\/p>\n","protected":false},"featured_media":5946481,"comment_status":"open","ping_status":"closed","template":"","meta":[],"product_brand":[3154],"product_cat":[1280],"product_tag":[],"class_list":{"0":"post-731047","1":"product","2":"type-product","3":"status-publish","4":"has-post-thumbnail","6":"product_brand-musto-fr","7":"product_cat-vetements-musto","9":"first","10":"instock","11":"shipping-taxable","12":"purchasable","13":"product-type-simple"},"_links":{"self":[{"href":"https:\/\/stoic-curie.212-227-153-4.plesk.page\/fr\/wp-json\/wp\/v2\/product\/731047","targetHints":{"allow":["GET"]}}],"collection":[{"href":"https:\/\/stoic-curie.212-227-153-4.plesk.page\/fr\/wp-json\/wp\/v2\/product"}],"about":[{"href":"https:\/\/stoic-curie.212-227-153-4.plesk.page\/fr\/wp-json\/wp\/v2\/types\/product"}],"replies":[{"embeddable":true,"href":"https:\/\/stoic-curie.212-227-153-4.plesk.page\/fr\/wp-json\/wp\/v2\/comments?post=731047"}],"version-history":[{"count":0,"href":"https:\/\/stoic-curie.212-227-153-4.plesk.page\/fr\/wp-json\/wp\/v2\/product\/731047\/revisions"}],"wp:featuredmedia":[{"embeddable":true,"href":"https:\/\/stoic-curie.212-227-153-4.plesk.page\/fr\/wp-json\/wp\/v2\/media\/5946481"}],"wp:attachment":[{"href":"https:\/\/stoic-curie.212-227-153-4.plesk.page\/fr\/wp-json\/wp\/v2\/media?parent=731047"}],"wp:term":[{"taxonomy":"product_brand","embeddable":true,"href":"https:\/\/stoic-curie.212-227-153-4.plesk.page\/fr\/wp-json\/wp\/v2\/product_brand?post=731047"},{"taxonomy":"product_cat","embeddable":true,"href":"https:\/\/stoic-curie.212-227-153-4.plesk.page\/fr\/wp-json\/wp\/v2\/product_cat?post=731047"},{"taxonomy":"product_tag","embeddable":true,"href":"https:\/\/stoic-curie.212-227-153-4.plesk.page\/fr\/wp-json\/wp\/v2\/product_tag?post=731047"}],"curies":[{"name":"wp","href":"https:\/\/api.w.org\/{rel}","templated":true}]}}