{"id":731054,"date":"2025-03-03T16:10:05","date_gmt":"2025-03-03T15:10:05","guid":{"rendered":"https:\/\/stoic-curie.212-227-153-4.plesk.page\/producto\/veste-musto-br1-noire-taille-xxl\/"},"modified":"2026-02-24T23:08:44","modified_gmt":"2026-02-24T23:08:44","slug":"veste-musto-br1-noire-taille-xxl","status":"publish","type":"product","link":"https:\/\/stoic-curie.212-227-153-4.plesk.page\/fr\/product\/veste-musto-br1-noire-taille-xxl\/","title":{"rendered":"Veste Musto BR1 noire, taille XXL"},"content":{"rendered":"<p>Veste Musto BR1 noire, taille XXL &#8211; <\/p>\n<p>Veste Musto BR1 Channel Offshore avec un niveau sup\u00e9rieur de protection \u00e9tanche et coupe-vent en 3 couches. Avec des coutures enti\u00e8rement scell\u00e9es, des poignets ajustables, une doublure en maille \u00e0 s\u00e9chage rapide, un rabat temp\u00eate, un col en polaire haute protection, une poche externe zipp\u00e9e, un cordon r\u00e9glable \u00e0 l&#8217;ourlet, un anneau en D pour cordon de s\u00e9curit\u00e9, une capuche technique ajustable haute visibilit\u00e9 et des \u00e9l\u00e9ments r\u00e9fl\u00e9chissants.<\/p>\n","protected":false},"excerpt":{"rendered":"<p>Veste Musto BR1 noire, taille XXL &#8211; Veste Musto BR1 Channel Offshore avec un niveau sup\u00e9rieur de protection \u00e9tanche et<\/p>\n","protected":false},"featured_media":5946484,"comment_status":"open","ping_status":"closed","template":"","meta":[],"product_brand":[3154],"product_cat":[1280],"product_tag":[],"class_list":{"0":"post-731054","1":"product","2":"type-product","3":"status-publish","4":"has-post-thumbnail","6":"product_brand-musto-fr","7":"product_cat-vetements-musto","9":"first","10":"instock","11":"shipping-taxable","12":"purchasable","13":"product-type-simple"},"_links":{"self":[{"href":"https:\/\/stoic-curie.212-227-153-4.plesk.page\/fr\/wp-json\/wp\/v2\/product\/731054","targetHints":{"allow":["GET"]}}],"collection":[{"href":"https:\/\/stoic-curie.212-227-153-4.plesk.page\/fr\/wp-json\/wp\/v2\/product"}],"about":[{"href":"https:\/\/stoic-curie.212-227-153-4.plesk.page\/fr\/wp-json\/wp\/v2\/types\/product"}],"replies":[{"embeddable":true,"href":"https:\/\/stoic-curie.212-227-153-4.plesk.page\/fr\/wp-json\/wp\/v2\/comments?post=731054"}],"version-history":[{"count":0,"href":"https:\/\/stoic-curie.212-227-153-4.plesk.page\/fr\/wp-json\/wp\/v2\/product\/731054\/revisions"}],"wp:featuredmedia":[{"embeddable":true,"href":"https:\/\/stoic-curie.212-227-153-4.plesk.page\/fr\/wp-json\/wp\/v2\/media\/5946484"}],"wp:attachment":[{"href":"https:\/\/stoic-curie.212-227-153-4.plesk.page\/fr\/wp-json\/wp\/v2\/media?parent=731054"}],"wp:term":[{"taxonomy":"product_brand","embeddable":true,"href":"https:\/\/stoic-curie.212-227-153-4.plesk.page\/fr\/wp-json\/wp\/v2\/product_brand?post=731054"},{"taxonomy":"product_cat","embeddable":true,"href":"https:\/\/stoic-curie.212-227-153-4.plesk.page\/fr\/wp-json\/wp\/v2\/product_cat?post=731054"},{"taxonomy":"product_tag","embeddable":true,"href":"https:\/\/stoic-curie.212-227-153-4.plesk.page\/fr\/wp-json\/wp\/v2\/product_tag?post=731054"}],"curies":[{"name":"wp","href":"https:\/\/api.w.org\/{rel}","templated":true}]}}