{"id":731062,"date":"2025-03-03T16:10:06","date_gmt":"2025-03-03T15:10:06","guid":{"rendered":"https:\/\/stoic-curie.212-227-153-4.plesk.page\/producto\/disjoncteur-magnetique-hydraulique-quick-10060-60a-dc\/"},"modified":"2026-02-24T23:08:44","modified_gmt":"2026-02-24T23:08:44","slug":"disjoncteur-magnetique-hydraulique-quick-10060-60a-dc","status":"publish","type":"product","link":"https:\/\/stoic-curie.212-227-153-4.plesk.page\/fr\/product\/disjoncteur-magnetique-hydraulique-quick-10060-60a-dc\/","title":{"rendered":"Disjoncteur magn\u00e9tique hydraulique Quick 10060 (60A \/ DC)"},"content":{"rendered":"<p>Disjoncteur magn\u00e9tique hydraulique Quick 10060 (60A \/ DC) &#8211; Le disjoncteur hydraulique magn\u00e9tique Quick de 60 amp\u00e8res offre une protection lors de l&#8217;utilisation de courants continus. Le disjoncteur \u00e0 d\u00e9clenchement lent se d\u00e9clenche en cas de surcharge, interrompant le circuit et prot\u00e9geant vos \u00e9quipements. Il peut \u00eatre r\u00e9initialis\u00e9 manuellement et convient jusqu&#8217;\u00e0 80V CC. Le disjoncteur Quick 10060 se d\u00e9clenche en pr\u00e9sence de courts-circuits ou de surcharges prolong\u00e9es.<\/p>\n","protected":false},"excerpt":{"rendered":"<p>Disjoncteur magn\u00e9tique hydraulique Quick 10060 (60A \/ DC) &#8211; Le disjoncteur hydraulique magn\u00e9tique Quick de 60 amp\u00e8res offre une protection<\/p>\n","protected":false},"featured_media":5946487,"comment_status":"open","ping_status":"closed","template":"","meta":[],"product_brand":[3279],"product_cat":[1174,1037],"product_tag":[],"class_list":{"0":"post-731062","1":"product","2":"type-product","3":"status-publish","4":"has-post-thumbnail","6":"product_brand-quick-fr","7":"product_cat-disjoncteurs-et-relais","8":"product_cat-guindeaux-quick","10":"first","11":"instock","12":"shipping-taxable","13":"purchasable","14":"product-type-simple"},"_links":{"self":[{"href":"https:\/\/stoic-curie.212-227-153-4.plesk.page\/fr\/wp-json\/wp\/v2\/product\/731062","targetHints":{"allow":["GET"]}}],"collection":[{"href":"https:\/\/stoic-curie.212-227-153-4.plesk.page\/fr\/wp-json\/wp\/v2\/product"}],"about":[{"href":"https:\/\/stoic-curie.212-227-153-4.plesk.page\/fr\/wp-json\/wp\/v2\/types\/product"}],"replies":[{"embeddable":true,"href":"https:\/\/stoic-curie.212-227-153-4.plesk.page\/fr\/wp-json\/wp\/v2\/comments?post=731062"}],"version-history":[{"count":0,"href":"https:\/\/stoic-curie.212-227-153-4.plesk.page\/fr\/wp-json\/wp\/v2\/product\/731062\/revisions"}],"wp:featuredmedia":[{"embeddable":true,"href":"https:\/\/stoic-curie.212-227-153-4.plesk.page\/fr\/wp-json\/wp\/v2\/media\/5946487"}],"wp:attachment":[{"href":"https:\/\/stoic-curie.212-227-153-4.plesk.page\/fr\/wp-json\/wp\/v2\/media?parent=731062"}],"wp:term":[{"taxonomy":"product_brand","embeddable":true,"href":"https:\/\/stoic-curie.212-227-153-4.plesk.page\/fr\/wp-json\/wp\/v2\/product_brand?post=731062"},{"taxonomy":"product_cat","embeddable":true,"href":"https:\/\/stoic-curie.212-227-153-4.plesk.page\/fr\/wp-json\/wp\/v2\/product_cat?post=731062"},{"taxonomy":"product_tag","embeddable":true,"href":"https:\/\/stoic-curie.212-227-153-4.plesk.page\/fr\/wp-json\/wp\/v2\/product_tag?post=731062"}],"curies":[{"name":"wp","href":"https:\/\/api.w.org\/{rel}","templated":true}]}}