{"id":731064,"date":"2025-03-03T16:10:07","date_gmt":"2025-03-03T15:10:07","guid":{"rendered":"https:\/\/stoic-curie.212-227-153-4.plesk.page\/producto\/disjoncteur-magnetique-hydraulique-quick-10040-40a-dc\/"},"modified":"2026-02-24T23:08:44","modified_gmt":"2026-02-24T23:08:44","slug":"disjoncteur-magnetique-hydraulique-quick-10040-40a-dc","status":"publish","type":"product","link":"https:\/\/stoic-curie.212-227-153-4.plesk.page\/fr\/product\/disjoncteur-magnetique-hydraulique-quick-10040-40a-dc\/","title":{"rendered":"Disjoncteur magn\u00e9tique hydraulique Quick 10040 (40A \/ DC)"},"content":{"rendered":"<p>Disjoncteur magn\u00e9tique hydraulique Quick 10040 (40A \/ DC) &#8211; Le disjoncteur magn\u00e9tique hydraulique Quick de 40 amp\u00e8res offre une protection lors de l&#8217;utilisation de courants continus. Le disjoncteur \u00e0 combustion lente se d\u00e9clenche en cas de surintensit\u00e9, interrompant le circuit et prot\u00e9geant votre \u00e9quipement. Il peut \u00eatre r\u00e9initialis\u00e9 manuellement et est adapt\u00e9 jusqu&#8217;\u00e0 80V CC. Le disjoncteur Quick 10040 se d\u00e9clenche en cas de courts-circuits ou de surcharges prolong\u00e9es.<\/p>\n","protected":false},"excerpt":{"rendered":"<p>Disjoncteur magn\u00e9tique hydraulique Quick 10040 (40A \/ DC) &#8211; Le disjoncteur magn\u00e9tique hydraulique Quick de 40 amp\u00e8res offre une protection<\/p>\n","protected":false},"featured_media":5946487,"comment_status":"open","ping_status":"closed","template":"","meta":[],"product_brand":[3279],"product_cat":[1174],"product_tag":[],"class_list":{"0":"post-731064","1":"product","2":"type-product","3":"status-publish","4":"has-post-thumbnail","6":"product_brand-quick-fr","7":"product_cat-disjoncteurs-et-relais","9":"first","10":"instock","11":"shipping-taxable","12":"purchasable","13":"product-type-simple"},"_links":{"self":[{"href":"https:\/\/stoic-curie.212-227-153-4.plesk.page\/fr\/wp-json\/wp\/v2\/product\/731064","targetHints":{"allow":["GET"]}}],"collection":[{"href":"https:\/\/stoic-curie.212-227-153-4.plesk.page\/fr\/wp-json\/wp\/v2\/product"}],"about":[{"href":"https:\/\/stoic-curie.212-227-153-4.plesk.page\/fr\/wp-json\/wp\/v2\/types\/product"}],"replies":[{"embeddable":true,"href":"https:\/\/stoic-curie.212-227-153-4.plesk.page\/fr\/wp-json\/wp\/v2\/comments?post=731064"}],"version-history":[{"count":0,"href":"https:\/\/stoic-curie.212-227-153-4.plesk.page\/fr\/wp-json\/wp\/v2\/product\/731064\/revisions"}],"wp:featuredmedia":[{"embeddable":true,"href":"https:\/\/stoic-curie.212-227-153-4.plesk.page\/fr\/wp-json\/wp\/v2\/media\/5946487"}],"wp:attachment":[{"href":"https:\/\/stoic-curie.212-227-153-4.plesk.page\/fr\/wp-json\/wp\/v2\/media?parent=731064"}],"wp:term":[{"taxonomy":"product_brand","embeddable":true,"href":"https:\/\/stoic-curie.212-227-153-4.plesk.page\/fr\/wp-json\/wp\/v2\/product_brand?post=731064"},{"taxonomy":"product_cat","embeddable":true,"href":"https:\/\/stoic-curie.212-227-153-4.plesk.page\/fr\/wp-json\/wp\/v2\/product_cat?post=731064"},{"taxonomy":"product_tag","embeddable":true,"href":"https:\/\/stoic-curie.212-227-153-4.plesk.page\/fr\/wp-json\/wp\/v2\/product_tag?post=731064"}],"curies":[{"name":"wp","href":"https:\/\/api.w.org\/{rel}","templated":true}]}}