{"id":731065,"date":"2025-03-03T16:10:07","date_gmt":"2025-03-03T15:10:07","guid":{"rendered":"https:\/\/stoic-curie.212-227-153-4.plesk.page\/producto\/marinco-spotlight-telecommande-sans-fil-uniquement-montage-sur-pont\/"},"modified":"2026-02-24T23:08:44","modified_gmt":"2026-02-24T23:08:44","slug":"marinco-spotlight-telecommande-sans-fil-uniquement-montage-sur-pont","status":"publish","type":"product","link":"https:\/\/stoic-curie.212-227-153-4.plesk.page\/fr\/product\/marinco-spotlight-telecommande-sans-fil-uniquement-montage-sur-pont\/","title":{"rendered":"Marinco Spotlight T\u00e9l\u00e9commande sans fil uniquement Montage sur pont"},"content":{"rendered":"<p>Marinco Spotlight T\u00e9l\u00e9commande sans fil uniquement Montage sur pont &#8211; <\/p>\n<div>\n<p>Puissance: 12 ou 24 Volts (c\u00e2bl\u00e9)<\/p>\n<p>Consommation (au repos \/ en utilisation) : n\u00e9gligeable<\/p>\n<p>Port\u00e9e sans fil: 200&#8221; (65M)<\/p>\n<p>Dimensions: 3,5&#8243; L x 2,25&#8243; H x 0,75&#8243; P (88 x 57 x 19 mm)<\/p>\n<p>Poids: 2,12 oz (60 g)<\/p>\n<p>Mat\u00e9riau du bo\u00eetier: PC\/ASA r\u00e9sistant aux UV<\/p>\n<p>Mat\u00e9riau du bouton: Silicone (lumineux dans l&#8217;obscurit\u00e9)<\/p>\n<p>Plage de temp\u00e9rature de fonctionnement: 5<\/p>\n<\/div>\n","protected":false},"excerpt":{"rendered":"<p>Marinco Spotlight T\u00e9l\u00e9commande sans fil uniquement Montage sur pont &#8211; Puissance: 12 ou 24 Volts (c\u00e2bl\u00e9) Consommation (au repos \/<\/p>\n","protected":false},"featured_media":5946490,"comment_status":"open","ping_status":"closed","template":"","meta":[],"product_brand":[3104],"product_cat":[1160],"product_tag":[],"class_list":{"0":"post-731065","1":"product","2":"type-product","3":"status-publish","4":"has-post-thumbnail","6":"product_brand-marinco-fr","7":"product_cat-projecteurs","9":"first","10":"instock","11":"shipping-taxable","12":"purchasable","13":"product-type-simple"},"_links":{"self":[{"href":"https:\/\/stoic-curie.212-227-153-4.plesk.page\/fr\/wp-json\/wp\/v2\/product\/731065","targetHints":{"allow":["GET"]}}],"collection":[{"href":"https:\/\/stoic-curie.212-227-153-4.plesk.page\/fr\/wp-json\/wp\/v2\/product"}],"about":[{"href":"https:\/\/stoic-curie.212-227-153-4.plesk.page\/fr\/wp-json\/wp\/v2\/types\/product"}],"replies":[{"embeddable":true,"href":"https:\/\/stoic-curie.212-227-153-4.plesk.page\/fr\/wp-json\/wp\/v2\/comments?post=731065"}],"version-history":[{"count":0,"href":"https:\/\/stoic-curie.212-227-153-4.plesk.page\/fr\/wp-json\/wp\/v2\/product\/731065\/revisions"}],"wp:featuredmedia":[{"embeddable":true,"href":"https:\/\/stoic-curie.212-227-153-4.plesk.page\/fr\/wp-json\/wp\/v2\/media\/5946490"}],"wp:attachment":[{"href":"https:\/\/stoic-curie.212-227-153-4.plesk.page\/fr\/wp-json\/wp\/v2\/media?parent=731065"}],"wp:term":[{"taxonomy":"product_brand","embeddable":true,"href":"https:\/\/stoic-curie.212-227-153-4.plesk.page\/fr\/wp-json\/wp\/v2\/product_brand?post=731065"},{"taxonomy":"product_cat","embeddable":true,"href":"https:\/\/stoic-curie.212-227-153-4.plesk.page\/fr\/wp-json\/wp\/v2\/product_cat?post=731065"},{"taxonomy":"product_tag","embeddable":true,"href":"https:\/\/stoic-curie.212-227-153-4.plesk.page\/fr\/wp-json\/wp\/v2\/product_tag?post=731065"}],"curies":[{"name":"wp","href":"https:\/\/api.w.org\/{rel}","templated":true}]}}