{"id":731066,"date":"2025-03-03T16:10:07","date_gmt":"2025-03-03T15:10:07","guid":{"rendered":"https:\/\/stoic-curie.212-227-153-4.plesk.page\/producto\/telecommande-portable-marinco\/"},"modified":"2026-02-24T23:08:44","modified_gmt":"2026-02-24T23:08:44","slug":"telecommande-portable-marinco","status":"publish","type":"product","link":"https:\/\/stoic-curie.212-227-153-4.plesk.page\/fr\/product\/telecommande-portable-marinco\/","title":{"rendered":"T\u00e9l\u00e9commande portable Marinco"},"content":{"rendered":"<p>T\u00e9l\u00e9commande portable Marinco &#8211; <\/p>\n<div>\n<p> t\u00e9l\u00e9commande de pont portable <\/p>\n<p>Alimentation : batterie bouton CR2450<\/p>\n<p>Consommation actuelle (au repos \/ en utilisation) : n\u00e9gligeable<\/p>\n<p>Port\u00e9e sans fil : 200&#8242; (65 m)<\/p>\n<p>Autonomie estim\u00e9e de la batterie : > 40 heures (usage continu)<\/p>\n<p>Dimensions : 2,0&#8243;L x 3,78&#8243;H x 1&#8243;P (51 x 96 x 25 mm)<\/p>\n<p>Poids : 2,82 oz (80 g)<\/p>\n<p>Mat\u00e9riau du bo\u00eetier : PC\/ASA r\u00e9sistant aux UV<\/p>\n<p>Mat\u00e9riau du bouton : Silicone (brille dans l&#8217;obscurit\u00e9)<\/p>\n<p>Plage de temp\u00e9rature de fonctionnement : 5<\/p>\n<\/div>\n","protected":false},"excerpt":{"rendered":"<p>T\u00e9l\u00e9commande portable Marinco &#8211; t\u00e9l\u00e9commande de pont portable Alimentation : batterie bouton CR2450 Consommation actuelle (au repos \/ en utilisation)<\/p>\n","protected":false},"featured_media":5946491,"comment_status":"open","ping_status":"closed","template":"","meta":[],"product_brand":[3104],"product_cat":[1160],"product_tag":[],"class_list":{"0":"post-731066","1":"product","2":"type-product","3":"status-publish","4":"has-post-thumbnail","6":"product_brand-marinco-fr","7":"product_cat-projecteurs","9":"first","10":"instock","11":"shipping-taxable","12":"purchasable","13":"product-type-simple"},"_links":{"self":[{"href":"https:\/\/stoic-curie.212-227-153-4.plesk.page\/fr\/wp-json\/wp\/v2\/product\/731066","targetHints":{"allow":["GET"]}}],"collection":[{"href":"https:\/\/stoic-curie.212-227-153-4.plesk.page\/fr\/wp-json\/wp\/v2\/product"}],"about":[{"href":"https:\/\/stoic-curie.212-227-153-4.plesk.page\/fr\/wp-json\/wp\/v2\/types\/product"}],"replies":[{"embeddable":true,"href":"https:\/\/stoic-curie.212-227-153-4.plesk.page\/fr\/wp-json\/wp\/v2\/comments?post=731066"}],"version-history":[{"count":0,"href":"https:\/\/stoic-curie.212-227-153-4.plesk.page\/fr\/wp-json\/wp\/v2\/product\/731066\/revisions"}],"wp:featuredmedia":[{"embeddable":true,"href":"https:\/\/stoic-curie.212-227-153-4.plesk.page\/fr\/wp-json\/wp\/v2\/media\/5946491"}],"wp:attachment":[{"href":"https:\/\/stoic-curie.212-227-153-4.plesk.page\/fr\/wp-json\/wp\/v2\/media?parent=731066"}],"wp:term":[{"taxonomy":"product_brand","embeddable":true,"href":"https:\/\/stoic-curie.212-227-153-4.plesk.page\/fr\/wp-json\/wp\/v2\/product_brand?post=731066"},{"taxonomy":"product_cat","embeddable":true,"href":"https:\/\/stoic-curie.212-227-153-4.plesk.page\/fr\/wp-json\/wp\/v2\/product_cat?post=731066"},{"taxonomy":"product_tag","embeddable":true,"href":"https:\/\/stoic-curie.212-227-153-4.plesk.page\/fr\/wp-json\/wp\/v2\/product_tag?post=731066"}],"curies":[{"name":"wp","href":"https:\/\/api.w.org\/{rel}","templated":true}]}}