{"id":731067,"date":"2025-03-03T16:10:07","date_gmt":"2025-03-03T15:10:07","guid":{"rendered":"https:\/\/stoic-curie.212-227-153-4.plesk.page\/producto\/jg-speedfit-ld-coupe-tube-plastique-max-22mm\/"},"modified":"2026-02-24T23:08:44","modified_gmt":"2026-02-24T23:08:44","slug":"jg-speedfit-ld-coupe-tube-plastique-max-22mm","status":"publish","type":"product","link":"https:\/\/stoic-curie.212-227-153-4.plesk.page\/fr\/product\/jg-speedfit-ld-coupe-tube-plastique-max-22mm\/","title":{"rendered":"JG Speedfit LD Coupe-tube plastique Max 22mm"},"content":{"rendered":"<p>JG Speedfit LD Coupe-tube plastique Max 22mm &#8211; <\/p>\n<div>\n<p>Le coupe-tube John Guest Speedfit JG-TS est adapt\u00e9 pour couper des tubes barri\u00e8res JG Speedfit mesurant jusqu&#8217;\u00e0 22 mm de diam\u00e8tre.<\/p>\n<p>L&#8217;outil coupe-tube Speedfit vous permet de couper votre tube Speedfit de mani\u00e8re efficace et s\u00e9curis\u00e9e, cr\u00e9ant une coupe nette.<\/p>\n<\/div>\n","protected":false},"excerpt":{"rendered":"<p>JG Speedfit LD Coupe-tube plastique Max 22mm &#8211; Le coupe-tube John Guest Speedfit JG-TS est adapt\u00e9 pour couper des tubes<\/p>\n","protected":false},"featured_media":5946506,"comment_status":"open","ping_status":"closed","template":"","meta":[],"product_brand":[3424],"product_cat":[1087],"product_tag":[],"class_list":{"0":"post-731067","1":"product","2":"type-product","3":"status-publish","4":"has-post-thumbnail","6":"product_brand-speedfit-fr","7":"product_cat-plomberie-en-plastique","9":"first","10":"instock","11":"shipping-taxable","12":"purchasable","13":"product-type-simple"},"_links":{"self":[{"href":"https:\/\/stoic-curie.212-227-153-4.plesk.page\/fr\/wp-json\/wp\/v2\/product\/731067","targetHints":{"allow":["GET"]}}],"collection":[{"href":"https:\/\/stoic-curie.212-227-153-4.plesk.page\/fr\/wp-json\/wp\/v2\/product"}],"about":[{"href":"https:\/\/stoic-curie.212-227-153-4.plesk.page\/fr\/wp-json\/wp\/v2\/types\/product"}],"replies":[{"embeddable":true,"href":"https:\/\/stoic-curie.212-227-153-4.plesk.page\/fr\/wp-json\/wp\/v2\/comments?post=731067"}],"version-history":[{"count":0,"href":"https:\/\/stoic-curie.212-227-153-4.plesk.page\/fr\/wp-json\/wp\/v2\/product\/731067\/revisions"}],"wp:featuredmedia":[{"embeddable":true,"href":"https:\/\/stoic-curie.212-227-153-4.plesk.page\/fr\/wp-json\/wp\/v2\/media\/5946506"}],"wp:attachment":[{"href":"https:\/\/stoic-curie.212-227-153-4.plesk.page\/fr\/wp-json\/wp\/v2\/media?parent=731067"}],"wp:term":[{"taxonomy":"product_brand","embeddable":true,"href":"https:\/\/stoic-curie.212-227-153-4.plesk.page\/fr\/wp-json\/wp\/v2\/product_brand?post=731067"},{"taxonomy":"product_cat","embeddable":true,"href":"https:\/\/stoic-curie.212-227-153-4.plesk.page\/fr\/wp-json\/wp\/v2\/product_cat?post=731067"},{"taxonomy":"product_tag","embeddable":true,"href":"https:\/\/stoic-curie.212-227-153-4.plesk.page\/fr\/wp-json\/wp\/v2\/product_tag?post=731067"}],"curies":[{"name":"wp","href":"https:\/\/api.w.org\/{rel}","templated":true}]}}