{"id":731082,"date":"2025-03-03T16:10:10","date_gmt":"2025-03-03T15:10:10","guid":{"rendered":"https:\/\/stoic-curie.212-227-153-4.plesk.page\/producto\/veste-softshell-musto-essential-noire-taille-m\/"},"modified":"2026-02-24T23:08:44","modified_gmt":"2026-02-24T23:08:44","slug":"veste-softshell-musto-essential-noire-taille-m","status":"publish","type":"product","link":"https:\/\/stoic-curie.212-227-153-4.plesk.page\/fr\/product\/veste-softshell-musto-essential-noire-taille-m\/","title":{"rendered":"Veste softshell Musto Essential noire, taille\u00a0M"},"content":{"rendered":"<p>Veste softshell Musto Essential noire, taille\u00a0M &#8211; <\/p>\n<p>La veste Musto Essential Softshell est compos\u00e9e d&#8217;un tissu softshell extensible, respirant et coupe-vent. Traitement DWR (Durabilit\u00e9 de la R\u00e9pulsion \u00e0 l&#8217;Eau), deux poches lat\u00e9rales et une sur le bras avec fermeture \u00e9clair, ourlet et poignets avec bords \u00e9lastiques pour un ajustement parfait et des manches articul\u00e9es pour une libert\u00e9 de mouvement maximale.<\/p>\n","protected":false},"excerpt":{"rendered":"<p>Veste softshell Musto Essential noire, taille\u00a0M &#8211; La veste Musto Essential Softshell est compos\u00e9e d&#8217;un tissu softshell extensible, respirant et<\/p>\n","protected":false},"featured_media":5946523,"comment_status":"open","ping_status":"closed","template":"","meta":[],"product_brand":[3154],"product_cat":[1280],"product_tag":[],"class_list":{"0":"post-731082","1":"product","2":"type-product","3":"status-publish","4":"has-post-thumbnail","6":"product_brand-musto-fr","7":"product_cat-vetements-musto","9":"first","10":"instock","11":"shipping-taxable","12":"purchasable","13":"product-type-simple"},"_links":{"self":[{"href":"https:\/\/stoic-curie.212-227-153-4.plesk.page\/fr\/wp-json\/wp\/v2\/product\/731082","targetHints":{"allow":["GET"]}}],"collection":[{"href":"https:\/\/stoic-curie.212-227-153-4.plesk.page\/fr\/wp-json\/wp\/v2\/product"}],"about":[{"href":"https:\/\/stoic-curie.212-227-153-4.plesk.page\/fr\/wp-json\/wp\/v2\/types\/product"}],"replies":[{"embeddable":true,"href":"https:\/\/stoic-curie.212-227-153-4.plesk.page\/fr\/wp-json\/wp\/v2\/comments?post=731082"}],"version-history":[{"count":0,"href":"https:\/\/stoic-curie.212-227-153-4.plesk.page\/fr\/wp-json\/wp\/v2\/product\/731082\/revisions"}],"wp:featuredmedia":[{"embeddable":true,"href":"https:\/\/stoic-curie.212-227-153-4.plesk.page\/fr\/wp-json\/wp\/v2\/media\/5946523"}],"wp:attachment":[{"href":"https:\/\/stoic-curie.212-227-153-4.plesk.page\/fr\/wp-json\/wp\/v2\/media?parent=731082"}],"wp:term":[{"taxonomy":"product_brand","embeddable":true,"href":"https:\/\/stoic-curie.212-227-153-4.plesk.page\/fr\/wp-json\/wp\/v2\/product_brand?post=731082"},{"taxonomy":"product_cat","embeddable":true,"href":"https:\/\/stoic-curie.212-227-153-4.plesk.page\/fr\/wp-json\/wp\/v2\/product_cat?post=731082"},{"taxonomy":"product_tag","embeddable":true,"href":"https:\/\/stoic-curie.212-227-153-4.plesk.page\/fr\/wp-json\/wp\/v2\/product_tag?post=731082"}],"curies":[{"name":"wp","href":"https:\/\/api.w.org\/{rel}","templated":true}]}}