{"id":732089,"date":"2025-03-03T16:14:08","date_gmt":"2025-03-03T15:14:08","guid":{"rendered":"https:\/\/stoic-curie.212-227-153-4.plesk.page\/producto\/ancre-ultra-marine-en-inox-8-kg\/"},"modified":"2026-02-24T23:08:52","modified_gmt":"2026-02-24T23:08:52","slug":"ancre-ultra-marine-en-inox-8-kg","status":"publish","type":"product","link":"https:\/\/stoic-curie.212-227-153-4.plesk.page\/fr\/product\/ancre-ultra-marine-en-inox-8-kg\/","title":{"rendered":"Ancre Ultra Marine en inox, 8\u00a0kg"},"content":{"rendered":"<p>Ancre Ultra Marine en inox, 8\u00a0kg &#8211; <\/p>\n<p style=\"color: rgb(34, 34, 34); font-family: Arial, Helvetica, sans-serif; font-size: small;\">Fabriqu\u00e9 \u00e0 la main en acier inoxydable 316 et soigneusement poli, les Ultra Ancrages soulignent l&#8217;importance d&#8217;une bonne r\u00e9partition du poids et d&#8217;un bon design lors de la mise en place et de la r\u00e9cup\u00e9ration d&#8217;un ancre. Il est \u00e0 noter que si vous inversez un Ultra Ancre, il reviendra automatiquement \u00e0 sa position optimale. Chaque ancre dispose d&#8217;une surface de pivot plate sur le dessous, facilitant la r\u00e9cup\u00e9ration.<\/p>\n<p style=\"color: rgb(34, 34, 34); font-family: Arial, Helvetica, sans-serif; font-size: small;\">Les Ultra Ancrages sont con\u00e7us pour tous les types de navires et peuvent \u00eatre mont\u00e9s en toute s\u00e9curit\u00e9 sur le rouleau de proue. Les tailles d&#8217;ancre standard varient de 5 kg \u00e0 360 kg, des tailles plus grandes sont disponibles sur demande. Fabriqu\u00e9s \u00e0 partir des meilleurs mat\u00e9riaux en Europe et con\u00e7us par des ing\u00e9nieurs qualifi\u00e9s, les Ultra Ancrages b\u00e9n\u00e9ficient d&#8217;une garantie \u00e0 vie contre les d\u00e9fauts de fabrication dans des conditions et des usages normaux.<\/p>\n<p style=\"color: rgb(34, 34, 34); font-family: Arial, Helvetica, sans-serif; font-size: small;\"><strong>Caract\u00e9ristiques<\/strong><\/p>\n<ul style=\"color: rgb(34, 34, 34); font-family: Arial, Helvetica, sans-serif; font-size: small;\">\n<li>\n<p><strong>Manche Creux :<\/strong>\u00a0Ce design concentre le poids \u00e0 la pointe de l&#8217;ancre pour de meilleures performances.<\/p>\n<\/li>\n<li>\n<p><strong>Construction Tubulaire :<\/strong>\u00a0L&#8217;ancre ne peut pas reposer sur son dos, ce qui lui permet de revenir imm\u00e9diatement \u00e0 sa position optimale. Elle s&#8217;adapte \u00e9galement correctement au rouleau de proue.<\/p>\n<\/li>\n<li>\n<p><strong>Pointe Remplie de Plomb :<\/strong>\u00a0Du plomb est ajout\u00e9 \u00e0 la pointe de l&#8217;ancre pour obtenir une r\u00e9partition du poids id\u00e9ale, assurant une p\u00e9n\u00e9tration efficace dans des conditions de fond difficiles.<\/p>\n<\/li>\n<li>\n<p><strong>Point de Protection Anti-Rayure :<\/strong>\u00a0Situ\u00e9e en bas, cette fonctionnalit\u00e9 emp\u00eache l&#8217;ancre de tra\u00eener et garantit son \u00e9tablissement imm\u00e9diat lorsqu&#8217;elle se d\u00e9place.<\/p>\n<\/li>\n<li>\n<p><strong>Pointe Courb\u00e9e :<\/strong>\u00a0La forme de la pointe de l&#8217;ancre orient\u00e9e vers le bas permet un placement coh\u00e9rent par mauvais temps. Ses angles aident \u00e9galement l&#8217;ancre \u00e0 se placer rapidement, m\u00eame si elle n&#8217;est pas dans la position parfaite.<\/p>\n<\/li>\n<li>\n<p><strong>Base de Puissance de Maintien Maximale :<\/strong>\u00a0La base concave ressemble \u00e0 une pelle et offre une puissance de maintien exceptionnelle, avec une plus grande surface que les ancres traditionnelles. Ce design entra\u00eene un ancre plus s\u00e9curis\u00e9 qui ne se lib\u00e9rera pas facilement.<\/p>\n<\/li>\n<li>\n<p><strong>\u0152illet Renforc\u00e9 :<\/strong>\u00a0L&#8217;\u0153illet renforc\u00e9 du manche est con\u00e7u pour r\u00e9sister \u00e0 des charges extr\u00eames sans se plier, se casser ou \u00e9chouer.<\/p>\n<\/li>\n<li>\n<p><strong>Partie Inf\u00e9rieure Plate :<\/strong>\u00a0Lorsque vous commencez \u00e0 r\u00e9cup\u00e9rer l&#8217;ancre du fond marin, elle pivote sur la section plate et commence \u00e0 se lib\u00e9rer (le bateau doit \u00eatre directement au-dessus de l&#8217;ancre).<\/p>\n<\/li>\n<li>\n<p><strong>Plates de Languette Lat\u00e9rale :<\/strong>\u00a0L\u2019ULTRAnchor reste s\u00e9curis\u00e9 dans les vents ou les mar\u00e9es changeants, effectuant une rotation compl\u00e8te de 180 degr\u00e9s (tout en \u00e9tant encore enfouie) pour se maintenir fermement. Ce design facilite \u00e9galement le transport et maintient une forme constante sur les rouleaux de proue.<\/p>\n<\/li>\n<li>\n<p><strong>Barre Anti-Enchev\u00eatrement :<\/strong>\u00a0Cette caract\u00e9ristique innovante emp\u00eache la cha\u00eene de s&#8217;enrouler autour du manche de l&#8217;ancre, assurant qu&#8217;elle puisse se mettre correctement. Elle permet \u00e9galement un transport facile et maintient une forme constante de l&#8217;ancre sur les rouleaux de proue.<\/p>\n<\/li>\n<li>\n<p><strong>D\u00e9tails du Poids de l&#8217;Ancre :<\/strong>\u00a0Le poids de l&#8217;ancre est estamp\u00e9 sur le manche, indiquant la taille \u00e0 la fois en kilogrammes et en livres.<\/p>\n<\/li>\n<li>\n<p><strong>Num\u00e9ro de S\u00e9rie :<\/strong>\u00a0Chaque ULTRAnchor est marqu\u00e9 d&#8217;un num\u00e9ro de s\u00e9rie unique, garantissant que votre ancre est toujours identifiable.<\/p>\n<\/li>\n<\/ul>\n","protected":false},"excerpt":{"rendered":"<p>Ancre Ultra Marine en inox, 8\u00a0kg &#8211; Fabriqu\u00e9 \u00e0 la main en acier inoxydable 316 et soigneusement poli, les Ultra<\/p>\n","protected":false},"featured_media":5946951,"comment_status":"open","ping_status":"closed","template":"","meta":[],"product_brand":[3494],"product_cat":[1293],"product_tag":[],"class_list":{"0":"post-732089","1":"product","2":"type-product","3":"status-publish","4":"has-post-thumbnail","6":"product_brand-ultra-marine-fr","7":"product_cat-ancres-ultra","9":"first","10":"instock","11":"shipping-taxable","12":"purchasable","13":"product-type-simple"},"_links":{"self":[{"href":"https:\/\/stoic-curie.212-227-153-4.plesk.page\/fr\/wp-json\/wp\/v2\/product\/732089","targetHints":{"allow":["GET"]}}],"collection":[{"href":"https:\/\/stoic-curie.212-227-153-4.plesk.page\/fr\/wp-json\/wp\/v2\/product"}],"about":[{"href":"https:\/\/stoic-curie.212-227-153-4.plesk.page\/fr\/wp-json\/wp\/v2\/types\/product"}],"replies":[{"embeddable":true,"href":"https:\/\/stoic-curie.212-227-153-4.plesk.page\/fr\/wp-json\/wp\/v2\/comments?post=732089"}],"version-history":[{"count":0,"href":"https:\/\/stoic-curie.212-227-153-4.plesk.page\/fr\/wp-json\/wp\/v2\/product\/732089\/revisions"}],"wp:featuredmedia":[{"embeddable":true,"href":"https:\/\/stoic-curie.212-227-153-4.plesk.page\/fr\/wp-json\/wp\/v2\/media\/5946951"}],"wp:attachment":[{"href":"https:\/\/stoic-curie.212-227-153-4.plesk.page\/fr\/wp-json\/wp\/v2\/media?parent=732089"}],"wp:term":[{"taxonomy":"product_brand","embeddable":true,"href":"https:\/\/stoic-curie.212-227-153-4.plesk.page\/fr\/wp-json\/wp\/v2\/product_brand?post=732089"},{"taxonomy":"product_cat","embeddable":true,"href":"https:\/\/stoic-curie.212-227-153-4.plesk.page\/fr\/wp-json\/wp\/v2\/product_cat?post=732089"},{"taxonomy":"product_tag","embeddable":true,"href":"https:\/\/stoic-curie.212-227-153-4.plesk.page\/fr\/wp-json\/wp\/v2\/product_tag?post=732089"}],"curies":[{"name":"wp","href":"https:\/\/api.w.org\/{rel}","templated":true}]}}