{"id":732091,"date":"2025-03-03T16:14:08","date_gmt":"2025-03-03T15:14:08","guid":{"rendered":"https:\/\/stoic-curie.212-227-153-4.plesk.page\/producto\/veste-de-quart-musto-mpx-gtx-pro-rouge-taille-m\/"},"modified":"2026-02-24T23:08:52","modified_gmt":"2026-02-24T23:08:52","slug":"veste-de-quart-musto-mpx-gtx-pro-rouge-taille-m","status":"publish","type":"product","link":"https:\/\/stoic-curie.212-227-153-4.plesk.page\/fr\/product\/veste-de-quart-musto-mpx-gtx-pro-rouge-taille-m\/","title":{"rendered":"Veste de quart Musto MPX GTX Pro rouge\u00a0M"},"content":{"rendered":"<p>Veste de quart Musto MPX GTX Pro rouge\u00a0M &#8211; <\/p>\n<p>La veste offshore Musto MPX GORE-TEX Pro 2.0 est un v\u00eatement d&#8217;ext\u00e9rieur remarquable, m\u00e9ticuleusement con\u00e7u pour r\u00e9pondre aux exigences des marins s\u00e9rieux et des passionn\u00e9s d&#8217;activit\u00e9s de plein air. Fabriqu\u00e9e dans un tissu GORE-TEX Pro l\u00e9ger, respirant et imperm\u00e9able \u00e0 3 couches, cette veste offre une protection exceptionnelle contre les \u00e9l\u00e9ments, en particulier le vent et la pluie. Son design est non seulement fonctionnel, mais int\u00e8gre \u00e9galement une gamme de caract\u00e9ristiques qui am\u00e9liorent \u00e0 la fois le confort et l&#8217;utilit\u00e9.<\/p>\n<p>Une des caract\u00e9ristiques remarquables de cette veste est ses manches articul\u00e9es, qui offrent une plus grande amplitude de mouvement, facilitant la man\u0153uvre lors de la navigation ou d&#8217;autres activit\u00e9s en ext\u00e9rieur. De plus, la veste est \u00e9quip\u00e9e d&#8217;une capuche fluorescente qui peut \u00eatre soigneusement rang\u00e9e lorsqu&#8217;elle n&#8217;est pas utilis\u00e9e, garantissant que vous disposez d&#8217;une protection suppl\u00e9mentaire quand cela est n\u00e9cessaire, sans compromettre le style ou le confort. Le double rabat temp\u00eate ajustable, \u00e9quip\u00e9 d&#8217;un canal de drainage sur une fermeture \u00e9clair \u00e0 double sens, assure une fermeture frontale s\u00e9curis\u00e9e qui emp\u00eache l&#8217;eau de p\u00e9n\u00e9trer tout en permettant un acc\u00e8s facile.<\/p>\n<p>Le col de la veste est doubl\u00e9 de polaire en grille, offrant une couche suppl\u00e9mentaire de confort et de chaleur, particuli\u00e8rement appr\u00e9ci\u00e9e lors des excursions offshore fra\u00eeches. Les poignets doubles, comprenant des poignets ext\u00e9rieurs ajustables, aident \u00e0 bloquer le vent et l&#8217;eau, garantissant que vous restiez au sec et \u00e0 l&#8217;aise quelles que soient les conditions.<\/p>\n<p>En termes de rangement, la veste offshore Musto MPX GORE-TEX Pro 2.0 ne d\u00e9\u00e7oit pas. Elle dispose de deux poches cargo avec fermetures \u00e9tanches, parfaites pour ranger en toute s\u00e9curit\u00e9 des objets essentiels. De plus, des poches pour les mains doubl\u00e9es de polaire offrent un endroit confortable pour r\u00e9chauffer vos mains par temps froid, tandis qu&#8217;une poche zipp\u00e9e interne offre un espace s\u00fbr pour les objets de valeur.<\/p>\n<p>La s\u00e9curit\u00e9 est une priorit\u00e9 avec cette veste, comme le prouve l&#8217;ajout de r\u00e9flecteurs prismatiques et d&#8217;\u00e9l\u00e9ments r\u00e9fl\u00e9chissants int\u00e9gr\u00e9s qui am\u00e9liorent la visibilit\u00e9 en conditions de faible luminosit\u00e9. Cela fait de la veste un choix exemplaire pour les activit\u00e9s offshore, o\u00f9 \u00eatre vu peut s&#8217;av\u00e9rer crucial. La membrane GORE-TEX Pro garantit une \u00e9tanch\u00e9it\u00e9 et une respirabilit\u00e9 sup\u00e9rieures, vous assurant de rester au sec face \u00e0 l&#8217;humidit\u00e9 ext\u00e9rieure et \u00e0 la transpiration interne.<\/p>\n<p>La veste a \u00e9t\u00e9 rigoureusement test\u00e9e dans des conditions extr\u00eames par le marin renomm\u00e9 Sam Davies lors du Vendee Globe 2020-21, prouvant sa durabilit\u00e9 et sa fiabilit\u00e9. Le tissu GORE-TEX Pro am\u00e9lior\u00e9, dot\u00e9 d&#8217;une couche externe recycl\u00e9e et d&#8217;un dos tricot\u00e9 teint dans la masse, t\u00e9moigne de l&#8217;engagement de Musto envers la durabilit\u00e9 sans compromettre la performance.<\/p>\n<p>Con\u00e7ue de mani\u00e8re r\u00e9fl\u00e9chie pour vous prot\u00e9ger dans les environnements difficiles, la veste offshore Musto MPX GORE-TEX Pro 2.0 permet une libert\u00e9 de mouvement sans restriction \u00e0 bord du navire, en faisant un \u00e9quipement essentiel pour tout marin s\u00e9rieux. Elle regorge de fonctionnalit\u00e9s pratiques visant \u00e0 am\u00e9liorer votre confort, protection et s\u00e9curit\u00e9, vous permettant de vous concentrer sur votre aventure sans vous soucier de la m\u00e9t\u00e9o.<\/p>\n<p><strong>Caract\u00e9ristiques cl\u00e9s :<\/strong><\/p>\n<ul>\n<li>Poignets ajustables pour un ajustement personnalis\u00e9<\/li>\n<li>Capuche et ourlet ajustables pour une protection suppl\u00e9mentaire<\/li>\n<li>Poches pour les mains sur la poitrine pour plus de commodit\u00e9<\/li>\n<li>D\u00e9tails r\u00e9fl\u00e9chissants pour une meilleure visibilit\u00e9 en faible luminosit\u00e9<\/li>\n<li>Capuche de couleur n\u00e9on pour une s\u00e9curit\u00e9 accrue<\/li>\n<li>Construction enti\u00e8rement \u00e9tanche pour \u00e9viter l&#8217;infiltration d&#8217;eau<\/li>\n<li>Conception durable \u00e0 3 couches pour des performances de longue dur\u00e9e<\/li>\n<\/ul>\n","protected":false},"excerpt":{"rendered":"<p>Veste de quart Musto MPX GTX Pro rouge\u00a0M &#8211; La veste offshore Musto MPX GORE-TEX Pro 2.0 est un v\u00eatement<\/p>\n","protected":false},"featured_media":5948744,"comment_status":"open","ping_status":"closed","template":"","meta":[],"product_brand":[3154],"product_cat":[1280],"product_tag":[],"class_list":{"0":"post-732091","1":"product","2":"type-product","3":"status-publish","4":"has-post-thumbnail","6":"product_brand-musto-fr","7":"product_cat-vetements-musto","9":"first","10":"instock","11":"shipping-taxable","12":"purchasable","13":"product-type-simple"},"_links":{"self":[{"href":"https:\/\/stoic-curie.212-227-153-4.plesk.page\/fr\/wp-json\/wp\/v2\/product\/732091","targetHints":{"allow":["GET"]}}],"collection":[{"href":"https:\/\/stoic-curie.212-227-153-4.plesk.page\/fr\/wp-json\/wp\/v2\/product"}],"about":[{"href":"https:\/\/stoic-curie.212-227-153-4.plesk.page\/fr\/wp-json\/wp\/v2\/types\/product"}],"replies":[{"embeddable":true,"href":"https:\/\/stoic-curie.212-227-153-4.plesk.page\/fr\/wp-json\/wp\/v2\/comments?post=732091"}],"version-history":[{"count":0,"href":"https:\/\/stoic-curie.212-227-153-4.plesk.page\/fr\/wp-json\/wp\/v2\/product\/732091\/revisions"}],"wp:featuredmedia":[{"embeddable":true,"href":"https:\/\/stoic-curie.212-227-153-4.plesk.page\/fr\/wp-json\/wp\/v2\/media\/5948744"}],"wp:attachment":[{"href":"https:\/\/stoic-curie.212-227-153-4.plesk.page\/fr\/wp-json\/wp\/v2\/media?parent=732091"}],"wp:term":[{"taxonomy":"product_brand","embeddable":true,"href":"https:\/\/stoic-curie.212-227-153-4.plesk.page\/fr\/wp-json\/wp\/v2\/product_brand?post=732091"},{"taxonomy":"product_cat","embeddable":true,"href":"https:\/\/stoic-curie.212-227-153-4.plesk.page\/fr\/wp-json\/wp\/v2\/product_cat?post=732091"},{"taxonomy":"product_tag","embeddable":true,"href":"https:\/\/stoic-curie.212-227-153-4.plesk.page\/fr\/wp-json\/wp\/v2\/product_tag?post=732091"}],"curies":[{"name":"wp","href":"https:\/\/api.w.org\/{rel}","templated":true}]}}