{"id":732092,"date":"2025-03-03T16:14:08","date_gmt":"2025-03-03T15:14:08","guid":{"rendered":"https:\/\/stoic-curie.212-227-153-4.plesk.page\/producto\/veste-de-quart-musto-mpx-gtx-pro-rouge-taille-l\/"},"modified":"2026-02-24T23:08:52","modified_gmt":"2026-02-24T23:08:52","slug":"veste-de-quart-musto-mpx-gtx-pro-rouge-taille-l","status":"publish","type":"product","link":"https:\/\/stoic-curie.212-227-153-4.plesk.page\/fr\/product\/veste-de-quart-musto-mpx-gtx-pro-rouge-taille-l\/","title":{"rendered":"Veste de quart Musto MPX GTX Pro rouge\u00a0L"},"content":{"rendered":"<p>Veste de quart Musto MPX GTX Pro rouge\u00a0L &#8211; <\/p>\n<p>La veste offshore Musto MPX GORE-TEX Pro 2.0 est soigneusement construite \u00e0 partir d&#8217;un tissu Gore-Tex Pro 3 couches, l\u00e9ger, respirant et imperm\u00e9able, offrant une protection exceptionnelle contre le vent. Cette veste est dot\u00e9e de manches articul\u00e9es, d&#8217;une capuche fluorescente qui peut \u00eatre facilement rang\u00e9e, et d&#8217;un double rabat temp\u00eate ajustable avec un canal de drainage positionn\u00e9 au-dessus d&#8217;une fermeture \u00e0 zip double sens, garantissant une fermeture frontale s\u00e9curis\u00e9e. Le col est doubl\u00e9 de polaire \u00e0 motif en quadrillage pour am\u00e9liorer \u00e0 la fois le confort et la chaleur.<\/p>\n<p>\u00c9quip\u00e9e de poignets doubl\u00e9s comprenant des poignets ext\u00e9rieurs ajustables, cette veste dispose \u00e9galement de deux poches cargo avec des fermetures r\u00e9sistantes \u00e0 l&#8217;eau, de poches pour r\u00e9chauffer les mains doubl\u00e9es en polaire et d&#8217;une poche interne zipp\u00e9e. De plus, elle est renforc\u00e9e avec des r\u00e9flecteurs prismatiques et des \u00e9l\u00e9ments r\u00e9fl\u00e9chissants en couture, faisant d&#8217;elle un choix exemplaire pour les activit\u00e9s en mer. La membrane Gore-Tex Pro garantit une imperm\u00e9abilit\u00e9 et une respirabilit\u00e9 sup\u00e9rieures.<\/p>\n<p>Test\u00e9e dans des conditions extr\u00eames par Sam Davies lors du Vend\u00e9e Globe 2020-21, la veste offshore MPX GORE-TEX Pro 2.0 pr\u00e9sente un tissu GORE-TEX Pro am\u00e9lior\u00e9 qui int\u00e8gre une couche ext\u00e9rieure recycl\u00e9e et un dos tricot\u00e9 teint\u00e9 dans la masse. Cette veste est con\u00e7ue pour vous prot\u00e9ger dans des environnements difficiles tout en permettant une libert\u00e9 de mouvement optimale \u00e0 bord du navire. Elle regorge de caract\u00e9ristiques pratiques visant \u00e0 am\u00e9liorer votre confort, votre protection et votre s\u00e9curit\u00e9.<\/p>\n<p><strong>Caract\u00e9ristiques cl\u00e9s :<\/strong><\/p>\n<ul>\n<li>Poignets ajustables<\/li>\n<li>Capuche et ourlet ajustables<\/li>\n<li>Poches pour r\u00e9chauffer les mains \u00e0 la poitrine<\/li>\n<li>D\u00e9tails r\u00e9fl\u00e9chissants pour une meilleure visibilit\u00e9<\/li>\n<li>Capuche de couleur n\u00e9on pour plus de s\u00e9curit\u00e9<\/li>\n<li>Construction enti\u00e8rement \u00e9tanch\u00e9e<\/li>\n<li>Design durable en 3 couches<\/li>\n<\/ul>\n","protected":false},"excerpt":{"rendered":"<p>Veste de quart Musto MPX GTX Pro rouge\u00a0L &#8211; La veste offshore Musto MPX GORE-TEX Pro 2.0 est soigneusement construite<\/p>\n","protected":false},"featured_media":5948744,"comment_status":"open","ping_status":"closed","template":"","meta":[],"product_brand":[3154],"product_cat":[1280],"product_tag":[],"class_list":{"0":"post-732092","1":"product","2":"type-product","3":"status-publish","4":"has-post-thumbnail","6":"product_brand-musto-fr","7":"product_cat-vetements-musto","9":"first","10":"instock","11":"shipping-taxable","12":"purchasable","13":"product-type-simple"},"_links":{"self":[{"href":"https:\/\/stoic-curie.212-227-153-4.plesk.page\/fr\/wp-json\/wp\/v2\/product\/732092","targetHints":{"allow":["GET"]}}],"collection":[{"href":"https:\/\/stoic-curie.212-227-153-4.plesk.page\/fr\/wp-json\/wp\/v2\/product"}],"about":[{"href":"https:\/\/stoic-curie.212-227-153-4.plesk.page\/fr\/wp-json\/wp\/v2\/types\/product"}],"replies":[{"embeddable":true,"href":"https:\/\/stoic-curie.212-227-153-4.plesk.page\/fr\/wp-json\/wp\/v2\/comments?post=732092"}],"version-history":[{"count":0,"href":"https:\/\/stoic-curie.212-227-153-4.plesk.page\/fr\/wp-json\/wp\/v2\/product\/732092\/revisions"}],"wp:featuredmedia":[{"embeddable":true,"href":"https:\/\/stoic-curie.212-227-153-4.plesk.page\/fr\/wp-json\/wp\/v2\/media\/5948744"}],"wp:attachment":[{"href":"https:\/\/stoic-curie.212-227-153-4.plesk.page\/fr\/wp-json\/wp\/v2\/media?parent=732092"}],"wp:term":[{"taxonomy":"product_brand","embeddable":true,"href":"https:\/\/stoic-curie.212-227-153-4.plesk.page\/fr\/wp-json\/wp\/v2\/product_brand?post=732092"},{"taxonomy":"product_cat","embeddable":true,"href":"https:\/\/stoic-curie.212-227-153-4.plesk.page\/fr\/wp-json\/wp\/v2\/product_cat?post=732092"},{"taxonomy":"product_tag","embeddable":true,"href":"https:\/\/stoic-curie.212-227-153-4.plesk.page\/fr\/wp-json\/wp\/v2\/product_tag?post=732092"}],"curies":[{"name":"wp","href":"https:\/\/api.w.org\/{rel}","templated":true}]}}