{"id":732093,"date":"2025-03-03T16:14:08","date_gmt":"2025-03-03T15:14:08","guid":{"rendered":"https:\/\/stoic-curie.212-227-153-4.plesk.page\/producto\/veste-de-quart-musto-mpx-gtx-pro-rouge-taille-xl\/"},"modified":"2026-02-24T23:08:52","modified_gmt":"2026-02-24T23:08:52","slug":"veste-de-quart-musto-mpx-gtx-pro-rouge-taille-xl","status":"publish","type":"product","link":"https:\/\/stoic-curie.212-227-153-4.plesk.page\/fr\/product\/veste-de-quart-musto-mpx-gtx-pro-rouge-taille-xl\/","title":{"rendered":"Veste de quart Musto MPX GTX Pro rouge XL"},"content":{"rendered":"<p>Veste de quart Musto MPX GTX Pro rouge XL &#8211; <\/p>\n<p>La veste offshore Musto MPX GORE-TEX Pro 2.0 est con\u00e7ue en tissu GORE-TEX Pro \u00e0 trois couches, l\u00e9ger, respirant et imperm\u00e9able, qui offre une protection efficace contre le vent. Elle dispose de manches articul\u00e9es, d&#8217;une capuche fluorescente pouvant \u00eatre repli\u00e9e, et d&#8217;un double rabat-temp\u00eate ajustable avec un canal de drainage situ\u00e9 au-dessus d&#8217;une fermeture \u00e9clair \u00e0 deux voies pour un maintien s\u00e9curis\u00e9 \u00e0 l&#8217;avant. Le col est doubl\u00e9 en polaire pour un confort et une chaleur accrus. Cette veste est \u00e9quip\u00e9e de poignets doubles avec poignets ext\u00e9rieurs ajustables, de deux poches cargo avec des fermetures r\u00e9sistantes \u00e0 l&#8217;eau, de poches r\u00e9chauffe-mains doubl\u00e9es en polaire et d&#8217;une poche interne zipp\u00e9e. De plus, elle est dot\u00e9e de r\u00e9flecteurs prismatiques et d&#8217;\u00e9l\u00e9ments r\u00e9fl\u00e9chissants en couture, ce qui en fait un excellent choix pour les aventures en mer. La membrane GORE-TEX Pro garantit une excellente imperm\u00e9abilit\u00e9 et respirabilit\u00e9.<\/p>\n<p> test\u00e9e dans des conditions extr\u00eames par Sam Davies lors du Vendee Globe 2020-21, la veste offshore MPX GORE-TEX Pro 2.0 dispose d&#8217;un tissu GORE-TEX Pro am\u00e9lior\u00e9 qui comprend une couche ext\u00e9rieure recycl\u00e9e et un support tricot teint \u00e0 la source. Cette veste est m\u00e9ticuleusement con\u00e7ue pour vous prot\u00e9ger dans des environnements exigeants tout en permettant une libert\u00e9 de mouvement sur le bateau. Elle regorge de caract\u00e9ristiques pratiques visant \u00e0 am\u00e9liorer votre confort, votre protection et votre s\u00e9curit\u00e9.<\/p>\n<p><strong>Caract\u00e9ristiques cl\u00e9s :<\/strong><\/p>\n<ul>\n<li>Poignets ajustables<\/li>\n<li>Capuche et ourlet ajustables<\/li>\n<li>Poches r\u00e9chauffe-mains sur la poitrine<\/li>\n<li>D\u00e9tails r\u00e9fl\u00e9chissants pour une visibilit\u00e9 am\u00e9lior\u00e9e<\/li>\n<li>Capuche de couleur n\u00e9on pour une s\u00e9curit\u00e9 accrue<\/li>\n<li>Construction enti\u00e8rement \u00e9tanch\u00e9e<\/li>\n<li>Conception durable \u00e0 trois couches<\/li>\n<\/ul>\n","protected":false},"excerpt":{"rendered":"<p>Veste de quart Musto MPX GTX Pro rouge XL &#8211; La veste offshore Musto MPX GORE-TEX Pro 2.0 est con\u00e7ue<\/p>\n","protected":false},"featured_media":5948744,"comment_status":"open","ping_status":"closed","template":"","meta":[],"product_brand":[3154],"product_cat":[1280],"product_tag":[],"class_list":{"0":"post-732093","1":"product","2":"type-product","3":"status-publish","4":"has-post-thumbnail","6":"product_brand-musto-fr","7":"product_cat-vetements-musto","9":"first","10":"instock","11":"shipping-taxable","12":"purchasable","13":"product-type-simple"},"_links":{"self":[{"href":"https:\/\/stoic-curie.212-227-153-4.plesk.page\/fr\/wp-json\/wp\/v2\/product\/732093","targetHints":{"allow":["GET"]}}],"collection":[{"href":"https:\/\/stoic-curie.212-227-153-4.plesk.page\/fr\/wp-json\/wp\/v2\/product"}],"about":[{"href":"https:\/\/stoic-curie.212-227-153-4.plesk.page\/fr\/wp-json\/wp\/v2\/types\/product"}],"replies":[{"embeddable":true,"href":"https:\/\/stoic-curie.212-227-153-4.plesk.page\/fr\/wp-json\/wp\/v2\/comments?post=732093"}],"version-history":[{"count":0,"href":"https:\/\/stoic-curie.212-227-153-4.plesk.page\/fr\/wp-json\/wp\/v2\/product\/732093\/revisions"}],"wp:featuredmedia":[{"embeddable":true,"href":"https:\/\/stoic-curie.212-227-153-4.plesk.page\/fr\/wp-json\/wp\/v2\/media\/5948744"}],"wp:attachment":[{"href":"https:\/\/stoic-curie.212-227-153-4.plesk.page\/fr\/wp-json\/wp\/v2\/media?parent=732093"}],"wp:term":[{"taxonomy":"product_brand","embeddable":true,"href":"https:\/\/stoic-curie.212-227-153-4.plesk.page\/fr\/wp-json\/wp\/v2\/product_brand?post=732093"},{"taxonomy":"product_cat","embeddable":true,"href":"https:\/\/stoic-curie.212-227-153-4.plesk.page\/fr\/wp-json\/wp\/v2\/product_cat?post=732093"},{"taxonomy":"product_tag","embeddable":true,"href":"https:\/\/stoic-curie.212-227-153-4.plesk.page\/fr\/wp-json\/wp\/v2\/product_tag?post=732093"}],"curies":[{"name":"wp","href":"https:\/\/api.w.org\/{rel}","templated":true}]}}