{"id":732094,"date":"2025-03-03T16:14:09","date_gmt":"2025-03-03T15:14:09","guid":{"rendered":"https:\/\/stoic-curie.212-227-153-4.plesk.page\/producto\/veste-de-quart-musto-mpx-gtx-pro-rouge-taille-xxl\/"},"modified":"2026-02-24T23:08:52","modified_gmt":"2026-02-24T23:08:52","slug":"veste-de-quart-musto-mpx-gtx-pro-rouge-taille-xxl","status":"publish","type":"product","link":"https:\/\/stoic-curie.212-227-153-4.plesk.page\/fr\/product\/veste-de-quart-musto-mpx-gtx-pro-rouge-taille-xxl\/","title":{"rendered":"Veste de quart Musto MPX GTX Pro rouge, taille\u00a0XXL"},"content":{"rendered":"<p>Veste de quart Musto MPX GTX Pro rouge, taille\u00a0XXL &#8211; <\/p>\n<p><strong>VESTE MPX GORE-TEX PRO OFFSHORE 2.0<\/strong><\/p>\n<p>La veste Musto MPX GORE-TEX Pro Offshore 2.0 est con\u00e7ue en utilisant un mat\u00e9riau Gore-Tex Pro \u00e0 3 couches, l\u00e9ger, respirant et imperm\u00e9able, qui bloque efficacement le vent. Elle comprend des manches articul\u00e9es, une capuche fluorescente repliable et un double rabat temp\u00eate ajustable avec un canal de drainage positionn\u00e9 au-dessus d&#8217;une fermeture \u00e9clair \u00e0 double sens pour une fermeture frontale s\u00e9curis\u00e9e. Le col est doubl\u00e9 en polaire en quadrillage pour un confort et une chaleur suppl\u00e9mentaires. Cette veste est dot\u00e9e de poignets doubles avec des poignets ext\u00e9rieurs ajustables, de deux poches cargo \u00e9quip\u00e9es de fermetures r\u00e9sistantes \u00e0 l&#8217;eau, de poches pour r\u00e9chauffer les mains doubl\u00e9es en polaire et d&#8217;une poche interne zipp\u00e9e. De plus, elle est am\u00e9lior\u00e9e avec des r\u00e9flecteurs prismatiques et des \u00e9l\u00e9ments r\u00e9fl\u00e9chissants en couture, ce qui en fait un excellent choix pour les activit\u00e9s en mer. La membrane Gore-Tex Pro garantit une imperm\u00e9abilit\u00e9 et une respirabilit\u00e9 exceptionnelles.<\/p>\n<p>Test\u00e9e dans des conditions extr\u00eames par Sam Davies lors du Vendee Globe 2020-21, la veste MPX GORE-TEX Pro Offshore 2.0 int\u00e8gre un tissu GORE-TEX Pro am\u00e9lior\u00e9 qui comprend une couche externe recycl\u00e9e et un dos tricot\u00e9 teint \u00e0 la solution. Cette veste est soigneusement con\u00e7ue pour vous prot\u00e9ger dans des environnements difficiles tout en permettant une libert\u00e9 de mouvement sans restrictions \u00e0 bord. Elle est remplie de fonctionnalit\u00e9s pratiques visant \u00e0 am\u00e9liorer votre confort, votre protection et votre s\u00e9curit\u00e9.<\/p>\n<p><strong>Caract\u00e9ristiques principales :<\/strong><\/p>\n<ul>\n<li>Poignets ajustables<\/li>\n<li>Capuche et ourlet r\u00e9glables<\/li>\n<li>Poches pour r\u00e9chauffer les mains \u00e0 la poitrine<\/li>\n<li>D\u00e9tails r\u00e9fl\u00e9chissants pour une visibilit\u00e9 accrue<\/li>\n<li>Capuche de couleur n\u00e9on pour une s\u00e9curit\u00e9 renforc\u00e9e<\/li>\n<li>Construction enti\u00e8rement \u00e9tanche<\/li>\n<li>Design durable \u00e0 3 couches<\/li>\n<\/ul>\n","protected":false},"excerpt":{"rendered":"<p>Veste de quart Musto MPX GTX Pro rouge, taille\u00a0XXL &#8211; VESTE MPX GORE-TEX PRO OFFSHORE 2.0 La veste Musto MPX<\/p>\n","protected":false},"featured_media":5948744,"comment_status":"open","ping_status":"closed","template":"","meta":[],"product_brand":[3154],"product_cat":[1280],"product_tag":[],"class_list":{"0":"post-732094","1":"product","2":"type-product","3":"status-publish","4":"has-post-thumbnail","6":"product_brand-musto-fr","7":"product_cat-vetements-musto","9":"first","10":"instock","11":"shipping-taxable","12":"purchasable","13":"product-type-simple"},"_links":{"self":[{"href":"https:\/\/stoic-curie.212-227-153-4.plesk.page\/fr\/wp-json\/wp\/v2\/product\/732094","targetHints":{"allow":["GET"]}}],"collection":[{"href":"https:\/\/stoic-curie.212-227-153-4.plesk.page\/fr\/wp-json\/wp\/v2\/product"}],"about":[{"href":"https:\/\/stoic-curie.212-227-153-4.plesk.page\/fr\/wp-json\/wp\/v2\/types\/product"}],"replies":[{"embeddable":true,"href":"https:\/\/stoic-curie.212-227-153-4.plesk.page\/fr\/wp-json\/wp\/v2\/comments?post=732094"}],"version-history":[{"count":0,"href":"https:\/\/stoic-curie.212-227-153-4.plesk.page\/fr\/wp-json\/wp\/v2\/product\/732094\/revisions"}],"wp:featuredmedia":[{"embeddable":true,"href":"https:\/\/stoic-curie.212-227-153-4.plesk.page\/fr\/wp-json\/wp\/v2\/media\/5948744"}],"wp:attachment":[{"href":"https:\/\/stoic-curie.212-227-153-4.plesk.page\/fr\/wp-json\/wp\/v2\/media?parent=732094"}],"wp:term":[{"taxonomy":"product_brand","embeddable":true,"href":"https:\/\/stoic-curie.212-227-153-4.plesk.page\/fr\/wp-json\/wp\/v2\/product_brand?post=732094"},{"taxonomy":"product_cat","embeddable":true,"href":"https:\/\/stoic-curie.212-227-153-4.plesk.page\/fr\/wp-json\/wp\/v2\/product_cat?post=732094"},{"taxonomy":"product_tag","embeddable":true,"href":"https:\/\/stoic-curie.212-227-153-4.plesk.page\/fr\/wp-json\/wp\/v2\/product_tag?post=732094"}],"curies":[{"name":"wp","href":"https:\/\/api.w.org\/{rel}","templated":true}]}}