{"id":732098,"date":"2025-03-03T16:14:09","date_gmt":"2025-03-03T15:14:09","guid":{"rendered":"https:\/\/stoic-curie.212-227-153-4.plesk.page\/producto\/salopette-de-quart-musto-mpx-gtx-pro-rouge-taille-xl\/"},"modified":"2026-02-24T23:08:52","modified_gmt":"2026-02-24T23:08:52","slug":"salopette-de-quart-musto-mpx-gtx-pro-rouge-taille-xl","status":"publish","type":"product","link":"https:\/\/stoic-curie.212-227-153-4.plesk.page\/fr\/product\/salopette-de-quart-musto-mpx-gtx-pro-rouge-taille-xl\/","title":{"rendered":"Salopette de quart Musto MPX GTX Pro rouge, taille\u00a0XL"},"content":{"rendered":"<p>Salopette de quart Musto MPX GTX Pro rouge, taille\u00a0XL &#8211; <\/p>\n<p>La salopette Musto MPX GTX PRO Offshore est fabriqu\u00e9e \u00e0 partir d&#8217;un tissu Gore-Tex Pro de 3 couches, extr\u00eamement respirant, imperm\u00e9able et coupe-vent. Construction enti\u00e8rement scell\u00e9e pour une \u00e9tanch\u00e9it\u00e9, avec des manches \u00e9lastiques et des bretelles, et un ajustement \u00e0 la taille pour un plus grand confort. Genoux, si\u00e8ge et ourlet renforc\u00e9s en Cordura\u00c2\u00ae, zip avant \u00e0 double sens avec soufflet pour un acc\u00e8s facile et ajusteurs d&#8217;ourlet en velcro plac\u00e9s de mani\u00e8re ergonomique. Poches pour les mains chauffantes au niveau de la poitrine et grandes poches cargo 3D sur la cuisse avec ouverture d\u00e9viant l&#8217;eau et anneau en D enferm\u00e9.<\/p>\n","protected":false},"excerpt":{"rendered":"<p>Salopette de quart Musto MPX GTX Pro rouge, taille\u00a0XL &#8211; La salopette Musto MPX GTX PRO Offshore est fabriqu\u00e9e \u00e0<\/p>\n","protected":false},"featured_media":5948748,"comment_status":"open","ping_status":"closed","template":"","meta":[],"product_brand":[3154],"product_cat":[1280],"product_tag":[],"class_list":{"0":"post-732098","1":"product","2":"type-product","3":"status-publish","4":"has-post-thumbnail","6":"product_brand-musto-fr","7":"product_cat-vetements-musto","9":"first","10":"instock","11":"shipping-taxable","12":"purchasable","13":"product-type-simple"},"_links":{"self":[{"href":"https:\/\/stoic-curie.212-227-153-4.plesk.page\/fr\/wp-json\/wp\/v2\/product\/732098","targetHints":{"allow":["GET"]}}],"collection":[{"href":"https:\/\/stoic-curie.212-227-153-4.plesk.page\/fr\/wp-json\/wp\/v2\/product"}],"about":[{"href":"https:\/\/stoic-curie.212-227-153-4.plesk.page\/fr\/wp-json\/wp\/v2\/types\/product"}],"replies":[{"embeddable":true,"href":"https:\/\/stoic-curie.212-227-153-4.plesk.page\/fr\/wp-json\/wp\/v2\/comments?post=732098"}],"version-history":[{"count":0,"href":"https:\/\/stoic-curie.212-227-153-4.plesk.page\/fr\/wp-json\/wp\/v2\/product\/732098\/revisions"}],"wp:featuredmedia":[{"embeddable":true,"href":"https:\/\/stoic-curie.212-227-153-4.plesk.page\/fr\/wp-json\/wp\/v2\/media\/5948748"}],"wp:attachment":[{"href":"https:\/\/stoic-curie.212-227-153-4.plesk.page\/fr\/wp-json\/wp\/v2\/media?parent=732098"}],"wp:term":[{"taxonomy":"product_brand","embeddable":true,"href":"https:\/\/stoic-curie.212-227-153-4.plesk.page\/fr\/wp-json\/wp\/v2\/product_brand?post=732098"},{"taxonomy":"product_cat","embeddable":true,"href":"https:\/\/stoic-curie.212-227-153-4.plesk.page\/fr\/wp-json\/wp\/v2\/product_cat?post=732098"},{"taxonomy":"product_tag","embeddable":true,"href":"https:\/\/stoic-curie.212-227-153-4.plesk.page\/fr\/wp-json\/wp\/v2\/product_tag?post=732098"}],"curies":[{"name":"wp","href":"https:\/\/api.w.org\/{rel}","templated":true}]}}