{"id":732099,"date":"2025-03-03T16:14:09","date_gmt":"2025-03-03T15:14:09","guid":{"rendered":"https:\/\/stoic-curie.212-227-153-4.plesk.page\/producto\/salopette-de-quart-musto-mpx-gtx-pro-rouge-taille-xxl\/"},"modified":"2026-02-24T23:08:52","modified_gmt":"2026-02-24T23:08:52","slug":"salopette-de-quart-musto-mpx-gtx-pro-rouge-taille-xxl","status":"publish","type":"product","link":"https:\/\/stoic-curie.212-227-153-4.plesk.page\/fr\/product\/salopette-de-quart-musto-mpx-gtx-pro-rouge-taille-xxl\/","title":{"rendered":"Salopette de quart Musto MPX GTX Pro rouge, taille\u00a0XXL"},"content":{"rendered":"<p>Salopette de quart Musto MPX GTX Pro rouge, taille\u00a0XXL &#8211; <\/p>\n<p>Salopette offshore Musto MPX GTX PRO, construite en tissu Gore-Tex Pro 3 couches, tr\u00e8s respirant, imperm\u00e9able et coupe-vent. Construction enti\u00e8rement scell\u00e9e pour une \u00e9tanch\u00e9it\u00e9, aisselles et bretelles \u00e9lastiques, r\u00e9glage de la taille pour un confort accru. Genoux, si\u00e8ge et ourlet renforc\u00e9s en Cordura\u00c2\u00ae, fermeture \u00e9clair avant \u00e0 2 sens avec soufflet pour un acc\u00e8s facile, ajusteurs d&#8217;ourlet en bande velcro plac\u00e9s de mani\u00e8re ergonomique. Poches pour les mains \u00e0 la poitrine et grandes poches cargo 3D sur les cuisses avec ouverture d\u00e9viant l&#8217;eau et un anneau D ferm\u00e9.<\/p>\n","protected":false},"excerpt":{"rendered":"<p>Salopette de quart Musto MPX GTX Pro rouge, taille\u00a0XXL &#8211; Salopette offshore Musto MPX GTX PRO, construite en tissu Gore-Tex<\/p>\n","protected":false},"featured_media":5948748,"comment_status":"open","ping_status":"closed","template":"","meta":[],"product_brand":[3154],"product_cat":[1280],"product_tag":[],"class_list":{"0":"post-732099","1":"product","2":"type-product","3":"status-publish","4":"has-post-thumbnail","6":"product_brand-musto-fr","7":"product_cat-vetements-musto","9":"first","10":"instock","11":"shipping-taxable","12":"purchasable","13":"product-type-simple"},"_links":{"self":[{"href":"https:\/\/stoic-curie.212-227-153-4.plesk.page\/fr\/wp-json\/wp\/v2\/product\/732099","targetHints":{"allow":["GET"]}}],"collection":[{"href":"https:\/\/stoic-curie.212-227-153-4.plesk.page\/fr\/wp-json\/wp\/v2\/product"}],"about":[{"href":"https:\/\/stoic-curie.212-227-153-4.plesk.page\/fr\/wp-json\/wp\/v2\/types\/product"}],"replies":[{"embeddable":true,"href":"https:\/\/stoic-curie.212-227-153-4.plesk.page\/fr\/wp-json\/wp\/v2\/comments?post=732099"}],"version-history":[{"count":0,"href":"https:\/\/stoic-curie.212-227-153-4.plesk.page\/fr\/wp-json\/wp\/v2\/product\/732099\/revisions"}],"wp:featuredmedia":[{"embeddable":true,"href":"https:\/\/stoic-curie.212-227-153-4.plesk.page\/fr\/wp-json\/wp\/v2\/media\/5948748"}],"wp:attachment":[{"href":"https:\/\/stoic-curie.212-227-153-4.plesk.page\/fr\/wp-json\/wp\/v2\/media?parent=732099"}],"wp:term":[{"taxonomy":"product_brand","embeddable":true,"href":"https:\/\/stoic-curie.212-227-153-4.plesk.page\/fr\/wp-json\/wp\/v2\/product_brand?post=732099"},{"taxonomy":"product_cat","embeddable":true,"href":"https:\/\/stoic-curie.212-227-153-4.plesk.page\/fr\/wp-json\/wp\/v2\/product_cat?post=732099"},{"taxonomy":"product_tag","embeddable":true,"href":"https:\/\/stoic-curie.212-227-153-4.plesk.page\/fr\/wp-json\/wp\/v2\/product_tag?post=732099"}],"curies":[{"name":"wp","href":"https:\/\/api.w.org\/{rel}","templated":true}]}}