{"id":732101,"date":"2025-03-03T16:14:10","date_gmt":"2025-03-03T15:14:10","guid":{"rendered":"https:\/\/stoic-curie.212-227-153-4.plesk.page\/producto\/chaussures-de-voile-musto-dynamic-pro-ii-bleu-et-blanc-pointure-41-8\/"},"modified":"2026-02-24T23:08:52","modified_gmt":"2026-02-24T23:08:52","slug":"chaussures-de-voile-musto-dynamic-pro-ii-bleu-et-blanc-pointure-41-8","status":"publish","type":"product","link":"https:\/\/stoic-curie.212-227-153-4.plesk.page\/fr\/product\/chaussures-de-voile-musto-dynamic-pro-ii-bleu-et-blanc-pointure-41-8\/","title":{"rendered":"Chaussures de voile Musto Dynamic Pro II, bleu et blanc, pointure\u00a041 (8)"},"content":{"rendered":"<p>Chaussures de voile Musto Dynamic Pro II, bleu et blanc, pointure\u00a041 (8)  &#8211; <\/p>\n<p>La sneaker de navigation Musto Dynamic Pro II est construite avec un rev\u00eatement thermosoud\u00e9 en TPU sur le dessus pour un soutien lat\u00e9ral et une cage de talon absorbant les chocs pour un ajustement dynamique s\u00fbr et durable. Une construction en mono maille offre une ventilation et des temps de s\u00e9chage rapides, garantissant confort et fra\u00eecheur tout au long de la journ\u00e9e. L&#8217;exceptionnel drainage XPL emp\u00eache l&#8217;accumulation d&#8217;eau \u00e0 l&#8217;int\u00e9rieur de la chaussure, et le caoutchouc GripDeck assure la stabilit\u00e9 sur les ponts humides.<\/p>\n","protected":false},"excerpt":{"rendered":"<p>Chaussures de voile Musto Dynamic Pro II, bleu et blanc, pointure\u00a041 (8) &#8211; La sneaker de navigation Musto Dynamic Pro<\/p>\n","protected":false},"featured_media":5948750,"comment_status":"open","ping_status":"closed","template":"","meta":[],"product_brand":[3154],"product_cat":[1286,1280],"product_tag":[],"class_list":{"0":"post-732101","1":"product","2":"type-product","3":"status-publish","4":"has-post-thumbnail","6":"product_brand-musto-fr","7":"product_cat-chaussures-nautiques","8":"product_cat-vetements-musto","10":"first","11":"instock","12":"shipping-taxable","13":"purchasable","14":"product-type-simple"},"_links":{"self":[{"href":"https:\/\/stoic-curie.212-227-153-4.plesk.page\/fr\/wp-json\/wp\/v2\/product\/732101","targetHints":{"allow":["GET"]}}],"collection":[{"href":"https:\/\/stoic-curie.212-227-153-4.plesk.page\/fr\/wp-json\/wp\/v2\/product"}],"about":[{"href":"https:\/\/stoic-curie.212-227-153-4.plesk.page\/fr\/wp-json\/wp\/v2\/types\/product"}],"replies":[{"embeddable":true,"href":"https:\/\/stoic-curie.212-227-153-4.plesk.page\/fr\/wp-json\/wp\/v2\/comments?post=732101"}],"version-history":[{"count":0,"href":"https:\/\/stoic-curie.212-227-153-4.plesk.page\/fr\/wp-json\/wp\/v2\/product\/732101\/revisions"}],"wp:featuredmedia":[{"embeddable":true,"href":"https:\/\/stoic-curie.212-227-153-4.plesk.page\/fr\/wp-json\/wp\/v2\/media\/5948750"}],"wp:attachment":[{"href":"https:\/\/stoic-curie.212-227-153-4.plesk.page\/fr\/wp-json\/wp\/v2\/media?parent=732101"}],"wp:term":[{"taxonomy":"product_brand","embeddable":true,"href":"https:\/\/stoic-curie.212-227-153-4.plesk.page\/fr\/wp-json\/wp\/v2\/product_brand?post=732101"},{"taxonomy":"product_cat","embeddable":true,"href":"https:\/\/stoic-curie.212-227-153-4.plesk.page\/fr\/wp-json\/wp\/v2\/product_cat?post=732101"},{"taxonomy":"product_tag","embeddable":true,"href":"https:\/\/stoic-curie.212-227-153-4.plesk.page\/fr\/wp-json\/wp\/v2\/product_tag?post=732101"}],"curies":[{"name":"wp","href":"https:\/\/api.w.org\/{rel}","templated":true}]}}