{"id":732107,"date":"2025-03-03T16:14:11","date_gmt":"2025-03-03T15:14:11","guid":{"rendered":"https:\/\/stoic-curie.212-227-153-4.plesk.page\/producto\/chaussures-de-voile-musto-dynamic-pro-ii-bleu-et-blanc-pointure-45-11\/"},"modified":"2026-02-24T23:08:52","modified_gmt":"2026-02-24T23:08:52","slug":"chaussures-de-voile-musto-dynamic-pro-ii-bleu-et-blanc-pointure-45-11","status":"publish","type":"product","link":"https:\/\/stoic-curie.212-227-153-4.plesk.page\/fr\/product\/chaussures-de-voile-musto-dynamic-pro-ii-bleu-et-blanc-pointure-45-11\/","title":{"rendered":"Chaussures de voile Musto Dynamic Pro II, bleu et blanc, pointure\u00a045 (11)"},"content":{"rendered":"<p>Chaussures de voile Musto Dynamic Pro II, bleu et blanc, pointure\u00a045 (11)  &#8211; <\/p>\n<p>Baskets de navigation Musto Dynamic Pro II, construite avec un rev\u00eatement en TPU soud\u00e9 \u00e0 l&#8217;ext\u00e9rieur pour un soutien lat\u00e9ral et une cage de talon absorbant les chocs pour un fit dynamique s\u00e9curis\u00e9 et durable. Une construction en maille mono offre ventilation et temps de s\u00e9chage rapide garantissant confort et fra\u00eecheur tout au long de la journ\u00e9e. Un drainage XPL exceptionnel emp\u00eache l&#8217;eau de stagner \u00e0 l&#8217;int\u00e9rieur de la chaussure et le caoutchouc GripDeck assure une stabilit\u00e9 sur les ponts mouill\u00e9s.<\/p>\n","protected":false},"excerpt":{"rendered":"<p>Chaussures de voile Musto Dynamic Pro II, bleu et blanc, pointure\u00a045 (11) &#8211; Baskets de navigation Musto Dynamic Pro II,<\/p>\n","protected":false},"featured_media":5948750,"comment_status":"open","ping_status":"closed","template":"","meta":[],"product_brand":[3154],"product_cat":[1286,1280],"product_tag":[],"class_list":{"0":"post-732107","1":"product","2":"type-product","3":"status-publish","4":"has-post-thumbnail","6":"product_brand-musto-fr","7":"product_cat-chaussures-nautiques","8":"product_cat-vetements-musto","10":"first","11":"instock","12":"shipping-taxable","13":"purchasable","14":"product-type-simple"},"_links":{"self":[{"href":"https:\/\/stoic-curie.212-227-153-4.plesk.page\/fr\/wp-json\/wp\/v2\/product\/732107","targetHints":{"allow":["GET"]}}],"collection":[{"href":"https:\/\/stoic-curie.212-227-153-4.plesk.page\/fr\/wp-json\/wp\/v2\/product"}],"about":[{"href":"https:\/\/stoic-curie.212-227-153-4.plesk.page\/fr\/wp-json\/wp\/v2\/types\/product"}],"replies":[{"embeddable":true,"href":"https:\/\/stoic-curie.212-227-153-4.plesk.page\/fr\/wp-json\/wp\/v2\/comments?post=732107"}],"version-history":[{"count":0,"href":"https:\/\/stoic-curie.212-227-153-4.plesk.page\/fr\/wp-json\/wp\/v2\/product\/732107\/revisions"}],"wp:featuredmedia":[{"embeddable":true,"href":"https:\/\/stoic-curie.212-227-153-4.plesk.page\/fr\/wp-json\/wp\/v2\/media\/5948750"}],"wp:attachment":[{"href":"https:\/\/stoic-curie.212-227-153-4.plesk.page\/fr\/wp-json\/wp\/v2\/media?parent=732107"}],"wp:term":[{"taxonomy":"product_brand","embeddable":true,"href":"https:\/\/stoic-curie.212-227-153-4.plesk.page\/fr\/wp-json\/wp\/v2\/product_brand?post=732107"},{"taxonomy":"product_cat","embeddable":true,"href":"https:\/\/stoic-curie.212-227-153-4.plesk.page\/fr\/wp-json\/wp\/v2\/product_cat?post=732107"},{"taxonomy":"product_tag","embeddable":true,"href":"https:\/\/stoic-curie.212-227-153-4.plesk.page\/fr\/wp-json\/wp\/v2\/product_tag?post=732107"}],"curies":[{"name":"wp","href":"https:\/\/api.w.org\/{rel}","templated":true}]}}