{"id":732109,"date":"2025-03-03T16:14:11","date_gmt":"2025-03-03T15:14:11","guid":{"rendered":"https:\/\/stoic-curie.212-227-153-4.plesk.page\/producto\/turbine-de-pompe-en-nitrile-johnson-09-1027b-pour-pompes-johnson-f5-12-pales\/"},"modified":"2026-02-24T23:08:52","modified_gmt":"2026-02-24T23:08:52","slug":"turbine-de-pompe-en-nitrile-johnson-09-1027b-pour-pompes-johnson-f5-12-pales","status":"publish","type":"product","link":"https:\/\/stoic-curie.212-227-153-4.plesk.page\/fr\/product\/turbine-de-pompe-en-nitrile-johnson-09-1027b-pour-pompes-johnson-f5-12-pales\/","title":{"rendered":"Turbine de pompe en nitrile Johnson 09-1027B pour pompes Johnson F5 (12 pales)"},"content":{"rendered":"<p>Turbine de pompe en nitrile Johnson 09-1027B pour pompes Johnson F5 (12 pales) &#8211; L&#8217;impulseur flexible en nitrile d&#8217;origine de Johnson est adapt\u00e9 aux applications o\u00f9 le diesel ou les huiles l\u00e9g\u00e8res sont pr\u00e9sents. L&#8217;impulseur de pompe flexible Johnson est con\u00e7u pour \u00eatre install\u00e9 sur certaines pompes de la gamme F5 de Johnson, qui correspondent aux dimensions d&#8217;impulseur \u00e9num\u00e9r\u00e9es ci-dessous, y compris :<br \/>&#8211; Pompes F5B-19 (10-24188-1, 10-24188-2, 10-24188-7, 10-24188-8 et 10-24188-10), pompes F5B-1907 (10-24188-4 et 10-24188-5)<br \/>&#8211; Pompes F5B-39 (10-22044-3), pompes F5B-392 (10-22044-4), pompes F5B-3900 (10-24210-2), pompes F5B-3920 (10-24210-4), pompes F5B-39007 (10-24210-6), pompes F5B-39207 (10-24210-8)<br \/>&#8211; Pompes F5B-89 (10-24073-3, 10-24571-02 et 10-24571-14), pompes F5B-892 (10-24073-4), pompes F5B-8907 (10-24073-7), pompes F5B-8927 (10-24073-8)<br \/>L&#8217;impulseur de pompe flexible Johnson poss\u00e8de douze pales et est fourni avec un gel de lubrification et un manuel d&#8217;instructions pour faciliter l&#8217;installation de l&#8217;impulseur dans la pompe flexible.<br \/>Le Johnson 09-1027B-9 peut \u00eatre utilis\u00e9 pour remplacer l&#8217;impulseur Jabsco 1210-0003 en Europe et aux \u00c9tats-Unis. Pour les applications de pompage d&#8217;eau, utilisez l&#8217;impulseur Johnson MC97 09-1027B-1.<br \/>Il est fortement recommand\u00e9 d&#8217;utiliser un impulseur de pompe d&#8217;origine pour votre pompe \u00e0 impulseur flexible, car cela garantira que la qualit\u00e9 r\u00e9pond aux exigences de performance et de dimensions pour chaque type de pompe. Les impulseurs Johnson Pump sont fabriqu\u00e9s en stricte conformit\u00e9 avec les sp\u00e9cifications des pompes \u00e9tablies par les fabricants de moteurs.<\/p>\n","protected":false},"excerpt":{"rendered":"<p>Turbine de pompe en nitrile Johnson 09-1027B pour pompes Johnson F5 (12 pales) &#8211; L&#8217;impulseur flexible en nitrile d&#8217;origine de<\/p>\n","protected":false},"featured_media":5948755,"comment_status":"open","ping_status":"closed","template":"","meta":[],"product_brand":[3044],"product_cat":[1235],"product_tag":[],"class_list":{"0":"post-732109","1":"product","2":"type-product","3":"status-publish","4":"has-post-thumbnail","6":"product_brand-johnson-marine-fr","7":"product_cat-pompes-de-refroidissement-du-moteur","9":"first","10":"instock","11":"shipping-taxable","12":"purchasable","13":"product-type-simple"},"_links":{"self":[{"href":"https:\/\/stoic-curie.212-227-153-4.plesk.page\/fr\/wp-json\/wp\/v2\/product\/732109","targetHints":{"allow":["GET"]}}],"collection":[{"href":"https:\/\/stoic-curie.212-227-153-4.plesk.page\/fr\/wp-json\/wp\/v2\/product"}],"about":[{"href":"https:\/\/stoic-curie.212-227-153-4.plesk.page\/fr\/wp-json\/wp\/v2\/types\/product"}],"replies":[{"embeddable":true,"href":"https:\/\/stoic-curie.212-227-153-4.plesk.page\/fr\/wp-json\/wp\/v2\/comments?post=732109"}],"version-history":[{"count":0,"href":"https:\/\/stoic-curie.212-227-153-4.plesk.page\/fr\/wp-json\/wp\/v2\/product\/732109\/revisions"}],"wp:featuredmedia":[{"embeddable":true,"href":"https:\/\/stoic-curie.212-227-153-4.plesk.page\/fr\/wp-json\/wp\/v2\/media\/5948755"}],"wp:attachment":[{"href":"https:\/\/stoic-curie.212-227-153-4.plesk.page\/fr\/wp-json\/wp\/v2\/media?parent=732109"}],"wp:term":[{"taxonomy":"product_brand","embeddable":true,"href":"https:\/\/stoic-curie.212-227-153-4.plesk.page\/fr\/wp-json\/wp\/v2\/product_brand?post=732109"},{"taxonomy":"product_cat","embeddable":true,"href":"https:\/\/stoic-curie.212-227-153-4.plesk.page\/fr\/wp-json\/wp\/v2\/product_cat?post=732109"},{"taxonomy":"product_tag","embeddable":true,"href":"https:\/\/stoic-curie.212-227-153-4.plesk.page\/fr\/wp-json\/wp\/v2\/product_tag?post=732109"}],"curies":[{"name":"wp","href":"https:\/\/api.w.org\/{rel}","templated":true}]}}