{"id":732112,"date":"2025-03-03T16:14:12","date_gmt":"2025-03-03T15:14:12","guid":{"rendered":"https:\/\/stoic-curie.212-227-153-4.plesk.page\/producto\/ancre-inox-quick-olympic-34kg\/"},"modified":"2026-02-24T23:08:52","modified_gmt":"2026-02-24T23:08:52","slug":"ancre-inox-quick-olympic-34kg","status":"publish","type":"product","link":"https:\/\/stoic-curie.212-227-153-4.plesk.page\/fr\/product\/ancre-inox-quick-olympic-34kg\/","title":{"rendered":"Ancre Inox Quick Olympic 34kg"},"content":{"rendered":"<p>Ancre Inox Quick Olympic 34kg &#8211; <\/p>\n<p>Ancre en acier inoxydable haute performance avec un rapport poids\/masse \u00e9lev\u00e9. Capacit\u00e9 de p\u00e9n\u00e9tration \u00e9lev\u00e9e avec un angle optimal garanti gr\u00e2ce aux ailerons stabilisateurs et \u00e0 une distribution de poids parfaite. Corps compact adaptable \u00e0 la plupart des rouleaux du march\u00e9, avec un trou pour la fixation de la poign\u00e9e et une base renforc\u00e9e pour une r\u00e9sistance \u00e9lev\u00e9e \u00e0 des tractions exceptionnelles. \u0152illet con\u00e7u pour r\u00e9sister \u00e0 de fortes tensions de traction.<\/p>\n<p style=\"color: rgb(34, 34, 34); font-family: Arial, Helvetica, sans-serif; font-size: small;\">Pr\u00e9sentation de l&#8217;ancre Quick Olympic, pesant 34 kg (75 lb), fabriqu\u00e9e en acier inoxydable AISI 316 poli et dot\u00e9e d&#8217;un bras en forme de soc.<\/p>\n<p style=\"color: rgb(34, 34, 34); font-family: Arial, Helvetica, sans-serif; font-size: small;\"><strong>Sp\u00e9cifications de l&#8217;ancre :<\/strong><\/p>\n<ul style=\"color: rgb(34, 34, 34); font-family: Arial, Helvetica, sans-serif; font-size: small;\">\n<li><strong>Poids :<\/strong>\u00a034 kg (75 lb)<\/li>\n<li><strong>Taille de cha\u00eene recommand\u00e9e :<\/strong>\u00a010 mm (3\/8&#8243;)<\/li>\n<li><strong>Longueur de bateau appropri\u00e9e :<\/strong>\u00a0Jusqu&#8217;\u00e0 15 m\u00e8tres (49 ft)<\/li>\n<li><strong>Poids maximum du bateau :<\/strong>\u00a021 tonnes (23,1 tonnes US)<\/li>\n<li><strong>Mat\u00e9riau :<\/strong>\u00a0Acier inoxydable AISI 316 avec finition polie<\/li>\n<\/ul>\n<p style=\"color: rgb(34, 34, 34); font-family: Arial, Helvetica, sans-serif; font-size: small;\"><strong>D\u00e9tails suppl\u00e9mentaires :<\/strong><\/p>\n<ul style=\"color: rgb(34, 34, 34); font-family: Arial, Helvetica, sans-serif; font-size: small;\">\n<li><strong>Marque :<\/strong>\u00a0Quick<\/li>\n<li><strong>Construction principale :<\/strong>\u00a0Acier inoxydable 316<\/li>\n<li><strong>Pays d&#8217;origine :<\/strong>\u00a0Italie<\/li>\n<li><strong>Taille de bateau recommand\u00e9e :<\/strong>\u00a0Jusqu&#8217;\u00e0 15 m\u00e8tres de longueur<\/li>\n<\/ul>\n<p style=\"color: rgb(34, 34, 34); font-family: Arial, Helvetica, sans-serif; font-size: small;\">Cette ancre est con\u00e7ue pour offrir des performances fiables pour les navires jusqu&#8217;\u00e0 15 m\u00e8tres, garantissant stabilit\u00e9 et s\u00e9curit\u00e9 lors du mouillage.<\/p>\n","protected":false},"excerpt":{"rendered":"<p>Ancre Inox Quick Olympic 34kg &#8211; Ancre en acier inoxydable haute performance avec un rapport poids\/masse \u00e9lev\u00e9. Capacit\u00e9 de p\u00e9n\u00e9tration<\/p>\n","protected":false},"featured_media":5948759,"comment_status":"open","ping_status":"closed","template":"","meta":[],"product_brand":[3279],"product_cat":[1292],"product_tag":[],"class_list":{"0":"post-732112","1":"product","2":"type-product","3":"status-publish","4":"has-post-thumbnail","6":"product_brand-quick-fr","7":"product_cat-ancres-delta","9":"first","10":"instock","11":"shipping-taxable","12":"purchasable","13":"product-type-simple"},"_links":{"self":[{"href":"https:\/\/stoic-curie.212-227-153-4.plesk.page\/fr\/wp-json\/wp\/v2\/product\/732112","targetHints":{"allow":["GET"]}}],"collection":[{"href":"https:\/\/stoic-curie.212-227-153-4.plesk.page\/fr\/wp-json\/wp\/v2\/product"}],"about":[{"href":"https:\/\/stoic-curie.212-227-153-4.plesk.page\/fr\/wp-json\/wp\/v2\/types\/product"}],"replies":[{"embeddable":true,"href":"https:\/\/stoic-curie.212-227-153-4.plesk.page\/fr\/wp-json\/wp\/v2\/comments?post=732112"}],"version-history":[{"count":0,"href":"https:\/\/stoic-curie.212-227-153-4.plesk.page\/fr\/wp-json\/wp\/v2\/product\/732112\/revisions"}],"wp:featuredmedia":[{"embeddable":true,"href":"https:\/\/stoic-curie.212-227-153-4.plesk.page\/fr\/wp-json\/wp\/v2\/media\/5948759"}],"wp:attachment":[{"href":"https:\/\/stoic-curie.212-227-153-4.plesk.page\/fr\/wp-json\/wp\/v2\/media?parent=732112"}],"wp:term":[{"taxonomy":"product_brand","embeddable":true,"href":"https:\/\/stoic-curie.212-227-153-4.plesk.page\/fr\/wp-json\/wp\/v2\/product_brand?post=732112"},{"taxonomy":"product_cat","embeddable":true,"href":"https:\/\/stoic-curie.212-227-153-4.plesk.page\/fr\/wp-json\/wp\/v2\/product_cat?post=732112"},{"taxonomy":"product_tag","embeddable":true,"href":"https:\/\/stoic-curie.212-227-153-4.plesk.page\/fr\/wp-json\/wp\/v2\/product_tag?post=732112"}],"curies":[{"name":"wp","href":"https:\/\/api.w.org\/{rel}","templated":true}]}}