{"id":732113,"date":"2025-03-03T16:14:12","date_gmt":"2025-03-03T15:14:12","guid":{"rendered":"https:\/\/stoic-curie.212-227-153-4.plesk.page\/producto\/ancre-inox-quick-olympic-45kg\/"},"modified":"2026-02-24T23:08:52","modified_gmt":"2026-02-24T23:08:52","slug":"ancre-inox-quick-olympic-45kg","status":"publish","type":"product","link":"https:\/\/stoic-curie.212-227-153-4.plesk.page\/fr\/product\/ancre-inox-quick-olympic-45kg\/","title":{"rendered":"Ancre Inox Quick Olympic 45kg"},"content":{"rendered":"<p>Ancre Inox Quick Olympic 45kg &#8211; <\/p>\n<p>Ancre en acier inoxydable de haute performance avec un rapport poids\/masse \u00e9lev\u00e9. Haute capacit\u00e9 de p\u00e9n\u00e9tration avec un angle optimal garanti gr\u00e2ce aux ailerons stabilisateurs et \u00e0 une distribution parfaite du poids. Barillet compact adaptable \u00e0 la plupart des rouleaux du march\u00e9 avec un trou pour l&#8217;attache de prise et une base renforc\u00e9e pour une haute r\u00e9sistance \u00e0 des tractions exceptionnelles. \u0152illet con\u00e7u pour r\u00e9sister \u00e0 des efforts de traction \u00e9lev\u00e9s.<\/p>\n<p style=\"color: rgb(34, 34, 34); font-family: Arial, Helvetica, sans-serif; font-size: small;\">Nous vous pr\u00e9sentons l&#8217;Ancre Olympique Rapide, pesant 45 kg (99 lb), fabriqu\u00e9e en acier inoxydable AISI 316 poli et dot\u00e9e d&#8217;un bras en forme de soc pour des performances optimales.<\/p>\n<p style=\"color: rgb(34, 34, 34); font-family: Arial, Helvetica, sans-serif; font-size: small;\"><strong>Sp\u00e9cifications de l&#8217;ancre :<\/strong><\/p>\n<ul style=\"color: rgb(34, 34, 34); font-family: Arial, Helvetica, sans-serif; font-size: small;\">\n<li><strong>Poids :<\/strong>\u00a045kg (99 lb)<\/li>\n<li><strong>Taille de cha\u00eene recommand\u00e9e :<\/strong>\u00a012mm (15\/32&#8243; )<\/li>\n<li><strong>Suitable pour la longueur du bateau :<\/strong>\u00a0Jusqu&#8217;\u00e0 18 m\u00e8tres (59 ft)<\/li>\n<li><strong>Poids maximum du bateau :<\/strong>\u00a030 tonnes (33 tonnes US)<\/li>\n<li><strong>Mat\u00e9riau :<\/strong>\u00a0Acier inoxydable AISI 316 avec finition polie<\/li>\n<\/ul>\n<p style=\"color: rgb(34, 34, 34); font-family: Arial, Helvetica, sans-serif; font-size: small;\">Cette ancre est con\u00e7ue pour fournir une puissance de maintien fiable, ce qui en fait un excellent choix pour les propri\u00e9taires de bateaux en qu\u00eate de qualit\u00e9 et de durabilit\u00e9 dans leur \u00e9quipement.<\/p>\n","protected":false},"excerpt":{"rendered":"<p>Ancre Inox Quick Olympic 45kg &#8211; Ancre en acier inoxydable de haute performance avec un rapport poids\/masse \u00e9lev\u00e9. Haute capacit\u00e9<\/p>\n","protected":false},"featured_media":5948759,"comment_status":"open","ping_status":"closed","template":"","meta":[],"product_brand":[3279],"product_cat":[1292],"product_tag":[],"class_list":{"0":"post-732113","1":"product","2":"type-product","3":"status-publish","4":"has-post-thumbnail","6":"product_brand-quick-fr","7":"product_cat-ancres-delta","9":"first","10":"instock","11":"shipping-taxable","12":"purchasable","13":"product-type-simple"},"_links":{"self":[{"href":"https:\/\/stoic-curie.212-227-153-4.plesk.page\/fr\/wp-json\/wp\/v2\/product\/732113","targetHints":{"allow":["GET"]}}],"collection":[{"href":"https:\/\/stoic-curie.212-227-153-4.plesk.page\/fr\/wp-json\/wp\/v2\/product"}],"about":[{"href":"https:\/\/stoic-curie.212-227-153-4.plesk.page\/fr\/wp-json\/wp\/v2\/types\/product"}],"replies":[{"embeddable":true,"href":"https:\/\/stoic-curie.212-227-153-4.plesk.page\/fr\/wp-json\/wp\/v2\/comments?post=732113"}],"version-history":[{"count":0,"href":"https:\/\/stoic-curie.212-227-153-4.plesk.page\/fr\/wp-json\/wp\/v2\/product\/732113\/revisions"}],"wp:featuredmedia":[{"embeddable":true,"href":"https:\/\/stoic-curie.212-227-153-4.plesk.page\/fr\/wp-json\/wp\/v2\/media\/5948759"}],"wp:attachment":[{"href":"https:\/\/stoic-curie.212-227-153-4.plesk.page\/fr\/wp-json\/wp\/v2\/media?parent=732113"}],"wp:term":[{"taxonomy":"product_brand","embeddable":true,"href":"https:\/\/stoic-curie.212-227-153-4.plesk.page\/fr\/wp-json\/wp\/v2\/product_brand?post=732113"},{"taxonomy":"product_cat","embeddable":true,"href":"https:\/\/stoic-curie.212-227-153-4.plesk.page\/fr\/wp-json\/wp\/v2\/product_cat?post=732113"},{"taxonomy":"product_tag","embeddable":true,"href":"https:\/\/stoic-curie.212-227-153-4.plesk.page\/fr\/wp-json\/wp\/v2\/product_tag?post=732113"}],"curies":[{"name":"wp","href":"https:\/\/api.w.org\/{rel}","templated":true}]}}