{"id":732115,"date":"2025-03-03T16:14:12","date_gmt":"2025-03-03T15:14:12","guid":{"rendered":"https:\/\/stoic-curie.212-227-153-4.plesk.page\/producto\/telecommande-quick-chc-w\/"},"modified":"2026-02-24T23:08:52","modified_gmt":"2026-02-24T23:08:52","slug":"telecommande-quick-chc-w","status":"publish","type":"product","link":"https:\/\/stoic-curie.212-227-153-4.plesk.page\/fr\/product\/telecommande-quick-chc-w\/","title":{"rendered":"T\u00e9l\u00e9commande Quick CHC-W"},"content":{"rendered":"<p>T\u00e9l\u00e9commande Quick CHC-W &#8211; <\/p>\n<p> t\u00e9l\u00e9commande pour faire fonctionner le cabestan et contr\u00f4ler la longueur de la cha\u00eene abaiss\u00e9e. Bo\u00eetier \u00e9tanche avec affichage graphique LCD en verre noir tremp\u00e9, boutons r\u00e9tro\u00e9clair\u00e9s et batterie rechargeable avec port USB-C. Base r\u00e9ceptrice \u00e9tanche 12\/24V 2,4GHz avec interface CAN bus.<\/p>\n","protected":false},"excerpt":{"rendered":"<p>T\u00e9l\u00e9commande Quick CHC-W &#8211; t\u00e9l\u00e9commande pour faire fonctionner le cabestan et contr\u00f4ler la longueur de la cha\u00eene abaiss\u00e9e. Bo\u00eetier \u00e9tanche<\/p>\n","protected":false},"featured_media":5948762,"comment_status":"open","ping_status":"closed","template":"","meta":[],"product_brand":[3279],"product_cat":[1037],"product_tag":[],"class_list":{"0":"post-732115","1":"product","2":"type-product","3":"status-publish","4":"has-post-thumbnail","6":"product_brand-quick-fr","7":"product_cat-guindeaux-quick","9":"first","10":"instock","11":"shipping-taxable","12":"purchasable","13":"product-type-simple"},"_links":{"self":[{"href":"https:\/\/stoic-curie.212-227-153-4.plesk.page\/fr\/wp-json\/wp\/v2\/product\/732115","targetHints":{"allow":["GET"]}}],"collection":[{"href":"https:\/\/stoic-curie.212-227-153-4.plesk.page\/fr\/wp-json\/wp\/v2\/product"}],"about":[{"href":"https:\/\/stoic-curie.212-227-153-4.plesk.page\/fr\/wp-json\/wp\/v2\/types\/product"}],"replies":[{"embeddable":true,"href":"https:\/\/stoic-curie.212-227-153-4.plesk.page\/fr\/wp-json\/wp\/v2\/comments?post=732115"}],"version-history":[{"count":0,"href":"https:\/\/stoic-curie.212-227-153-4.plesk.page\/fr\/wp-json\/wp\/v2\/product\/732115\/revisions"}],"wp:featuredmedia":[{"embeddable":true,"href":"https:\/\/stoic-curie.212-227-153-4.plesk.page\/fr\/wp-json\/wp\/v2\/media\/5948762"}],"wp:attachment":[{"href":"https:\/\/stoic-curie.212-227-153-4.plesk.page\/fr\/wp-json\/wp\/v2\/media?parent=732115"}],"wp:term":[{"taxonomy":"product_brand","embeddable":true,"href":"https:\/\/stoic-curie.212-227-153-4.plesk.page\/fr\/wp-json\/wp\/v2\/product_brand?post=732115"},{"taxonomy":"product_cat","embeddable":true,"href":"https:\/\/stoic-curie.212-227-153-4.plesk.page\/fr\/wp-json\/wp\/v2\/product_cat?post=732115"},{"taxonomy":"product_tag","embeddable":true,"href":"https:\/\/stoic-curie.212-227-153-4.plesk.page\/fr\/wp-json\/wp\/v2\/product_tag?post=732115"}],"curies":[{"name":"wp","href":"https:\/\/api.w.org\/{rel}","templated":true}]}}