{"id":732116,"date":"2025-03-03T16:14:12","date_gmt":"2025-03-03T15:14:12","guid":{"rendered":"https:\/\/stoic-curie.212-227-153-4.plesk.page\/producto\/recepteur-quick-chc-w\/"},"modified":"2026-02-24T23:08:52","modified_gmt":"2026-02-24T23:08:52","slug":"recepteur-quick-chc-w","status":"publish","type":"product","link":"https:\/\/stoic-curie.212-227-153-4.plesk.page\/fr\/product\/recepteur-quick-chc-w\/","title":{"rendered":"R\u00e9cepteur Quick CHC-W"},"content":{"rendered":"<p>R\u00e9cepteur Quick CHC-W &#8211; <\/p>\n<p>T\u00e9l\u00e9commande pour actionner le treuil et contr\u00f4ler la longueur de la cha\u00eene abaiss\u00e9e. Bo\u00eetier \u00e9tanche avec \u00e9cran graphique LCD en verre tremp\u00e9 noir, boutons r\u00e9tro\u00e9clair\u00e9s et batterie rechargeable avec port USB-C. Base r\u00e9ceptrice \u00e9tanche 12\/24V 2.4GHz avec interface CAN bus.<\/p>\n","protected":false},"excerpt":{"rendered":"<p>R\u00e9cepteur Quick CHC-W &#8211; T\u00e9l\u00e9commande pour actionner le treuil et contr\u00f4ler la longueur de la cha\u00eene abaiss\u00e9e. Bo\u00eetier \u00e9tanche avec<\/p>\n","protected":false},"featured_media":5948764,"comment_status":"open","ping_status":"closed","template":"","meta":[],"product_brand":[3279],"product_cat":[1037],"product_tag":[],"class_list":{"0":"post-732116","1":"product","2":"type-product","3":"status-publish","4":"has-post-thumbnail","6":"product_brand-quick-fr","7":"product_cat-guindeaux-quick","9":"first","10":"instock","11":"shipping-taxable","12":"purchasable","13":"product-type-simple"},"_links":{"self":[{"href":"https:\/\/stoic-curie.212-227-153-4.plesk.page\/fr\/wp-json\/wp\/v2\/product\/732116","targetHints":{"allow":["GET"]}}],"collection":[{"href":"https:\/\/stoic-curie.212-227-153-4.plesk.page\/fr\/wp-json\/wp\/v2\/product"}],"about":[{"href":"https:\/\/stoic-curie.212-227-153-4.plesk.page\/fr\/wp-json\/wp\/v2\/types\/product"}],"replies":[{"embeddable":true,"href":"https:\/\/stoic-curie.212-227-153-4.plesk.page\/fr\/wp-json\/wp\/v2\/comments?post=732116"}],"version-history":[{"count":0,"href":"https:\/\/stoic-curie.212-227-153-4.plesk.page\/fr\/wp-json\/wp\/v2\/product\/732116\/revisions"}],"wp:featuredmedia":[{"embeddable":true,"href":"https:\/\/stoic-curie.212-227-153-4.plesk.page\/fr\/wp-json\/wp\/v2\/media\/5948764"}],"wp:attachment":[{"href":"https:\/\/stoic-curie.212-227-153-4.plesk.page\/fr\/wp-json\/wp\/v2\/media?parent=732116"}],"wp:term":[{"taxonomy":"product_brand","embeddable":true,"href":"https:\/\/stoic-curie.212-227-153-4.plesk.page\/fr\/wp-json\/wp\/v2\/product_brand?post=732116"},{"taxonomy":"product_cat","embeddable":true,"href":"https:\/\/stoic-curie.212-227-153-4.plesk.page\/fr\/wp-json\/wp\/v2\/product_cat?post=732116"},{"taxonomy":"product_tag","embeddable":true,"href":"https:\/\/stoic-curie.212-227-153-4.plesk.page\/fr\/wp-json\/wp\/v2\/product_tag?post=732116"}],"curies":[{"name":"wp","href":"https:\/\/api.w.org\/{rel}","templated":true}]}}