{"id":732117,"date":"2025-03-03T16:14:12","date_gmt":"2025-03-03T15:14:12","guid":{"rendered":"https:\/\/stoic-curie.212-227-153-4.plesk.page\/producto\/kit-dancrage-liros-12mm-x-40mt-6-5kg\/"},"modified":"2026-02-24T23:08:54","modified_gmt":"2026-02-24T23:08:54","slug":"kit-dancrage-liros-12mm-x-40mt-6-5kg","status":"publish","type":"product","link":"https:\/\/stoic-curie.212-227-153-4.plesk.page\/fr\/product\/kit-dancrage-liros-12mm-x-40mt-6-5kg\/","title":{"rendered":"Kit d\u2019ancrage Liros 12mm x 40mt 6.5kg"},"content":{"rendered":"<p>Kit d\u2019ancrage Liros 12mm x 40mt 6.5kg &#8211; <\/p>\n<p>Corde d&#8217;ancre de haute qualit\u00e9 Liros Handy-Anchor. Avec poids int\u00e9gr\u00e9 dans les dix derniers m\u00e8tres, \u0153illet, \u0153il en acier inoxydable et \u00e9pissure. \u2022 Fabriqu\u00e9 en 100% polyester tiss\u00e9 20 brins \u2022 R\u00e9sistant \u00e0 l&#8217;abrasion et aux rayons UV \u2022 Noyau en polyester et plomb \u2022 Peut \u00eatre utilis\u00e9 sans cha\u00eene \u2022 Livr\u00e9 avec un sac Liros<\/p>\n","protected":false},"excerpt":{"rendered":"<p>Kit d\u2019ancrage Liros 12mm x 40mt 6.5kg &#8211; Corde d&#8217;ancre de haute qualit\u00e9 Liros Handy-Anchor. Avec poids int\u00e9gr\u00e9 dans les<\/p>\n","protected":false},"featured_media":5948765,"comment_status":"open","ping_status":"closed","template":"","meta":[],"product_brand":[3064],"product_cat":[1049,1288],"product_tag":[],"class_list":{"0":"post-732117","1":"product","2":"type-product","3":"status-publish","4":"has-post-thumbnail","6":"product_brand-liros-fr","7":"product_cat-cordes-pre-epissees","8":"product_cat-lignes-de-mouillage","10":"first","11":"instock","12":"shipping-taxable","13":"purchasable","14":"product-type-simple"},"_links":{"self":[{"href":"https:\/\/stoic-curie.212-227-153-4.plesk.page\/fr\/wp-json\/wp\/v2\/product\/732117","targetHints":{"allow":["GET"]}}],"collection":[{"href":"https:\/\/stoic-curie.212-227-153-4.plesk.page\/fr\/wp-json\/wp\/v2\/product"}],"about":[{"href":"https:\/\/stoic-curie.212-227-153-4.plesk.page\/fr\/wp-json\/wp\/v2\/types\/product"}],"replies":[{"embeddable":true,"href":"https:\/\/stoic-curie.212-227-153-4.plesk.page\/fr\/wp-json\/wp\/v2\/comments?post=732117"}],"version-history":[{"count":0,"href":"https:\/\/stoic-curie.212-227-153-4.plesk.page\/fr\/wp-json\/wp\/v2\/product\/732117\/revisions"}],"wp:featuredmedia":[{"embeddable":true,"href":"https:\/\/stoic-curie.212-227-153-4.plesk.page\/fr\/wp-json\/wp\/v2\/media\/5948765"}],"wp:attachment":[{"href":"https:\/\/stoic-curie.212-227-153-4.plesk.page\/fr\/wp-json\/wp\/v2\/media?parent=732117"}],"wp:term":[{"taxonomy":"product_brand","embeddable":true,"href":"https:\/\/stoic-curie.212-227-153-4.plesk.page\/fr\/wp-json\/wp\/v2\/product_brand?post=732117"},{"taxonomy":"product_cat","embeddable":true,"href":"https:\/\/stoic-curie.212-227-153-4.plesk.page\/fr\/wp-json\/wp\/v2\/product_cat?post=732117"},{"taxonomy":"product_tag","embeddable":true,"href":"https:\/\/stoic-curie.212-227-153-4.plesk.page\/fr\/wp-json\/wp\/v2\/product_tag?post=732117"}],"curies":[{"name":"wp","href":"https:\/\/api.w.org\/{rel}","templated":true}]}}