{"id":732120,"date":"2025-03-03T16:14:13","date_gmt":"2025-03-03T15:14:13","guid":{"rendered":"https:\/\/stoic-curie.212-227-153-4.plesk.page\/producto\/dometic-nrx-60\/"},"modified":"2026-02-24T23:08:54","modified_gmt":"2026-02-24T23:08:54","slug":"dometic-nrx-60","status":"publish","type":"product","link":"https:\/\/stoic-curie.212-227-153-4.plesk.page\/fr\/product\/dometic-nrx-60\/","title":{"rendered":"R\u00e9frig\u00e9rateur Dometic NRX 60C"},"content":{"rendered":"<p>R\u00e9frig\u00e9rateur Dometic NRX 60C &#8211; <\/p>\n<p>Les r\u00e9frig\u00e9rateurs Dometic NRX (12\/24V) disposent d&#8217;une unit\u00e9 de refroidissement externe \u00e0 vitesse variable qui consomme 25 % d&#8217;\u00e9nergie en moins. L&#8217;unit\u00e9 comprend un compartiment cong\u00e9lateur amovible. Le panneau de contr\u00f4le tactile vous permet de s\u00e9lectionner uniquement le refroidissement, uniquement la cong\u00e9lation ou les deux fonctions simultan\u00e9ment. Il est \u00e9quip\u00e9 d&#8217;un \u00e9clairage LED, d&#8217;une poign\u00e9e pleine largeur et d&#8217;un panneau avant gris fonc\u00e9. Vous pouvez \u00e9galement acheter un cadre d&#8217;installation standard ou encastr\u00e9 comme accessoire.<\/p>\n<p>Nous vous pr\u00e9sentons le Dometic NRX 60C, un r\u00e9frig\u00e9rateur \u00e0 compresseur d&#8217;une capacit\u00e9 de 55 litres et d&#8217;une \u00e9l\u00e9gante fa\u00e7ade gris fonc\u00e9. Ce r\u00e9frig\u00e9rateur allie un design frais \u00e0 une efficacit\u00e9 \u00e9nerg\u00e9tique sup\u00e9rieure, offrant un grand espace de stockage frais. Sa porte sans cadre, qui int\u00e8gre un panneau avant gris fonc\u00e9 et une poign\u00e9e pleine largeur pratique, s&#8217;ouvre pour r\u00e9v\u00e9ler un int\u00e9rieur polyvalent. Le compartiment cong\u00e9lateur de 6,1 litres est amovible, ce qui vous permet de maximiser la capacit\u00e9 du r\u00e9frig\u00e9rateur pour le refroidissement ou de stocker des aliments congel\u00e9s pendant quelques jours.<\/p>\n<p>Caract\u00e9ristiques cl\u00e9s :<\/p>\n<ul>\n<li>Compresseur Dometic haut de gamme<\/li>\n<li>Panneau de contr\u00f4le facile \u00e0 utiliser<\/li>\n<li>Compartiment cong\u00e9lateur amovible<\/li>\n<li>Deux tiroirs \u00e0 l\u00e9gumes pour un rangement organis\u00e9<\/li>\n<li>Acc\u00e8s facile sous n&#8217;importe quel angle<\/li>\n<li>Int\u00e9rieur bien \u00e9quip\u00e9<\/li>\n<\/ul>\n<p>Ce r\u00e9frig\u00e9rateur offre une solution de refroidissement 3 en 1 : il peut fonctionner comme un r\u00e9frig\u00e9rateur, un cong\u00e9lateur ou les deux en m\u00eame temps. Il dispose d&#8217;un compresseur haute performance \u00e9conome en \u00e9nergie avec trois modes de fonctionnement : \u00c9co, Boost et Silencieux. La porte sans cadre avec un panneau avant gris fonc\u00e9 et une poign\u00e9e pleine largeur am\u00e9liore son aspect moderne. Le c\u00f4t\u00e9 arri\u00e8re biseaut\u00e9 permet une utilisation optimale de l&#8217;espace \u00e0 bord, et la charni\u00e8re de porte r\u00e9versible peut \u00eatre ajust\u00e9e pour s&#8217;ouvrir \u00e0 gauche ou \u00e0 droite selon les besoins. De plus, les fermetures \u00e0 double fonction peuvent servir de bouches d&#8217;a\u00e9ration pour votre r\u00e9frig\u00e9rateur.<\/p>\n<p>D\u00e9tails du produit :<\/p>\n<ul>\n<li>Num\u00e9ro SKU : 9620001486<\/li>\n<li>Mod\u00e8le : NRX0060C<\/li>\n<li>Mod\u00e8le sur l&#8217;\u00e9tiquette : NRX0060<\/li>\n<li>Contenu de la livraison : 1 r\u00e9frig\u00e9rateur, 1 coude de drainage, 1 manuel SOM, 1 manuel INM<\/li>\n<li>Description du produit : R\u00e9frig\u00e9rateur \u00e0 compresseur, 55 litres, fa\u00e7ade gris fonc\u00e9<\/li>\n<li>Technologie de r\u00e9frig\u00e9ration : Compresseur<\/li>\n<li>Dimensions (Profondeur) : 537 mm<\/li>\n<li>Dimensions (Hauteur) : 525 mm<\/li>\n<li>Dimensions (Largeur) : 448 mm<\/li>\n<li>Poids net : 17 kg<\/li>\n<li>Volume total (IEC 62552-3) : 55 litres<\/li>\n<li>Volume congel\u00e9 total (EN62552) : 6,1 litres<\/li>\n<\/ul>\n<p>Ce r\u00e9frig\u00e9rateur Dometic NRX est con\u00e7u pour r\u00e9pondre \u00e0 vos besoins de refroidissement tout en assurant efficacit\u00e9 \u00e9nerg\u00e9tique et commodit\u00e9.<\/p>\n","protected":false},"excerpt":{"rendered":"<p>R\u00e9frig\u00e9rateur Dometic NRX 60C &#8211; Les r\u00e9frig\u00e9rateurs Dometic NRX (12\/24V) disposent d&#8217;une unit\u00e9 de refroidissement externe \u00e0 vitesse variable qui<\/p>\n","protected":false},"featured_media":5948768,"comment_status":"open","ping_status":"closed","template":"","meta":[],"product_brand":[2894],"product_cat":[1177],"product_tag":[],"class_list":{"0":"post-732120","1":"product","2":"type-product","3":"status-publish","4":"has-post-thumbnail","6":"product_brand-dometic-fr","7":"product_cat-refrigerateurs-et-congelateurs","9":"first","10":"instock","11":"shipping-taxable","12":"purchasable","13":"product-type-simple"},"_links":{"self":[{"href":"https:\/\/stoic-curie.212-227-153-4.plesk.page\/fr\/wp-json\/wp\/v2\/product\/732120","targetHints":{"allow":["GET"]}}],"collection":[{"href":"https:\/\/stoic-curie.212-227-153-4.plesk.page\/fr\/wp-json\/wp\/v2\/product"}],"about":[{"href":"https:\/\/stoic-curie.212-227-153-4.plesk.page\/fr\/wp-json\/wp\/v2\/types\/product"}],"replies":[{"embeddable":true,"href":"https:\/\/stoic-curie.212-227-153-4.plesk.page\/fr\/wp-json\/wp\/v2\/comments?post=732120"}],"version-history":[{"count":0,"href":"https:\/\/stoic-curie.212-227-153-4.plesk.page\/fr\/wp-json\/wp\/v2\/product\/732120\/revisions"}],"wp:featuredmedia":[{"embeddable":true,"href":"https:\/\/stoic-curie.212-227-153-4.plesk.page\/fr\/wp-json\/wp\/v2\/media\/5948768"}],"wp:attachment":[{"href":"https:\/\/stoic-curie.212-227-153-4.plesk.page\/fr\/wp-json\/wp\/v2\/media?parent=732120"}],"wp:term":[{"taxonomy":"product_brand","embeddable":true,"href":"https:\/\/stoic-curie.212-227-153-4.plesk.page\/fr\/wp-json\/wp\/v2\/product_brand?post=732120"},{"taxonomy":"product_cat","embeddable":true,"href":"https:\/\/stoic-curie.212-227-153-4.plesk.page\/fr\/wp-json\/wp\/v2\/product_cat?post=732120"},{"taxonomy":"product_tag","embeddable":true,"href":"https:\/\/stoic-curie.212-227-153-4.plesk.page\/fr\/wp-json\/wp\/v2\/product_tag?post=732120"}],"curies":[{"name":"wp","href":"https:\/\/api.w.org\/{rel}","templated":true}]}}