{"id":732121,"date":"2025-03-03T16:14:13","date_gmt":"2025-03-03T15:14:13","guid":{"rendered":"https:\/\/stoic-curie.212-227-153-4.plesk.page\/producto\/dometic-nrx-80\/"},"modified":"2026-02-24T23:08:54","modified_gmt":"2026-02-24T23:08:54","slug":"dometic-nrx-80","status":"publish","type":"product","link":"https:\/\/stoic-curie.212-227-153-4.plesk.page\/fr\/product\/dometic-nrx-80\/","title":{"rendered":"R\u00e9frig\u00e9rateur Dometic NRX 80C"},"content":{"rendered":"<p>R\u00e9frig\u00e9rateur Dometic NRX 80C &#8211; <\/p>\n<p style=\"color: rgb(34, 34, 34); font-family: Arial, Helvetica, sans-serif; font-size: small;\">Nous vous pr\u00e9sentons un design frais avec une efficacit\u00e9 \u00e9nerg\u00e9tique exceptionnelle. Ce r\u00e9frig\u00e9rateur \u00e0 compresseur intelligent offre 75 litres de stockage frais. Sa porte \u00e9l\u00e9gante sans cadre pr\u00e9sente un panneau avant argent fonc\u00e9 et une poign\u00e9e pratique sur toute la largeur, r\u00e9v\u00e9lant un int\u00e9rieur polyvalent. Vous pouvez facilement retirer le compartiment \u00e0 cong\u00e9lateur de 6,1 litres pour maximiser la capacit\u00e9 de refroidissement du r\u00e9frig\u00e9rateur ou pour stocker des aliments congel\u00e9s pendant quelques jours.<\/p>\n<p style=\"color: rgb(34, 34, 34); font-family: Arial, Helvetica, sans-serif; font-size: small;\">Ce r\u00e9frig\u00e9rateur Dometic NRX fonctionne sur 12\/24V et comprend une unit\u00e9 de refroidissement \u00e0 vitesse variable externe qui consomme 25 % d&#8217;\u00e9nergie en moins. Le panneau de contr\u00f4le tactile convivial vous permet de s\u00e9lectionner uniquement le refroidissement, uniquement la cong\u00e9lation ou les deux fonctions simultan\u00e9ment. D&#8217;autres caract\u00e9ristiques incluent un \u00e9clairage LED, une poign\u00e9e pleine largeur et des options pour des cadres d&#8217;installation standard ou affleurants.<\/p>\n<p style=\"color: rgb(34, 34, 34); font-family: Arial, Helvetica, sans-serif; font-size: small;\"><strong>Caract\u00e9ristiques cl\u00e9s :<\/strong><\/p>\n<ul style=\"color: rgb(34, 34, 34); font-family: Arial, Helvetica, sans-serif; font-size: small;\">\n<li><strong>Panneau de contr\u00f4le facile \u00e0 utiliser :<\/strong> Simplifie le fonctionnement pour tous les utilisateurs.<\/li>\n<li><strong>Mode hiver :<\/strong> Aide \u00e0 maintenir la fra\u00eecheur pendant les mois froids.<\/li>\n<li><strong>Compresseur Dometic Premium :<\/strong> Assure des performances fiables.<\/li>\n<li><strong>Solution de refroidissement 3 en 1 :<\/strong> Fonctionne comme un r\u00e9frig\u00e9rateur, un cong\u00e9lateur ou les deux simultan\u00e9ment.<\/li>\n<li><strong>Compresseur \u00e9conome en \u00e9nergie :<\/strong> Offre trois modes de fonctionnement : \u00c9co, Boost et Silencieux.<\/li>\n<li><strong>Design de porte sans cadre :<\/strong> Am\u00e9liore l&#8217;esth\u00e9tique avec un panneau avant argent fonc\u00e9 et une poign\u00e9e sur toute la largeur.<\/li>\n<li><strong>Panneau arri\u00e8re \u00e0 biseau \u00e9conomiseur d&#8217;espace :<\/strong> Maximise l&#8217;utilisation de l&#8217;espace \u00e0 bord.<\/li>\n<li><strong>Charni\u00e8re de porte r\u00e9versible :<\/strong> Peut \u00eatre ajust\u00e9e pour s&#8217;ouvrir \u00e0 gauche ou \u00e0 droite selon les besoins.<\/li>\n<li><strong>Verrouillage double fonction :<\/strong> Sert \u00e0 la fois de verrou et de ventilation pour le r\u00e9frig\u00e9rateur.<\/li>\n<li><strong>Options de cadre d&#8217;installation :<\/strong> Disponibles dans des styles standard ou affleurants.<\/li>\n<\/ul>\n<p style=\"color: rgb(34, 34, 34); font-family: Arial, Helvetica, sans-serif; font-size: small;\"><strong>Sp\u00e9cifications :<\/strong><\/p>\n<ul style=\"color: rgb(34, 34, 34); font-family: Arial, Helvetica, sans-serif; font-size: small;\">\n<li><strong>Tension :<\/strong> 12\/24V<\/li>\n<li><strong>Protection de la batterie (12V) :<\/strong>\n<ul>\n<li>Tension de coupure : 10,4V<\/li>\n<li>Tension de r\u00e9insertion : 11,7V<\/li>\n<\/ul>\n<\/li>\n<li><strong>Protection de la batterie (24V) :<\/strong>\n<ul>\n<li>Tension de coupure : 22,8V<\/li>\n<li>Tension de r\u00e9insertion : 24,2V<\/li>\n<\/ul>\n<\/li>\n<li><strong>Plage de temp\u00e9rature de stockage :<\/strong>\n<ul>\n<li>R\u00e9frig\u00e9rateur : de 0\u00b0C \u00e0 +12\u00b0C<\/li>\n<li>Compartiment cong\u00e9lateur : de -15\u00b0C \u00e0 -5\u00b0C<\/li>\n<li>Mode Cong\u00e9lateur : -6\u00b0C<\/li>\n<\/ul>\n<\/li>\n<li><strong>Temp\u00e9rature ambiante d&#8217;utilisation pr\u00e9vue :<\/strong> +16\u00b0C \u00e0 +43\u00b0C<\/li>\n<li><strong>Poids net :<\/strong> 20 kg<\/li>\n<li><strong>Capacit\u00e9 :<\/strong>\n<ul>\n<li>Compartiment r\u00e9frig\u00e9rateur : 68,4L<\/li>\n<li>Compartiment cong\u00e9lateur : 6,6L<\/li>\n<li>Capacit\u00e9 totale : 75L<\/li>\n<li>Capacit\u00e9 totale (sans compartiment cong\u00e9lateur) : 78L<\/li>\n<\/ul>\n<\/li>\n<\/ul>\n<p style=\"color: rgb(34, 34, 34); font-family: Arial, Helvetica, sans-serif; font-size: small;\">Ce r\u00e9frig\u00e9rateur allie un design moderne \u00e0 des fonctionnalit\u00e9s pratiques, ce qui en fait un excellent choix pour vos besoins de refroidissement \u00e0 bord.<\/p>\n","protected":false},"excerpt":{"rendered":"<p>R\u00e9frig\u00e9rateur Dometic NRX 80C &#8211; Nous vous pr\u00e9sentons un design frais avec une efficacit\u00e9 \u00e9nerg\u00e9tique exceptionnelle. Ce r\u00e9frig\u00e9rateur \u00e0 compresseur<\/p>\n","protected":false},"featured_media":5948768,"comment_status":"open","ping_status":"closed","template":"","meta":[],"product_brand":[2894],"product_cat":[1177],"product_tag":[],"class_list":{"0":"post-732121","1":"product","2":"type-product","3":"status-publish","4":"has-post-thumbnail","6":"product_brand-dometic-fr","7":"product_cat-refrigerateurs-et-congelateurs","9":"first","10":"instock","11":"shipping-taxable","12":"purchasable","13":"product-type-simple"},"_links":{"self":[{"href":"https:\/\/stoic-curie.212-227-153-4.plesk.page\/fr\/wp-json\/wp\/v2\/product\/732121","targetHints":{"allow":["GET"]}}],"collection":[{"href":"https:\/\/stoic-curie.212-227-153-4.plesk.page\/fr\/wp-json\/wp\/v2\/product"}],"about":[{"href":"https:\/\/stoic-curie.212-227-153-4.plesk.page\/fr\/wp-json\/wp\/v2\/types\/product"}],"replies":[{"embeddable":true,"href":"https:\/\/stoic-curie.212-227-153-4.plesk.page\/fr\/wp-json\/wp\/v2\/comments?post=732121"}],"version-history":[{"count":0,"href":"https:\/\/stoic-curie.212-227-153-4.plesk.page\/fr\/wp-json\/wp\/v2\/product\/732121\/revisions"}],"wp:featuredmedia":[{"embeddable":true,"href":"https:\/\/stoic-curie.212-227-153-4.plesk.page\/fr\/wp-json\/wp\/v2\/media\/5948768"}],"wp:attachment":[{"href":"https:\/\/stoic-curie.212-227-153-4.plesk.page\/fr\/wp-json\/wp\/v2\/media?parent=732121"}],"wp:term":[{"taxonomy":"product_brand","embeddable":true,"href":"https:\/\/stoic-curie.212-227-153-4.plesk.page\/fr\/wp-json\/wp\/v2\/product_brand?post=732121"},{"taxonomy":"product_cat","embeddable":true,"href":"https:\/\/stoic-curie.212-227-153-4.plesk.page\/fr\/wp-json\/wp\/v2\/product_cat?post=732121"},{"taxonomy":"product_tag","embeddable":true,"href":"https:\/\/stoic-curie.212-227-153-4.plesk.page\/fr\/wp-json\/wp\/v2\/product_tag?post=732121"}],"curies":[{"name":"wp","href":"https:\/\/api.w.org\/{rel}","templated":true}]}}