{"id":732122,"date":"2025-03-03T16:14:13","date_gmt":"2025-03-03T15:14:13","guid":{"rendered":"https:\/\/stoic-curie.212-227-153-4.plesk.page\/producto\/dometic-nrx-115\/"},"modified":"2026-02-24T23:08:54","modified_gmt":"2026-02-24T23:08:54","slug":"dometic-nrx-115","status":"publish","type":"product","link":"https:\/\/stoic-curie.212-227-153-4.plesk.page\/fr\/product\/dometic-nrx-115\/","title":{"rendered":"R\u00e9frig\u00e9rateur Dometic NRX 115C"},"content":{"rendered":"<p>R\u00e9frig\u00e9rateur Dometic NRX 115C &#8211; <\/p>\n<p style=\"color: rgb(34, 34, 34); font-family: Arial, Helvetica, sans-serif; font-size: small;\">Les r\u00e9frig\u00e9rateurs Dometic NRX (12\/24V) sont con\u00e7us avec une unit\u00e9 de refroidissement \u00e0 vitesse variable externe, non amovible, qui r\u00e9duit efficacement la consommation d&#8217;\u00e9nergie de 25 %. Ce mod\u00e8le dispose d&#8217;un compartiment cong\u00e9lateur amovible, et son panneau de contr\u00f4le tactile convivial permet aux utilisateurs de choisir entre le refroidissement, la cong\u00e9lation ou d&#8217;utiliser les deux fonctions simultan\u00e9ment. De plus, il est \u00e9quip\u00e9 d&#8217;une lampe LED, d&#8217;une poign\u00e9e pleine largeur et d&#8217;un panneau avant gris fonc\u00e9, avec la possibilit\u00e9 d&#8217;acheter un cadre d&#8217;installation standard ou de montage affleurant comme accessoire.<\/p>\n<p style=\"color: rgb(34, 34, 34); font-family: Arial, Helvetica, sans-serif; font-size: small;\">Ce r\u00e9frig\u00e9rateur allie une esth\u00e9tique contemporaine \u00e0 une efficacit\u00e9 \u00e9nerg\u00e9tique exceptionnelle, offrant un espace de stockage r\u00e9frig\u00e9r\u00e9 de 113 litres. La porte \u00e9l\u00e9gante sans cadre, qui int\u00e8gre un panneau avant gris fonc\u00e9 et une poign\u00e9e pratique pleine largeur, s&#8217;ouvre pour r\u00e9v\u00e9ler un int\u00e9rieur flexible. Le compartiment cong\u00e9lateur de 8,2 litres est facilement amovible, ce qui permet de maximiser la capacit\u00e9 de r\u00e9frig\u00e9ration ou la conservation d&#8217;un \u00e0 un \u00e9toile, id\u00e9ale pour conserver des articles congel\u00e9s pendant plusieurs jours.<\/p>\n<p style=\"color: rgb(34, 34, 34); font-family: Arial, Helvetica, sans-serif; font-size: small;\">Caract\u00e9ristiques notables :<\/p>\n<ul style=\"color: rgb(34, 34, 34); font-family: Arial, Helvetica, sans-serif; font-size: small;\">\n<li>Compresseur de haute qualit\u00e9 assurant des performances fiables<\/li>\n<li>Panneau de contr\u00f4le intuitif pour un usage facile<\/li>\n<li>Deux tiroirs\u00e0 l\u00e9gumes pour une organisation efficace<\/li>\n<li>Accessible sous n&#8217;importe quel angle pour plus de commodit\u00e9<\/li>\n<li>Cong\u00e9lateur amovible pour des solutions de stockage flexibles<\/li>\n<li>Int\u00e9rieur bien con\u00e7u r\u00e9pondant \u00e0 des besoins de stockage vari\u00e9s<\/li>\n<\/ul>\n<p style=\"color: rgb(34, 34, 34); font-family: Arial, Helvetica, sans-serif; font-size: small;\">Ce r\u00e9frig\u00e9rateur agit comme une solution de refroidissement polyvalente 3 en 1, capable de fonctionner \u00e0 la fois comme r\u00e9frig\u00e9rateur, cong\u00e9lateur ou les deux \u00e0 la fois. Il est \u00e9quip\u00e9 d&#8217;un compresseur premium \u00e9conome en \u00e9nergie avec trois modes de fonctionnement : \u00c9conomie, Boost et Silencieux.<\/p>\n<p style=\"color: rgb(34, 34, 34); font-family: Arial, Helvetica, sans-serif; font-size: small;\">Des attributs suppl\u00e9mentaires incluent :<\/p>\n<ul style=\"color: rgb(34, 34, 34); font-family: Arial, Helvetica, sans-serif; font-size: small;\">\n<li>Une porte sans cadre avec un panneau avant gris fonc\u00e9 et une poign\u00e9e pleine largeur<\/li>\n<li>Un c\u00f4t\u00e9 arri\u00e8re biseaut\u00e9 con\u00e7u pour une utilisation optimale de l&#8217;espace \u00e0 bord<\/li>\n<li>Une charni\u00e8re de porte r\u00e9versible qui peut \u00eatre ajust\u00e9e pour s&#8217;ouvrir \u00e0 gauche ou \u00e0 droite selon les besoins<\/li>\n<li>Des verrous \u00e0 double fonction qui servent \u00e9galement de \u00e9vents pour am\u00e9liorer le flux d&#8217;air \u00e0 l&#8217;int\u00e9rieur du r\u00e9frig\u00e9rateur<\/li>\n<\/ul>\n<p><span style=\"color: rgb(34, 34, 34); font-family: Arial, Helvetica, sans-serif; font-size: small;\">Un cadre d&#8217;installation standard ou affleurant est disponible comme accessoire pour faciliter les options d&#8217;installation.<\/span><\/p>\n","protected":false},"excerpt":{"rendered":"<p>R\u00e9frig\u00e9rateur Dometic NRX 115C &#8211; Les r\u00e9frig\u00e9rateurs Dometic NRX (12\/24V) sont con\u00e7us avec une unit\u00e9 de refroidissement \u00e0 vitesse variable<\/p>\n","protected":false},"featured_media":5948768,"comment_status":"open","ping_status":"closed","template":"","meta":[],"product_brand":[2894],"product_cat":[1177],"product_tag":[],"class_list":{"0":"post-732122","1":"product","2":"type-product","3":"status-publish","4":"has-post-thumbnail","6":"product_brand-dometic-fr","7":"product_cat-refrigerateurs-et-congelateurs","9":"first","10":"instock","11":"shipping-taxable","12":"purchasable","13":"product-type-simple"},"_links":{"self":[{"href":"https:\/\/stoic-curie.212-227-153-4.plesk.page\/fr\/wp-json\/wp\/v2\/product\/732122","targetHints":{"allow":["GET"]}}],"collection":[{"href":"https:\/\/stoic-curie.212-227-153-4.plesk.page\/fr\/wp-json\/wp\/v2\/product"}],"about":[{"href":"https:\/\/stoic-curie.212-227-153-4.plesk.page\/fr\/wp-json\/wp\/v2\/types\/product"}],"replies":[{"embeddable":true,"href":"https:\/\/stoic-curie.212-227-153-4.plesk.page\/fr\/wp-json\/wp\/v2\/comments?post=732122"}],"version-history":[{"count":0,"href":"https:\/\/stoic-curie.212-227-153-4.plesk.page\/fr\/wp-json\/wp\/v2\/product\/732122\/revisions"}],"wp:featuredmedia":[{"embeddable":true,"href":"https:\/\/stoic-curie.212-227-153-4.plesk.page\/fr\/wp-json\/wp\/v2\/media\/5948768"}],"wp:attachment":[{"href":"https:\/\/stoic-curie.212-227-153-4.plesk.page\/fr\/wp-json\/wp\/v2\/media?parent=732122"}],"wp:term":[{"taxonomy":"product_brand","embeddable":true,"href":"https:\/\/stoic-curie.212-227-153-4.plesk.page\/fr\/wp-json\/wp\/v2\/product_brand?post=732122"},{"taxonomy":"product_cat","embeddable":true,"href":"https:\/\/stoic-curie.212-227-153-4.plesk.page\/fr\/wp-json\/wp\/v2\/product_cat?post=732122"},{"taxonomy":"product_tag","embeddable":true,"href":"https:\/\/stoic-curie.212-227-153-4.plesk.page\/fr\/wp-json\/wp\/v2\/product_tag?post=732122"}],"curies":[{"name":"wp","href":"https:\/\/api.w.org\/{rel}","templated":true}]}}