{"id":732123,"date":"2025-03-03T16:14:13","date_gmt":"2025-03-03T15:14:13","guid":{"rendered":"https:\/\/stoic-curie.212-227-153-4.plesk.page\/producto\/projecteur-oceanled-11-rc-sans-fil-12v\/"},"modified":"2026-02-24T23:08:54","modified_gmt":"2026-02-24T23:08:54","slug":"projecteur-oceanled-11-rc-sans-fil-12v","status":"publish","type":"product","link":"https:\/\/stoic-curie.212-227-153-4.plesk.page\/fr\/product\/projecteur-oceanled-11-rc-sans-fil-12v\/","title":{"rendered":"Projecteur Oceanled 11-rc Sans Fil 12v"},"content":{"rendered":"<p>Projecteur Oceanled 11-rc Sans Fil 12v &#8211; <\/p>\n<p>Projecteur LED ajustable sans fil avec bo\u00eetier en polym\u00e8re r\u00e9sistant aux chocs et aux UV, \u00e9tanche. Fourni avec t\u00e9l\u00e9commande portable et r\u00e9cepteur Plug and Play jusqu&#8217;\u00e0 35 m. Avec combinaison de lumi\u00e8re double : mode spot et mode floodlight. Dimensions 230 x 185 x H210 mm, consommation 25\/15W (12\/24V)<\/p>\n","protected":false},"excerpt":{"rendered":"<p>Projecteur Oceanled 11-rc Sans Fil 12v &#8211; Projecteur LED ajustable sans fil avec bo\u00eetier en polym\u00e8re r\u00e9sistant aux chocs et<\/p>\n","protected":false},"featured_media":5948779,"comment_status":"open","ping_status":"closed","template":"","meta":[],"product_brand":[3139],"product_cat":[1160],"product_tag":[],"class_list":{"0":"post-732123","1":"product","2":"type-product","3":"status-publish","4":"has-post-thumbnail","6":"product_brand-matromarine-fr","7":"product_cat-projecteurs","9":"first","10":"instock","11":"shipping-taxable","12":"purchasable","13":"product-type-simple"},"_links":{"self":[{"href":"https:\/\/stoic-curie.212-227-153-4.plesk.page\/fr\/wp-json\/wp\/v2\/product\/732123","targetHints":{"allow":["GET"]}}],"collection":[{"href":"https:\/\/stoic-curie.212-227-153-4.plesk.page\/fr\/wp-json\/wp\/v2\/product"}],"about":[{"href":"https:\/\/stoic-curie.212-227-153-4.plesk.page\/fr\/wp-json\/wp\/v2\/types\/product"}],"replies":[{"embeddable":true,"href":"https:\/\/stoic-curie.212-227-153-4.plesk.page\/fr\/wp-json\/wp\/v2\/comments?post=732123"}],"version-history":[{"count":0,"href":"https:\/\/stoic-curie.212-227-153-4.plesk.page\/fr\/wp-json\/wp\/v2\/product\/732123\/revisions"}],"wp:featuredmedia":[{"embeddable":true,"href":"https:\/\/stoic-curie.212-227-153-4.plesk.page\/fr\/wp-json\/wp\/v2\/media\/5948779"}],"wp:attachment":[{"href":"https:\/\/stoic-curie.212-227-153-4.plesk.page\/fr\/wp-json\/wp\/v2\/media?parent=732123"}],"wp:term":[{"taxonomy":"product_brand","embeddable":true,"href":"https:\/\/stoic-curie.212-227-153-4.plesk.page\/fr\/wp-json\/wp\/v2\/product_brand?post=732123"},{"taxonomy":"product_cat","embeddable":true,"href":"https:\/\/stoic-curie.212-227-153-4.plesk.page\/fr\/wp-json\/wp\/v2\/product_cat?post=732123"},{"taxonomy":"product_tag","embeddable":true,"href":"https:\/\/stoic-curie.212-227-153-4.plesk.page\/fr\/wp-json\/wp\/v2\/product_tag?post=732123"}],"curies":[{"name":"wp","href":"https:\/\/api.w.org\/{rel}","templated":true}]}}