{"id":732125,"date":"2025-03-03T16:14:14","date_gmt":"2025-03-03T15:14:14","guid":{"rendered":"https:\/\/stoic-curie.212-227-153-4.plesk.page\/producto\/convertisseur-seatalk-raymarine\/"},"modified":"2026-02-24T23:08:54","modified_gmt":"2026-02-24T23:08:54","slug":"convertisseur-seatalk-raymarine","status":"publish","type":"product","link":"https:\/\/stoic-curie.212-227-153-4.plesk.page\/fr\/product\/convertisseur-seatalk-raymarine\/","title":{"rendered":"Convertisseur Seatalk Raymarine"},"content":{"rendered":"<p>Convertisseur Seatalk Raymarine &#8211; <\/p>\n<p>Pack de pilote automatique hydraulique Raymarine Evolution EV-200 pour bateaux \u00e0 moteur. Comprend l&#8217;ordinateur de cap ACU-200, l&#8217;unit\u00e9 de contr\u00f4le p70Rs et une pompe hydraulique de type 1 supportant 80 &#8211; 230 cc. Capable de d\u00e9tecter les param\u00e8tres environnementaux et de calculer rapidement les meilleurs r\u00e9glages pour atteindre des performances maximales. Le r\u00e9sultat est un maintien de cap pr\u00e9cis et fiable, quelles que soient la vitesse du bateau ou les conditions maritimes. Sans proc\u00e9dure d&#8217;apprentissage compliqu\u00e9e ni calibration de compas, mais dot\u00e9 d&#8217;une calibration automatique et d&#8217;une surveillance pr\u00e9cise \u00e0 9 axes de la proue, du roulis et du tangage. La t\u00e9l\u00e9commande sans fil S100 en option est \u00e9quip\u00e9e d&#8217;un r\u00e9cepteur de station de base et doit \u00eatre reli\u00e9e au pilote automatique via le convertisseur Seatalk1>NG.<\/p>\n","protected":false},"excerpt":{"rendered":"<p>Convertisseur Seatalk Raymarine &#8211; Pack de pilote automatique hydraulique Raymarine Evolution EV-200 pour bateaux \u00e0 moteur. Comprend l&#8217;ordinateur de cap<\/p>\n","protected":false},"featured_media":5948781,"comment_status":"open","ping_status":"closed","template":"","meta":[],"product_brand":[3299],"product_cat":[1170],"product_tag":[],"class_list":{"0":"post-732125","1":"product","2":"type-product","3":"status-publish","4":"has-post-thumbnail","6":"product_brand-raymarine-fr","7":"product_cat-electronique","9":"first","10":"instock","11":"shipping-taxable","12":"purchasable","13":"product-type-simple"},"_links":{"self":[{"href":"https:\/\/stoic-curie.212-227-153-4.plesk.page\/fr\/wp-json\/wp\/v2\/product\/732125","targetHints":{"allow":["GET"]}}],"collection":[{"href":"https:\/\/stoic-curie.212-227-153-4.plesk.page\/fr\/wp-json\/wp\/v2\/product"}],"about":[{"href":"https:\/\/stoic-curie.212-227-153-4.plesk.page\/fr\/wp-json\/wp\/v2\/types\/product"}],"replies":[{"embeddable":true,"href":"https:\/\/stoic-curie.212-227-153-4.plesk.page\/fr\/wp-json\/wp\/v2\/comments?post=732125"}],"version-history":[{"count":0,"href":"https:\/\/stoic-curie.212-227-153-4.plesk.page\/fr\/wp-json\/wp\/v2\/product\/732125\/revisions"}],"wp:featuredmedia":[{"embeddable":true,"href":"https:\/\/stoic-curie.212-227-153-4.plesk.page\/fr\/wp-json\/wp\/v2\/media\/5948781"}],"wp:attachment":[{"href":"https:\/\/stoic-curie.212-227-153-4.plesk.page\/fr\/wp-json\/wp\/v2\/media?parent=732125"}],"wp:term":[{"taxonomy":"product_brand","embeddable":true,"href":"https:\/\/stoic-curie.212-227-153-4.plesk.page\/fr\/wp-json\/wp\/v2\/product_brand?post=732125"},{"taxonomy":"product_cat","embeddable":true,"href":"https:\/\/stoic-curie.212-227-153-4.plesk.page\/fr\/wp-json\/wp\/v2\/product_cat?post=732125"},{"taxonomy":"product_tag","embeddable":true,"href":"https:\/\/stoic-curie.212-227-153-4.plesk.page\/fr\/wp-json\/wp\/v2\/product_tag?post=732125"}],"curies":[{"name":"wp","href":"https:\/\/api.w.org\/{rel}","templated":true}]}}