{"id":732130,"date":"2025-03-03T16:14:15","date_gmt":"2025-03-03T15:14:15","guid":{"rendered":"https:\/\/stoic-curie.212-227-153-4.plesk.page\/producto\/ruban-antiderapant-3m-gris-5cm-x-18mt\/"},"modified":"2026-02-24T23:08:54","modified_gmt":"2026-02-24T23:08:54","slug":"ruban-antiderapant-3m-gris-5cm-x-18mt","status":"publish","type":"product","link":"https:\/\/stoic-curie.212-227-153-4.plesk.page\/fr\/product\/ruban-antiderapant-3m-gris-5cm-x-18mt\/","title":{"rendered":"Ruban antid\u00e9rapant 3M Gris 5cm x 18mt"},"content":{"rendered":"<p>Ruban antid\u00e9rapant 3M Gris 5cm x 18mt &#8211; <\/p>\n<p>Bandes adh\u00e9sives antid\u00e9rapantes 3M Safety-Walk, sp\u00e9cialement con\u00e7ues pour l&#8217;ext\u00e9rieur et r\u00e9sistantes aux environnements marins. Convient pour les piscines, les \u00e9chelles, les marches, les bateaux, les canots, les scooters des mers et les quais. Fabriqu\u00e9es avec des granul\u00e9s de r\u00e9sine \u00e0 texture fine sur un support en polyester robuste, elles sont hygi\u00e9niques et confortables pour les pieds nus.<\/p>\n","protected":false},"excerpt":{"rendered":"<p>Ruban antid\u00e9rapant 3M Gris 5cm x 18mt &#8211; Bandes adh\u00e9sives antid\u00e9rapantes 3M Safety-Walk, sp\u00e9cialement con\u00e7ues pour l&#8217;ext\u00e9rieur et r\u00e9sistantes aux<\/p>\n","protected":false},"featured_media":5948785,"comment_status":"open","ping_status":"closed","template":"","meta":[],"product_brand":[3544],"product_cat":[1055],"product_tag":[],"class_list":{"0":"post-732130","1":"product","2":"type-product","3":"status-publish","4":"has-post-thumbnail","6":"product_brand-3m-marine-hr-fr","7":"product_cat-rubans-et-revetements-antiderapants","9":"first","10":"instock","11":"shipping-taxable","12":"purchasable","13":"product-type-simple"},"_links":{"self":[{"href":"https:\/\/stoic-curie.212-227-153-4.plesk.page\/fr\/wp-json\/wp\/v2\/product\/732130","targetHints":{"allow":["GET"]}}],"collection":[{"href":"https:\/\/stoic-curie.212-227-153-4.plesk.page\/fr\/wp-json\/wp\/v2\/product"}],"about":[{"href":"https:\/\/stoic-curie.212-227-153-4.plesk.page\/fr\/wp-json\/wp\/v2\/types\/product"}],"replies":[{"embeddable":true,"href":"https:\/\/stoic-curie.212-227-153-4.plesk.page\/fr\/wp-json\/wp\/v2\/comments?post=732130"}],"version-history":[{"count":0,"href":"https:\/\/stoic-curie.212-227-153-4.plesk.page\/fr\/wp-json\/wp\/v2\/product\/732130\/revisions"}],"wp:featuredmedia":[{"embeddable":true,"href":"https:\/\/stoic-curie.212-227-153-4.plesk.page\/fr\/wp-json\/wp\/v2\/media\/5948785"}],"wp:attachment":[{"href":"https:\/\/stoic-curie.212-227-153-4.plesk.page\/fr\/wp-json\/wp\/v2\/media?parent=732130"}],"wp:term":[{"taxonomy":"product_brand","embeddable":true,"href":"https:\/\/stoic-curie.212-227-153-4.plesk.page\/fr\/wp-json\/wp\/v2\/product_brand?post=732130"},{"taxonomy":"product_cat","embeddable":true,"href":"https:\/\/stoic-curie.212-227-153-4.plesk.page\/fr\/wp-json\/wp\/v2\/product_cat?post=732130"},{"taxonomy":"product_tag","embeddable":true,"href":"https:\/\/stoic-curie.212-227-153-4.plesk.page\/fr\/wp-json\/wp\/v2\/product_tag?post=732130"}],"curies":[{"name":"wp","href":"https:\/\/api.w.org\/{rel}","templated":true}]}}