{"id":732131,"date":"2025-03-03T16:14:15","date_gmt":"2025-03-03T15:14:15","guid":{"rendered":"https:\/\/stoic-curie.212-227-153-4.plesk.page\/producto\/revetement-isolant-legetolex-60-x-100cm\/"},"modified":"2026-02-24T23:08:54","modified_gmt":"2026-02-24T23:08:54","slug":"revetement-isolant-legetolex-60-x-100cm","status":"publish","type":"product","link":"https:\/\/stoic-curie.212-227-153-4.plesk.page\/fr\/product\/revetement-isolant-legetolex-60-x-100cm\/","title":{"rendered":"Rev\u00eatement isolant Legetolex 60 x 100cm"},"content":{"rendered":"<p>Rev\u00eatement isolant Legetolex 60 x 100cm &#8211; <\/p>\n<p>Panneau isolant adh\u00e9sif en compos\u00e9 de caoutchouc et en lamin\u00e9 aluminium, offrant de grandes propri\u00e9t\u00e9s d&#8217;amortissement des vibrations ainsi qu&#8217;une r\u00e9sistance \u00e0 la temp\u00e9rature et au feu. L&#8217;adh\u00e9sif garantit une tenue forte et solide m\u00eame sur des surfaces non optimales pr\u00e9sentant de la poussi\u00e8re et de l&#8217;humidit\u00e9. Facile \u00e0 appliquer \u00e0 la main, il peut \u00eatre d\u00e9coup\u00e9 et fa\u00e7onn\u00e9 en fonction de la surface \u00e0 recouvrir.<\/p>\n","protected":false},"excerpt":{"rendered":"<p>Rev\u00eatement isolant Legetolex 60 x 100cm &#8211; Panneau isolant adh\u00e9sif en compos\u00e9 de caoutchouc et en lamin\u00e9 aluminium, offrant de<\/p>\n","protected":false},"featured_media":5948792,"comment_status":"open","ping_status":"closed","template":"","meta":[],"product_brand":[3289],"product_cat":[1236],"product_tag":[],"class_list":{"0":"post-732131","1":"product","2":"type-product","3":"status-publish","4":"has-post-thumbnail","6":"product_brand-quietlife-fr","7":"product_cat-isolation-et-insonorisation","9":"first","10":"instock","11":"shipping-taxable","12":"purchasable","13":"product-type-simple"},"_links":{"self":[{"href":"https:\/\/stoic-curie.212-227-153-4.plesk.page\/fr\/wp-json\/wp\/v2\/product\/732131","targetHints":{"allow":["GET"]}}],"collection":[{"href":"https:\/\/stoic-curie.212-227-153-4.plesk.page\/fr\/wp-json\/wp\/v2\/product"}],"about":[{"href":"https:\/\/stoic-curie.212-227-153-4.plesk.page\/fr\/wp-json\/wp\/v2\/types\/product"}],"replies":[{"embeddable":true,"href":"https:\/\/stoic-curie.212-227-153-4.plesk.page\/fr\/wp-json\/wp\/v2\/comments?post=732131"}],"version-history":[{"count":0,"href":"https:\/\/stoic-curie.212-227-153-4.plesk.page\/fr\/wp-json\/wp\/v2\/product\/732131\/revisions"}],"wp:featuredmedia":[{"embeddable":true,"href":"https:\/\/stoic-curie.212-227-153-4.plesk.page\/fr\/wp-json\/wp\/v2\/media\/5948792"}],"wp:attachment":[{"href":"https:\/\/stoic-curie.212-227-153-4.plesk.page\/fr\/wp-json\/wp\/v2\/media?parent=732131"}],"wp:term":[{"taxonomy":"product_brand","embeddable":true,"href":"https:\/\/stoic-curie.212-227-153-4.plesk.page\/fr\/wp-json\/wp\/v2\/product_brand?post=732131"},{"taxonomy":"product_cat","embeddable":true,"href":"https:\/\/stoic-curie.212-227-153-4.plesk.page\/fr\/wp-json\/wp\/v2\/product_cat?post=732131"},{"taxonomy":"product_tag","embeddable":true,"href":"https:\/\/stoic-curie.212-227-153-4.plesk.page\/fr\/wp-json\/wp\/v2\/product_tag?post=732131"}],"curies":[{"name":"wp","href":"https:\/\/api.w.org\/{rel}","templated":true}]}}