{"id":732132,"date":"2025-03-03T16:14:15","date_gmt":"2025-03-03T15:14:15","guid":{"rendered":"https:\/\/stoic-curie.212-227-153-4.plesk.page\/producto\/ancre-inox-quick-olympic-7kg\/"},"modified":"2026-02-24T23:08:54","modified_gmt":"2026-02-24T23:08:54","slug":"ancre-inox-quick-olympic-7kg","status":"publish","type":"product","link":"https:\/\/stoic-curie.212-227-153-4.plesk.page\/fr\/product\/ancre-inox-quick-olympic-7kg\/","title":{"rendered":"Ancre Inox Quick Olympic 7kg"},"content":{"rendered":"<p>Ancre Inox Quick Olympic 7kg &#8211; <\/p>\n<p style=\"color: rgb(34, 34, 34); font-family: Arial, Helvetica, sans-serif; font-size: small;\">Nous vous pr\u00e9sentons l&#8217;ancre Quick Olympic, pesant 7 kg (20 lb) et fabriqu\u00e9e en acier inoxydable AISI 316 poli. Cette ancre est dot\u00e9e d&#8217;un bras en forme de charrue, con\u00e7u pour une performance \u00e9lev\u00e9e et un excellent rapport poids\/masse. Ses ailerons stabilisateurs et la distribution optimale du poids assurent une p\u00e9n\u00e9tration profonde dans le fond marin.<\/p>\n<p style=\"color: rgb(34, 34, 34); font-family: Arial, Helvetica, sans-serif; font-size: small;\">Le f\u00fbt compact est compatible avec la plupart des rouleaux disponibles sur le march\u00e9. Il comprend un trou pour fixer la poign\u00e9e et une base renforc\u00e9e, offrant une r\u00e9sistance exceptionnelle \u00e0 la traction lourde. L&#8217;\u0153illet est sp\u00e9cialement con\u00e7u pour r\u00e9sister \u00e0 des contraintes de traction \u00e9lev\u00e9es.<\/p>\n<p style=\"color: rgb(34, 34, 34); font-family: Arial, Helvetica, sans-serif; font-size: small;\"><strong>Sp\u00e9cifications de l&#8217;ancre :<\/strong><\/p>\n<ul style=\"color: rgb(34, 34, 34); font-family: Arial, Helvetica, sans-serif; font-size: small;\">\n<li><strong>Poids :<\/strong> 7 kg (20 lb)<\/li>\n<li><strong>Taille de cha\u00eene recommand\u00e9e :<\/strong> 6 mm (1\/4&#8243;)<\/li>\n<li><strong>Longueur du bateau :<\/strong> 6 m\u00e8tres (20 ft)<\/li>\n<li><strong>Poids du bateau :<\/strong> 1,8 tonne (2 tonnes US)<\/li>\n<li><strong>Mat\u00e9riau :<\/strong> Acier inoxydable AISI 316 avec finition polie<\/li>\n<\/ul>\n","protected":false},"excerpt":{"rendered":"<p>Ancre Inox Quick Olympic 7kg &#8211; Nous vous pr\u00e9sentons l&#8217;ancre Quick Olympic, pesant 7 kg (20 lb) et fabriqu\u00e9e en<\/p>\n","protected":false},"featured_media":5948759,"comment_status":"open","ping_status":"closed","template":"","meta":[],"product_brand":[3279],"product_cat":[1292],"product_tag":[],"class_list":{"0":"post-732132","1":"product","2":"type-product","3":"status-publish","4":"has-post-thumbnail","6":"product_brand-quick-fr","7":"product_cat-ancres-delta","9":"first","10":"instock","11":"shipping-taxable","12":"purchasable","13":"product-type-simple"},"_links":{"self":[{"href":"https:\/\/stoic-curie.212-227-153-4.plesk.page\/fr\/wp-json\/wp\/v2\/product\/732132","targetHints":{"allow":["GET"]}}],"collection":[{"href":"https:\/\/stoic-curie.212-227-153-4.plesk.page\/fr\/wp-json\/wp\/v2\/product"}],"about":[{"href":"https:\/\/stoic-curie.212-227-153-4.plesk.page\/fr\/wp-json\/wp\/v2\/types\/product"}],"replies":[{"embeddable":true,"href":"https:\/\/stoic-curie.212-227-153-4.plesk.page\/fr\/wp-json\/wp\/v2\/comments?post=732132"}],"version-history":[{"count":0,"href":"https:\/\/stoic-curie.212-227-153-4.plesk.page\/fr\/wp-json\/wp\/v2\/product\/732132\/revisions"}],"wp:featuredmedia":[{"embeddable":true,"href":"https:\/\/stoic-curie.212-227-153-4.plesk.page\/fr\/wp-json\/wp\/v2\/media\/5948759"}],"wp:attachment":[{"href":"https:\/\/stoic-curie.212-227-153-4.plesk.page\/fr\/wp-json\/wp\/v2\/media?parent=732132"}],"wp:term":[{"taxonomy":"product_brand","embeddable":true,"href":"https:\/\/stoic-curie.212-227-153-4.plesk.page\/fr\/wp-json\/wp\/v2\/product_brand?post=732132"},{"taxonomy":"product_cat","embeddable":true,"href":"https:\/\/stoic-curie.212-227-153-4.plesk.page\/fr\/wp-json\/wp\/v2\/product_cat?post=732132"},{"taxonomy":"product_tag","embeddable":true,"href":"https:\/\/stoic-curie.212-227-153-4.plesk.page\/fr\/wp-json\/wp\/v2\/product_tag?post=732132"}],"curies":[{"name":"wp","href":"https:\/\/api.w.org\/{rel}","templated":true}]}}